{"id":83003,"date":"2025-06-26T10:33:49","date_gmt":"2025-06-26T10:33:49","guid":{"rendered":"https:\/\/www.learntomove.se\/product\/foraldrautbildning-motorisk-utveckling-nyfodd-till-sex-manader\/"},"modified":"2026-04-14T13:46:01","modified_gmt":"2026-04-14T13:46:01","slug":"foraldrautbildning-motorisk-utveckling-nyfodd-till-sex-manader","status":"publish","type":"product","link":"https:\/\/www.learntomove.se\/sv\/produkt\/foraldrautbildning-motorisk-utveckling-nyfodd-till-sex-manader\/","title":{"rendered":"Motorisk utveckling 0-sex m\u00e5nader &#8211; en guide f\u00f6r f\u00f6r\u00e4ldrar"},"content":{"rendered":"","protected":false},"excerpt":{"rendered":"","protected":false},"featured_media":83376,"comment_status":"open","ping_status":"closed","template":"","meta":{"_et_pb_use_builder":"","_et_pb_old_content":"","_et_gb_content_width":""},"product_brand":[],"product_cat":[29],"product_tag":[],"class_list":{"0":"post-83003","1":"product","2":"type-product","3":"status-publish","4":"has-post-thumbnail","6":"product_cat-onlinekurser","8":"first","9":"instock","10":"virtual","11":"sold-individually","12":"taxable","13":"purchasable","14":"product-type-simple"},"jetpack_sharing_enabled":true,"_links":{"self":[{"href":"https:\/\/www.learntomove.se\/sv\/wp-json\/wp\/v2\/product\/83003","targetHints":{"allow":["GET"]}}],"collection":[{"href":"https:\/\/www.learntomove.se\/sv\/wp-json\/wp\/v2\/product"}],"about":[{"href":"https:\/\/www.learntomove.se\/sv\/wp-json\/wp\/v2\/types\/product"}],"replies":[{"embeddable":true,"href":"https:\/\/www.learntomove.se\/sv\/wp-json\/wp\/v2\/comments?post=83003"}],"wp:featuredmedia":[{"embeddable":true,"href":"https:\/\/www.learntomove.se\/sv\/wp-json\/wp\/v2\/media\/83376"}],"wp:attachment":[{"href":"https:\/\/www.learntomove.se\/sv\/wp-json\/wp\/v2\/media?parent=83003"}],"wp:term":[{"taxonomy":"product_brand","embeddable":true,"href":"https:\/\/www.learntomove.se\/sv\/wp-json\/wp\/v2\/product_brand?post=83003"},{"taxonomy":"product_cat","embeddable":true,"href":"https:\/\/www.learntomove.se\/sv\/wp-json\/wp\/v2\/product_cat?post=83003"},{"taxonomy":"product_tag","embeddable":true,"href":"https:\/\/www.learntomove.se\/sv\/wp-json\/wp\/v2\/product_tag?post=83003"}],"curies":[{"name":"wp","href":"https:\/\/api.w.org\/{rel}","templated":true}]}}