{"id":80363,"date":"2023-08-18T16:34:32","date_gmt":"2023-08-18T16:34:32","guid":{"rendered":"https:\/\/www.learntomove.se\/?post_type=product&#038;p=80363"},"modified":"2026-03-26T21:11:40","modified_gmt":"2026-03-26T21:11:40","slug":"filmen-motorisk-utveckling-0-2-ar-sv","status":"publish","type":"product","link":"https:\/\/www.learntomove.se\/sv\/produkt\/filmen-motorisk-utveckling-0-2-ar-sv\/","title":{"rendered":"Filmen Motorisk utveckling 0-2 \u00e5r (Svenska)"},"content":{"rendered":"<p>[et_pb_section fb_built=&#8221;1&#8243; _builder_version=&#8221;4.22.0&#8243; custom_margin=&#8221;|68px||68px|false|true&#8221; custom_padding=&#8221;0px||||false|false&#8221; global_colors_info=&#8221;{}&#8221;][et_pb_row _builder_version=&#8221;4.16&#8243; background_size=&#8221;initial&#8221; background_position=&#8221;top_left&#8221; background_repeat=&#8221;repeat&#8221; width=&#8221;100%&#8221; custom_padding=&#8221;0px||0px||false|false&#8221; global_colors_info=&#8221;{}&#8221;][et_pb_column type=&#8221;4_4&#8243; _builder_version=&#8221;4.16&#8243; custom_padding=&#8221;|||&#8221; global_colors_info=&#8221;{}&#8221; custom_padding__hover=&#8221;|||&#8221;][et_pb_wc_breadcrumb _builder_version=&#8221;4.16&#8243; global_colors_info=&#8221;{}&#8221; body_text_color__hover_enabled=&#8221;off|desktop&#8221;][\/et_pb_wc_breadcrumb][et_pb_wc_cart_notice _builder_version=&#8221;4.22.0&#8243; background_color=&#8221;#322567&#8243; custom_button=&#8221;on&#8221; button_border_color=&#8221;RGBA(255,255,255,0)&#8221; border_radii=&#8221;on|10px|10px|10px|10px&#8221; global_colors_info=&#8221;{}&#8221;][\/et_pb_wc_cart_notice][\/et_pb_column][\/et_pb_row][et_pb_row column_structure=&#8221;1_2,1_2&#8243; _builder_version=&#8221;4.16&#8243; background_size=&#8221;initial&#8221; background_position=&#8221;top_left&#8221; background_repeat=&#8221;repeat&#8221; width=&#8221;100%&#8221; custom_padding=&#8221;0px||||false|false&#8221; global_colors_info=&#8221;{}&#8221;][et_pb_column type=&#8221;1_2&#8243; _builder_version=&#8221;4.16&#8243; custom_padding=&#8221;|||&#8221; global_colors_info=&#8221;{}&#8221; custom_padding__hover=&#8221;|||&#8221;][et_pb_wc_images _builder_version=&#8221;4.22.0&#8243; custom_padding=&#8221;||||false|false&#8221; border_radii_image=&#8221;on|10px|10px|10px|10px&#8221; global_colors_info=&#8221;{}&#8221;][\/et_pb_wc_images][\/et_pb_column][et_pb_column type=&#8221;1_2&#8243; _builder_version=&#8221;4.16&#8243; custom_padding=&#8221;|||&#8221; global_colors_info=&#8221;{}&#8221; custom_padding__hover=&#8221;|||&#8221;][et_pb_wc_title _builder_version=&#8221;4.16&#8243; header_font=&#8221;|800|||||||&#8221; global_colors_info=&#8221;{}&#8221;][\/et_pb_wc_title][et_pb_wc_rating _builder_version=&#8221;4.22.0&#8243; rating_text_color=&#8221;#00B094&#8243; global_colors_info=&#8221;{}&#8221;][\/et_pb_wc_rating][et_pb_wc_price _builder_version=&#8221;4.22.0&#8243; body_text_color=&#8221;#322567&#8243; global_colors_info=&#8221;{}&#8221;][\/et_pb_wc_price][et_pb_wc_description description_type=&#8221;description&#8221; _builder_version=&#8221;4.22.0&#8243; global_colors_info=&#8221;{}&#8221;][\/et_pb_wc_description][et_pb_wc_add_to_cart show_stock=&#8221;off&#8221; _builder_version=&#8221;4.22.0&#8243; global_colors_info=&#8221;{}&#8221;][\/et_pb_wc_add_to_cart][\/et_pb_column][\/et_pb_row][et_pb_row _builder_version=&#8221;4.16&#8243; background_size=&#8221;initial&#8221; background_position=&#8221;top_left&#8221; background_repeat=&#8221;repeat&#8221; width=&#8221;100%&#8221; global_colors_info=&#8221;{}&#8221;][et_pb_column type=&#8221;4_4&#8243; _builder_version=&#8221;4.16&#8243; custom_padding=&#8221;|||&#8221; global_colors_info=&#8221;{}&#8221; custom_padding__hover=&#8221;|||&#8221;][et_pb_wc_tabs active_tab_text_color=&#8221;#322567&#8243; include_tabs=&#8221;|additional_information|reviews&#8221; _builder_version=&#8221;4.22.0&#8243; tab_text_color=&#8221;#322567&#8243; hover_enabled=&#8221;0&#8243; border_radii=&#8221;on|10px|10px|10px|10px&#8221; global_colors_info=&#8221;{}&#8221; sticky_enabled=&#8221;0&#8243;]\t\t\t\t\t[\/et_pb_wc_tabs][et_pb_wc_upsells _builder_version=&#8221;4.16&#8243; global_colors_info=&#8221;{}&#8221;][\/et_pb_wc_upsells][et_pb_wc_related_products icon_hover_color=&#8221;#322567&#8243; hover_overlay_color=&#8221;rgba(255,255,255,0.68)&#8221; show_rating=&#8221;off&#8221; _builder_version=&#8221;4.22.0&#8243; product_title_font=&#8221;|800|||||||&#8221; product_title_font_size=&#8221;19px&#8221; product_title_line_height=&#8221;1.4em&#8221; price_text_color=&#8221;#322567&#8243; price_font_size=&#8221;17px&#8221; border_radii_image=&#8221;on|10px|10px|10px|10px&#8221; global_colors_info=&#8221;{}&#8221;][\/et_pb_wc_related_products][\/et_pb_column][\/et_pb_row][\/et_pb_section]<\/p>\n","protected":false},"excerpt":{"rendered":"<p>Filmen Motorisk utveckling 0-2 \u00e5r p\u00e5 svenska (nedladdningsbar fil).<\/p>\n","protected":false},"featured_media":80571,"comment_status":"open","ping_status":"closed","template":"","meta":{"_et_pb_use_builder":"on","_et_pb_old_content":"Film Motorisk utveckling 0-2 \u00e5r kan laddas ner som fil via l\u00e4nk. Kostnad f\u00f6r individuell nedladdningsbar l\u00e4nk \u00e4r 625 kronor inkl. moms. F\u00f6r publicering p\u00e5 ex. intran\u00e4t med max 10 anv\u00e4ndare: 10% rabatt och max 25 anv\u00e4ndare: 20% rabatt. F\u00f6r priss\u00e4ttning av en st\u00f6rre m\u00e4ngd anv\u00e4ndare <a href=\"\/kontakt\">var v\u00e4nlig kontakta oss<\/a>.\r\n\r\nSe kort introduktion om filmen nedan. Filmen finns \u00e4ven att <a href=\"https:\/\/www.learntomove.se\/produkt\/filmen-motorisk-utveckling-0-2-ar-en\/\">k\u00f6pa p\u00e5 engelska h\u00e4r<\/a>.\r\n\r\n<iframe title=\"YouTube video player\" src=\"https:\/\/www.youtube.com\/embed\/sXKF8EdOU9U?si=ofJeNtfYVWlWWKep&amp;controls=0\" width=\"560\" height=\"315\" frameborder=\"0\" allowfullscreen=\"allowfullscreen\"><\/iframe>","_et_gb_content_width":""},"product_brand":[],"product_cat":[59],"product_tag":[],"class_list":{"0":"post-80363","1":"product","2":"type-product","3":"status-publish","4":"has-post-thumbnail","6":"product_cat-dokument-och-filmer","8":"first","9":"instock","10":"taxable","11":"shipping-taxable","12":"purchasable","13":"product-type-simple"},"jetpack_sharing_enabled":true,"_links":{"self":[{"href":"https:\/\/www.learntomove.se\/sv\/wp-json\/wp\/v2\/product\/80363","targetHints":{"allow":["GET"]}}],"collection":[{"href":"https:\/\/www.learntomove.se\/sv\/wp-json\/wp\/v2\/product"}],"about":[{"href":"https:\/\/www.learntomove.se\/sv\/wp-json\/wp\/v2\/types\/product"}],"replies":[{"embeddable":true,"href":"https:\/\/www.learntomove.se\/sv\/wp-json\/wp\/v2\/comments?post=80363"}],"wp:featuredmedia":[{"embeddable":true,"href":"https:\/\/www.learntomove.se\/sv\/wp-json\/wp\/v2\/media\/80571"}],"wp:attachment":[{"href":"https:\/\/www.learntomove.se\/sv\/wp-json\/wp\/v2\/media?parent=80363"}],"wp:term":[{"taxonomy":"product_brand","embeddable":true,"href":"https:\/\/www.learntomove.se\/sv\/wp-json\/wp\/v2\/product_brand?post=80363"},{"taxonomy":"product_cat","embeddable":true,"href":"https:\/\/www.learntomove.se\/sv\/wp-json\/wp\/v2\/product_cat?post=80363"},{"taxonomy":"product_tag","embeddable":true,"href":"https:\/\/www.learntomove.se\/sv\/wp-json\/wp\/v2\/product_tag?post=80363"}],"curies":[{"name":"wp","href":"https:\/\/api.w.org\/{rel}","templated":true}]}}