{"id":80361,"date":"2023-08-18T16:26:33","date_gmt":"2023-08-18T16:26:33","guid":{"rendered":"https:\/\/www.learntomove.se\/?post_type=product&#038;p=80361"},"modified":"2025-11-03T14:24:43","modified_gmt":"2025-11-03T14:24:43","slug":"boken-sittande-barn-trender-utmaningar-och-dynamiskt-sittande","status":"publish","type":"product","link":"https:\/\/www.learntomove.se\/sv\/produkt\/boken-sittande-barn-trender-utmaningar-och-dynamiskt-sittande\/","title":{"rendered":"Boken Sittande barn: Trender, utmaningar och dynamiskt sittande"},"content":{"rendered":"<p>[et_pb_section fb_built=&#8221;1&#8243; _builder_version=&#8221;4.22.0&#8243; custom_margin=&#8221;|68px||68px|false|true&#8221; custom_padding=&#8221;0px||||false|false&#8221; global_colors_info=&#8221;{}&#8221;][et_pb_row _builder_version=&#8221;4.16&#8243; background_size=&#8221;initial&#8221; background_position=&#8221;top_left&#8221; background_repeat=&#8221;repeat&#8221; width=&#8221;100%&#8221; custom_padding=&#8221;0px||0px||false|false&#8221; global_colors_info=&#8221;{}&#8221;][et_pb_column type=&#8221;4_4&#8243; _builder_version=&#8221;4.16&#8243; custom_padding=&#8221;|||&#8221; global_colors_info=&#8221;{}&#8221; custom_padding__hover=&#8221;|||&#8221;][et_pb_wc_breadcrumb _builder_version=&#8221;4.16&#8243; global_colors_info=&#8221;{}&#8221; body_text_color__hover_enabled=&#8221;off|desktop&#8221;][\/et_pb_wc_breadcrumb][et_pb_wc_cart_notice _builder_version=&#8221;4.22.0&#8243; background_color=&#8221;#322567&#8243; custom_button=&#8221;on&#8221; button_border_color=&#8221;RGBA(255,255,255,0)&#8221; border_radii=&#8221;on|10px|10px|10px|10px&#8221; global_colors_info=&#8221;{}&#8221;][\/et_pb_wc_cart_notice][\/et_pb_column][\/et_pb_row][et_pb_row column_structure=&#8221;1_2,1_2&#8243; _builder_version=&#8221;4.16&#8243; background_size=&#8221;initial&#8221; background_position=&#8221;top_left&#8221; background_repeat=&#8221;repeat&#8221; width=&#8221;100%&#8221; custom_padding=&#8221;0px||||false|false&#8221; global_colors_info=&#8221;{}&#8221;][et_pb_column type=&#8221;1_2&#8243; _builder_version=&#8221;4.16&#8243; custom_padding=&#8221;|||&#8221; global_colors_info=&#8221;{}&#8221; custom_padding__hover=&#8221;|||&#8221;][et_pb_wc_images _builder_version=&#8221;4.22.0&#8243; custom_padding=&#8221;||||false|false&#8221; border_radii_image=&#8221;on|10px|10px|10px|10px&#8221; global_colors_info=&#8221;{}&#8221;][\/et_pb_wc_images][\/et_pb_column][et_pb_column type=&#8221;1_2&#8243; _builder_version=&#8221;4.16&#8243; custom_padding=&#8221;|||&#8221; global_colors_info=&#8221;{}&#8221; custom_padding__hover=&#8221;|||&#8221;][et_pb_wc_title _builder_version=&#8221;4.16&#8243; header_font=&#8221;|800|||||||&#8221; global_colors_info=&#8221;{}&#8221;][\/et_pb_wc_title][et_pb_wc_rating _builder_version=&#8221;4.22.0&#8243; rating_text_color=&#8221;#00B094&#8243; global_colors_info=&#8221;{}&#8221;][\/et_pb_wc_rating][et_pb_wc_price _builder_version=&#8221;4.22.0&#8243; body_text_color=&#8221;#322567&#8243; global_colors_info=&#8221;{}&#8221;][\/et_pb_wc_price][et_pb_wc_description description_type=&#8221;description&#8221; _builder_version=&#8221;4.22.0&#8243; global_colors_info=&#8221;{}&#8221;][\/et_pb_wc_description][et_pb_wc_add_to_cart show_stock=&#8221;off&#8221; _builder_version=&#8221;4.22.0&#8243; global_colors_info=&#8221;{}&#8221;][\/et_pb_wc_add_to_cart][\/et_pb_column][\/et_pb_row][et_pb_row _builder_version=&#8221;4.16&#8243; background_size=&#8221;initial&#8221; background_position=&#8221;top_left&#8221; background_repeat=&#8221;repeat&#8221; width=&#8221;100%&#8221; global_colors_info=&#8221;{}&#8221;][et_pb_column type=&#8221;4_4&#8243; _builder_version=&#8221;4.16&#8243; custom_padding=&#8221;|||&#8221; global_colors_info=&#8221;{}&#8221; custom_padding__hover=&#8221;|||&#8221;][et_pb_wc_tabs active_tab_text_color=&#8221;#322567&#8243; include_tabs=&#8221;|additional_information|reviews&#8221; _builder_version=&#8221;4.22.0&#8243; tab_text_color=&#8221;#322567&#8243; border_radii=&#8221;on|10px|10px|10px|10px&#8221; global_colors_info=&#8221;{}&#8221;]\t\t\t\t\t[\/et_pb_wc_tabs][et_pb_wc_upsells _builder_version=&#8221;4.16&#8243; global_colors_info=&#8221;{}&#8221;][\/et_pb_wc_upsells][et_pb_wc_related_products icon_hover_color=&#8221;#322567&#8243; hover_overlay_color=&#8221;rgba(255,255,255,0.68)&#8221; show_rating=&#8221;off&#8221; _builder_version=&#8221;4.22.0&#8243; product_title_font=&#8221;|800|||||||&#8221; product_title_font_size=&#8221;19px&#8221; product_title_line_height=&#8221;1.4em&#8221; price_text_color=&#8221;#322567&#8243; price_font_size=&#8221;17px&#8221; border_radii_image=&#8221;on|10px|10px|10px|10px&#8221; global_colors_info=&#8221;{}&#8221;][\/et_pb_wc_related_products][\/et_pb_column][\/et_pb_row][\/et_pb_section]<\/p>\n","protected":false},"excerpt":{"rendered":"<p>Boken Sittande barn: Trender, utmaningar och dynamiskt sittande<\/p>\n","protected":false},"featured_media":80362,"comment_status":"open","ping_status":"closed","template":"","meta":{"_et_pb_use_builder":"on","_et_pb_old_content":"Boken Sittande barn behandlar 3 \u00e4mnen: sittergonomi och best\u00e4llning av skolm\u00f6bler, barn med nedsatt motorik och sv\u00e5righeter att sitta stilla samt f\u00f6rst\u00e5else f\u00f6r trender med \u00f6kad, fetma, inaktivitet, bristande motorisk utveckling och psykisk oh\u00e4lsa. Boken ger dig bl.a. f\u00f6rst\u00e5else f\u00f6r faktorer som p\u00e5verkar motorisk utveckling, strategier att hj\u00e4lpa barn med motorisk oro i klassrummet, kunskap om fysisk sj\u00e4lvk\u00e4nsla och en guide att anv\u00e4nda vid best\u00e4llning av skolm\u00f6bler.\r\n\r\nVid stora ink\u00f6p var v\u00e4nlig <a href=\"https:\/\/www.learntomove.se\/kontakt\/\">ta kontakt f\u00f6r information<\/a>.","_et_gb_content_width":""},"product_brand":[],"product_cat":[59],"product_tag":[],"class_list":{"0":"post-80361","1":"product","2":"type-product","3":"status-publish","4":"has-post-thumbnail","6":"product_cat-dokument-och-filmer","8":"first","9":"instock","10":"taxable","11":"shipping-taxable","12":"purchasable","13":"product-type-simple"},"jetpack_sharing_enabled":true,"_links":{"self":[{"href":"https:\/\/www.learntomove.se\/sv\/wp-json\/wp\/v2\/product\/80361","targetHints":{"allow":["GET"]}}],"collection":[{"href":"https:\/\/www.learntomove.se\/sv\/wp-json\/wp\/v2\/product"}],"about":[{"href":"https:\/\/www.learntomove.se\/sv\/wp-json\/wp\/v2\/types\/product"}],"replies":[{"embeddable":true,"href":"https:\/\/www.learntomove.se\/sv\/wp-json\/wp\/v2\/comments?post=80361"}],"wp:featuredmedia":[{"embeddable":true,"href":"https:\/\/www.learntomove.se\/sv\/wp-json\/wp\/v2\/media\/80362"}],"wp:attachment":[{"href":"https:\/\/www.learntomove.se\/sv\/wp-json\/wp\/v2\/media?parent=80361"}],"wp:term":[{"taxonomy":"product_brand","embeddable":true,"href":"https:\/\/www.learntomove.se\/sv\/wp-json\/wp\/v2\/product_brand?post=80361"},{"taxonomy":"product_cat","embeddable":true,"href":"https:\/\/www.learntomove.se\/sv\/wp-json\/wp\/v2\/product_cat?post=80361"},{"taxonomy":"product_tag","embeddable":true,"href":"https:\/\/www.learntomove.se\/sv\/wp-json\/wp\/v2\/product_tag?post=80361"}],"curies":[{"name":"wp","href":"https:\/\/api.w.org\/{rel}","templated":true}]}}