{"id":83070,"date":"2025-08-31T17:29:29","date_gmt":"2025-08-31T17:29:29","guid":{"rendered":"https:\/\/www.learntomove.se\/?page_id=83070"},"modified":"2025-08-31T19:47:24","modified_gmt":"2025-08-31T19:47:24","slug":"behandling-av-barn-med-uni-lateral-cp-hemiplegi","status":"publish","type":"page","link":"https:\/\/www.learntomove.se\/sv\/utbildning\/behandling-av-barn-med-uni-lateral-cp-hemiplegi\/","title":{"rendered":"Behandling av barn med uni-lateral cp\/hemiplegi"},"content":{"rendered":"<p>[et_pb_section fb_built=&#8221;1&#8243; custom_padding_last_edited=&#8221;on|phone&#8221; admin_label=&#8221;Header&#8221; _builder_version=&#8221;4.22.0&#8243; _module_preset=&#8221;default&#8221; background_color=&#8221;#00B094&#8243; background_enable_image=&#8221;off&#8221; background_position=&#8221;top_center&#8221; height=&#8221;385px&#8221; height_tablet=&#8221;385px&#8221; height_phone=&#8221;210px&#8221; height_last_edited=&#8221;on|phone&#8221; custom_margin=&#8221;||-1px||false|false&#8221; custom_margin_tablet=&#8221;||-1px||false|false&#8221; custom_margin_phone=&#8221;||-1px||false|false&#8221; custom_margin_last_edited=&#8221;on|phone&#8221; custom_padding=&#8221;26px||||false|false&#8221; custom_padding_tablet=&#8221;106px||22vw||false|false&#8221; custom_padding_phone=&#8221;48px||||false|false&#8221; bottom_divider_style=&#8221;wave&#8221; bottom_divider_color=&#8221;#FFFFFF&#8221; bottom_divider_height=&#8221;6vw&#8221; bottom_divider_flip=&#8221;horizontal&#8221; bottom_divider_height_tablet=&#8221;6vw&#8221; bottom_divider_height_phone=&#8221;6vw&#8221; bottom_divider_height_last_edited=&#8221;on|phone&#8221; locked=&#8221;off&#8221; collapsed=&#8221;on&#8221; global_colors_info=&#8221;{}&#8221; theme_builder_area=&#8221;post_content&#8221;][et_pb_row use_custom_gutter=&#8221;on&#8221; make_equal=&#8221;on&#8221; _builder_version=&#8221;4.21.0&#8243; _module_preset=&#8221;default&#8221; z_index=&#8221;10&#8243; width=&#8221;90%&#8221; max_width=&#8221;1200px&#8221; module_alignment=&#8221;center&#8221; custom_padding=&#8221;0px||3px||false|false&#8221; global_colors_info=&#8221;{}&#8221; theme_builder_area=&#8221;post_content&#8221;][et_pb_column type=&#8221;4_4&#8243; _builder_version=&#8221;4.17.1&#8243; _module_preset=&#8221;default&#8221; global_colors_info=&#8221;{}&#8221; theme_builder_area=&#8221;post_content&#8221;][et_pb_text _builder_version=&#8221;4.25.0&#8243; _module_preset=&#8221;default&#8221; text_font=&#8221;Caveat Brush||||||||&#8221; text_text_color=&#8221;#FFFFFF&#8221; text_font_size=&#8221;40px&#8221; link_font=&#8221;Mulish||||||||&#8221; link_text_align=&#8221;center&#8221; link_text_color=&#8221;#FFFFFF&#8221; header_text_align=&#8221;center&#8221; text_orientation=&#8221;center&#8221; module_alignment=&#8221;center&#8221; text_font_size_tablet=&#8221;32px&#8221; text_font_size_phone=&#8221;26px&#8221; text_font_size_last_edited=&#8221;on|tablet&#8221; global_colors_info=&#8221;{}&#8221; theme_builder_area=&#8221;post_content&#8221;]<\/p>\n<p>Utbildning<\/p>\n<p>[\/et_pb_text][et_pb_text _builder_version=&#8221;4.25.0&#8243; _dynamic_attributes=&#8221;content&#8221; _module_preset=&#8221;default&#8221; header_font=&#8221;Mulish|800|||||||&#8221; header_text_align=&#8221;center&#8221; header_text_color=&#8221;#FFFFFF&#8221; header_font_size=&#8221;48px&#8221; header_line_height=&#8221;1.1em&#8221; max_width=&#8221;1200px&#8221; module_alignment=&#8221;center&#8221; custom_margin=&#8221;||30px||false|false&#8221; custom_margin_tablet=&#8221;-10px||-4px||false|false&#8221; header_font_size_tablet=&#8221;40px&#8221; header_font_size_phone=&#8221;24px&#8221; header_font_size_last_edited=&#8221;on|desktop&#8221; global_colors_info=&#8221;{}&#8221; theme_builder_area=&#8221;post_content&#8221;]@ET-DC@eyJkeW5hbWljIjp0cnVlLCJjb250ZW50IjoicG9zdF90aXRsZSIsInNldHRpbmdzIjp7ImJlZm9yZSI6IjxoMT4iLCJhZnRlciI6IjwvaDE+In19@[\/et_pb_text][\/et_pb_column][\/et_pb_row][\/et_pb_section][et_pb_section fb_built=&#8221;1&#8243; admin_label=&#8221;Header&#8221; _builder_version=&#8221;4.25.0&#8243; _module_preset=&#8221;default&#8221; background_enable_color=&#8221;off&#8221; background_image=&#8221;https:\/\/www.learntomove.se\/wp-content\/uploads\/2023\/05\/saas-landing-16-yr-2.png&#8221; background_size=&#8221;initial&#8221; background_position=&#8221;bottom_center&#8221; custom_margin=&#8221;||125px|||&#8221; custom_margin_tablet=&#8221;||40px|||&#8221; custom_margin_phone=&#8221;||70px||false|false&#8221; custom_margin_last_edited=&#8221;on|phone&#8221; global_colors_info=&#8221;{}&#8221; theme_builder_area=&#8221;post_content&#8221;][et_pb_row use_custom_gutter=&#8221;on&#8221; gutter_width=&#8221;2&#8243; _builder_version=&#8221;4.25.0&#8243; _module_preset=&#8221;default&#8221; max_width=&#8221;820px&#8221; custom_padding=&#8221;3px||50px|||&#8221; global_colors_info=&#8221;{}&#8221; theme_builder_area=&#8221;post_content&#8221;][et_pb_column type=&#8221;4_4&#8243; _builder_version=&#8221;4.16&#8243; _module_preset=&#8221;default&#8221; global_colors_info=&#8221;{}&#8221; theme_builder_area=&#8221;post_content&#8221;][et_pb_image src=&#8221;https:\/\/www.learntomove.se\/wp-content\/uploads\/2024\/03\/Depositphotos_8388943_XL-scaled.jpg&#8221; title_text=&#8221;Depositphotos_8388943_XL&#8221; _builder_version=&#8221;4.25.0&#8243; _module_preset=&#8221;default&#8221; max_width=&#8221;80%&#8221; max_width_tablet=&#8221;50%&#8221; max_width_phone=&#8221;100%&#8221; max_width_last_edited=&#8221;on|phone&#8221; custom_margin=&#8221;||50px|||&#8221; hover_enabled=&#8221;0&#8243; border_radii=&#8221;on|20px|20px|20px|20px&#8221; global_colors_info=&#8221;{}&#8221; theme_builder_area=&#8221;post_content&#8221; sticky_enabled=&#8221;0&#8243;][\/et_pb_image][et_pb_text _builder_version=&#8221;4.25.0&#8243; _module_preset=&#8221;df96b77a-cd4f-44a8-a771-2d6347592b53&#8243; header_2_font=&#8221;Mulish|800|||||||&#8221; header_2_text_align=&#8221;left&#8221; header_2_text_color=&#8221;#322567&#8243; header_2_font_size=&#8221;30px&#8221; header_2_line_height=&#8221;1.2em&#8221; custom_margin=&#8221;-2px||||false|false&#8221; header_2_font_size_tablet=&#8221;40px&#8221; header_2_font_size_phone=&#8221;30px&#8221; header_2_font_size_last_edited=&#8221;on|phone&#8221; locked=&#8221;off&#8221; global_colors_info=&#8221;{}&#8221; theme_builder_area=&#8221;post_content&#8221;]<\/p>\n<h2>Kursbeskrivning<\/h2>\n<p>[\/et_pb_text][et_pb_text _builder_version=&#8221;4.25.0&#8243; _module_preset=&#8221;5ff55506-da7d-4dd7-b409-9d62c7203201&#8243; text_text_color=&#8221;#7b88a8&#8243; text_line_height=&#8221;1.6em&#8221; header_3_text_color=&#8221;#7b88a8&#8243; header_3_font_size=&#8221;18px&#8221; header_3_line_height=&#8221;1.5em&#8221; max_width=&#8221;820px&#8221; module_alignment=&#8221;left&#8221; custom_margin=&#8221;12px||24px||false|false&#8221; custom_margin_phone=&#8221;-10px||27px||false|false&#8221; custom_padding=&#8221;||0px|||&#8221; text_font_size_tablet=&#8221;18px&#8221; text_font_size_phone=&#8221;15px&#8221; text_font_size_last_edited=&#8221;on|phone&#8221; text_line_height_phone=&#8221;1.5em&#8221; header_3_font_size_tablet=&#8221;18px&#8221; header_3_font_size_phone=&#8221;18px&#8221; header_3_font_size_last_edited=&#8221;on|desktop&#8221; header_3_line_height_tablet=&#8221;1.5em&#8221; header_3_line_height_phone=&#8221;1.4em&#8221; header_3_line_height_last_edited=&#8221;on|desktop&#8221; locked=&#8221;off&#8221; global_colors_info=&#8221;{}&#8221; theme_builder_area=&#8221;post_content&#8221;]<\/p>\n<h3>Plats: Stockholm<\/h3>\n<h3>Tidsperiod: Heldag 8.30-16, datum planeras<\/h3>\n<h3>Kostnad: 2 999 kr + moms<\/h3>\n<h3>M\u00e5lgrupp: Fysioterapeuter, arbetsterapeuter, f\u00f6r\u00e4ldrar och annan intresserad personal<\/h3>\n<h3>Kursledare: Ulrika Myhr, leg.fysioterapeut, barnspecialist<\/h3>\n<p>[\/et_pb_text][et_pb_text _builder_version=&#8221;4.25.0&#8243; _module_preset=&#8221;5ff55506-da7d-4dd7-b409-9d62c7203201&#8243; text_text_color=&#8221;#7b88a8&#8243; text_line_height=&#8221;1.6em&#8221; header_3_text_color=&#8221;#7b88a8&#8243; header_3_font_size=&#8221;18px&#8221; header_3_line_height=&#8221;1.5em&#8221; max_width=&#8221;820px&#8221; module_alignment=&#8221;left&#8221; custom_margin=&#8221;12px||24px||false|false&#8221; custom_margin_phone=&#8221;-10px||27px||false|false&#8221; custom_padding=&#8221;||0px|||&#8221; text_font_size_tablet=&#8221;18px&#8221; text_font_size_phone=&#8221;15px&#8221; text_font_size_last_edited=&#8221;on|phone&#8221; text_line_height_phone=&#8221;1.5em&#8221; header_3_font_size_tablet=&#8221;18px&#8221; header_3_font_size_phone=&#8221;18px&#8221; header_3_font_size_last_edited=&#8221;on|desktop&#8221; header_3_line_height_tablet=&#8221;1.5em&#8221; header_3_line_height_phone=&#8221;1.4em&#8221; header_3_line_height_last_edited=&#8221;on|desktop&#8221; locked=&#8221;off&#8221; global_colors_info=&#8221;{}&#8221; theme_builder_area=&#8221;post_content&#8221;]<\/p>\n<p>Denna utbildning \u00e4r fokuserad p\u00e5 behandling. Den tar upp n\u00f6dv\u00e4ndigheten av en plan f\u00f6r att l\u00e4ra barnet den normala r\u00f6relseutvecklingen som sker under f\u00f6rsta \u00e5ret n\u00e4r man g\u00e5r fr\u00e5n b\u00f6jd till rak kropp, och fr\u00e5n knuten till \u00f6ppen hand. Den bryter ner funktioner i grundf\u00f6ruts\u00e4ttningar \u2013 och vi diskuterar hur vi med precisa uppgifter som efterliknar normal utveckling, hj\u00e4lper hj\u00e4rnan att l\u00e4ra sig styra olika delar av kroppen. Vi g\u00e5r igenom tr\u00e4ningsprogram f\u00f6r barn i olika \u00e5ldrar, diskuterar hur vi kan skapa dynamsiska ortoser som st\u00f6ttar i utvecklingen utan att beg\u00e4rnsa belastning och r\u00f6rlighet utan ist\u00e4llet str\u00e4var efter normal funktion. I kursen ber\u00f6r tr\u00e4ning vid olika \u00e5ldrar och om delaktighet i skolidrott och fritidsaktiviteter. Det \u00e4r v\u00e5r f\u00f6rhoppning att ocks\u00e5 f\u00e5 med ungdomar med hemiplegi som kan ber\u00e4tta om sin tr\u00e4ning och vad den har lett till.<\/p>\n<p>[\/et_pb_text][et_pb_text _builder_version=&#8221;4.25.0&#8243; _module_preset=&#8221;df96b77a-cd4f-44a8-a771-2d6347592b53&#8243; header_text_color=&#8221;#000000&#8243; header_2_font=&#8221;Mulish|800|||||||&#8221; header_2_font_size=&#8221;21px&#8221; header_2_line_height=&#8221;1.2em&#8221; header_3_font=&#8221;Mulish|800|||||||&#8221; header_3_text_align=&#8221;left&#8221; header_3_text_color=&#8221;gcid-3c17f7e0-a71e-4120-8add-deaafa41b380&#8243; header_3_font_size=&#8221;23px&#8221; custom_margin=&#8221;0px||6px||false|false&#8221; custom_margin_phone=&#8221;-10px||10px||false|false&#8221; custom_padding=&#8221;0px||0px||false|false&#8221; hover_enabled=&#8221;0&#8243; header_2_font_size_tablet=&#8221;25px&#8221; header_2_font_size_phone=&#8221;25px&#8221; header_2_font_size_last_edited=&#8221;on|phone&#8221; locked=&#8221;off&#8221; global_colors_info=&#8221;{%22gcid-3c17f7e0-a71e-4120-8add-deaafa41b380%22:%91%22header_3_text_color%22,%22header_3_text_color%22%93}&#8221; theme_builder_area=&#8221;post_content&#8221; sticky_enabled=&#8221;0&#8243;]<\/p>\n<h2>I kursen f\u00e5r du bland annat l\u00e4ra dig om:<\/h2>\n<p>[\/et_pb_text][et_pb_text _builder_version=&#8221;4.25.0&#8243; _module_preset=&#8221;5ff55506-da7d-4dd7-b409-9d62c7203201&#8243; text_text_color=&#8221;#7b88a8&#8243; text_line_height=&#8221;1.6em&#8221; header_3_text_color=&#8221;#7b88a8&#8243; header_3_font_size=&#8221;18px&#8221; header_3_line_height=&#8221;1.5em&#8221; max_width=&#8221;820px&#8221; module_alignment=&#8221;left&#8221; custom_margin=&#8221;12px||24px||false|false&#8221; custom_margin_phone=&#8221;-10px||27px||false|false&#8221; custom_padding=&#8221;||0px|||&#8221; text_font_size_tablet=&#8221;18px&#8221; text_font_size_phone=&#8221;15px&#8221; text_font_size_last_edited=&#8221;on|phone&#8221; text_line_height_phone=&#8221;1.5em&#8221; header_3_font_size_tablet=&#8221;18px&#8221; header_3_font_size_phone=&#8221;18px&#8221; header_3_font_size_last_edited=&#8221;on|desktop&#8221; header_3_line_height_tablet=&#8221;1.5em&#8221; header_3_line_height_phone=&#8221;1.4em&#8221; header_3_line_height_last_edited=&#8221;on|desktop&#8221; locked=&#8221;off&#8221; global_colors_info=&#8221;{}&#8221; theme_builder_area=&#8221;post_content&#8221;]<\/p>\n<ul>\n<li><span style=\"font-size: 15px;\">Hur beh\u00f6ver jag t\u00e4nka n\u00e4r ett barn f\u00f6ds med en hemiplegi och har en outvecklad r\u00f6relsef\u00f6rm\u00e5ga?<\/span><\/li>\n<li>\n<p>Vad \u00e4r sj\u00e4lva problemet n\u00e4r barnet har sv\u00e5rt med r\u00f6relser? Hur kan jag locka fram dem och i vilken ordning ska jag f\u00f6rs\u00f6ka l\u00e4ra barnet saker?<\/p>\n<\/li>\n<li>\n<p>Hur kan vi f\u00e5 med personal i f\u00f6rskola att arbeta med kroppen? Hur kan vi anpassa milj\u00f6n f\u00f6r tr\u00e4ning b\u00e5de av praktiska funktioner och grovmotorik? Hur pratar vi om hemiplegi med andra?<\/p>\n<\/li>\n<li>\n<p>Nio\u00e5rs krisen i skolan \u2013 identitet? Exempel p\u00e5 tr\u00e4ning i skol\u00e5ldern och utmaningar med skolidrott och sl\u00f6jd \u2013 hur ska jag f\u00e5 betyg? Tillh\u00f6righet inom b\u00e5de \u201dnormal och funkis\u201d.<\/p>\n<\/li>\n<li>\n<p>Bes\u00f6k av ton\u00e5ring med hemiplegi \u2013 ber\u00e4ttelser om tr\u00e4ning av \u00e4ldre barn och resultat.<\/p>\n<\/li>\n<li>\n<p>Vad beh\u00f6vs i en framtid? Teknik och tr\u00e4ning \u2013 vad har vi f\u00f6r m\u00f6jligheter och vad finns redan?<\/p>\n<\/li>\n<\/ul>\n<p>[\/et_pb_text][et_pb_text _builder_version=&#8221;4.25.0&#8243; _module_preset=&#8221;5ff55506-da7d-4dd7-b409-9d62c7203201&#8243; text_text_color=&#8221;#7b88a8&#8243; text_line_height=&#8221;1.6em&#8221; header_3_text_color=&#8221;#7b88a8&#8243; header_3_font_size=&#8221;18px&#8221; header_3_line_height=&#8221;1.5em&#8221; max_width=&#8221;820px&#8221; module_alignment=&#8221;left&#8221; custom_margin=&#8221;12px||24px||false|false&#8221; custom_margin_phone=&#8221;-10px||27px||false|false&#8221; custom_padding=&#8221;||0px|||&#8221; link_option_url_new_window=&#8221;on&#8221; hover_enabled=&#8221;0&#8243; text_font_size_tablet=&#8221;18px&#8221; text_font_size_phone=&#8221;15px&#8221; text_font_size_last_edited=&#8221;on|phone&#8221; text_line_height_phone=&#8221;1.5em&#8221; header_3_font_size_tablet=&#8221;18px&#8221; header_3_font_size_phone=&#8221;18px&#8221; header_3_font_size_last_edited=&#8221;on|desktop&#8221; header_3_line_height_tablet=&#8221;1.5em&#8221; header_3_line_height_phone=&#8221;1.4em&#8221; header_3_line_height_last_edited=&#8221;on|desktop&#8221; locked=&#8221;off&#8221; global_colors_info=&#8221;{}&#8221; theme_builder_area=&#8221;post_content&#8221; sticky_enabled=&#8221;0&#8243;]<\/p>\n<p>H\u00e4r kan du se <a href=\"https:\/\/www.learntomove.se\/wp-content\/uploads\/2024\/02\/Inbjudan-hemiplegi-2024-1.pdf\" target=\"_blank\" rel=\"noopener\"><strong>inbjudan &amp; program (2024)<\/strong>.<\/a><\/p>\n<p>[\/et_pb_text][et_pb_button button_url=&#8221;@ET-DC@eyJkeW5hbWljIjp0cnVlLCJjb250ZW50IjoicG9zdF9saW5rX3VybF9wYWdlIiwic2V0dGluZ3MiOnsicG9zdF9pZCI6IjgxMzQzIn19@&#8221; button_text=&#8221;Anm\u00e4lan till kurs&#8221; button_alignment=&#8221;left&#8221; _builder_version=&#8221;4.25.0&#8243; _dynamic_attributes=&#8221;button_url&#8221; _module_preset=&#8221;default&#8221; custom_button=&#8221;on&#8221; button_text_size=&#8221;16px&#8221; button_text_color=&#8221;#FFFFFF&#8221; button_bg_color=&#8221;#00B094&#8243; button_border_width=&#8221;2px&#8221; button_border_color=&#8221;RGBA(255,255,255,0)&#8221; button_border_radius=&#8221;55px&#8221; button_font=&#8221;Mulish|700|||||||&#8221; button_icon=&#8221;&#x35;||divi||400&#8243; custom_margin=&#8221;0px||4px||false|false&#8221; custom_margin_tablet=&#8221;0px||4px||false|false&#8221; custom_margin_phone=&#8221;0px||46px||false|false&#8221; custom_margin_last_edited=&#8221;on|phone&#8221; custom_padding=&#8221;15px|35px|15px|35px|false|false&#8221; custom_padding_tablet=&#8221;15px|35px|15px|35px|false|false&#8221; custom_padding_phone=&#8221;15px|35px|15px|35px|false|false&#8221; custom_padding_last_edited=&#8221;on|phone&#8221; hover_enabled=&#8221;0&#8243; locked=&#8221;off&#8221; global_colors_info=&#8221;{}&#8221; button_bg_color__hover_enabled=&#8221;on|desktop&#8221; button_bg_color__hover=&#8221;#FFFFFF&#8221; button_bg_enable_color__hover=&#8221;on&#8221; button_text_color__hover_enabled=&#8221;on|hover&#8221; button_text_color__hover=&#8221;#00B094&#8243; button_letter_spacing__hover_enabled=&#8221;on|hover&#8221; button_letter_spacing__hover=&#8221;0px&#8221; button_border_color__hover_enabled=&#8221;on|hover&#8221; button_border_color__hover=&#8221;#00B094&#8243; theme_builder_area=&#8221;post_content&#8221; sticky_enabled=&#8221;0&#8243;][\/et_pb_button][et_pb_text _builder_version=&#8221;4.25.0&#8243; _module_preset=&#8221;df96b77a-cd4f-44a8-a771-2d6347592b53&#8243; header_text_color=&#8221;#000000&#8243; header_2_font=&#8221;Mulish|800|||||||&#8221; header_2_font_size=&#8221;21px&#8221; header_2_line_height=&#8221;1.2em&#8221; header_3_font=&#8221;Mulish|800|||||||&#8221; header_3_text_align=&#8221;left&#8221; header_3_text_color=&#8221;gcid-3c17f7e0-a71e-4120-8add-deaafa41b380&#8243; header_3_font_size=&#8221;23px&#8221; custom_margin=&#8221;45px||6px||false|false&#8221; custom_margin_phone=&#8221;-10px||10px||false|false&#8221; custom_padding=&#8221;0px||0px||false|false&#8221; header_2_font_size_tablet=&#8221;25px&#8221; header_2_font_size_phone=&#8221;25px&#8221; header_2_font_size_last_edited=&#8221;on|phone&#8221; locked=&#8221;off&#8221; global_colors_info=&#8221;{%22gcid-3c17f7e0-a71e-4120-8add-deaafa41b380%22:%91%22header_3_text_color%22,%22header_3_text_color%22%93}&#8221; theme_builder_area=&#8221;post_content&#8221;]<\/p>\n<h2>Fr\u00e5gor?<\/h2>\n<p>[\/et_pb_text][et_pb_text _builder_version=&#8221;4.25.0&#8243; _module_preset=&#8221;5ff55506-da7d-4dd7-b409-9d62c7203201&#8243; text_text_color=&#8221;#7b88a8&#8243; text_line_height=&#8221;1.6em&#8221; header_3_text_color=&#8221;#7b88a8&#8243; header_3_font_size=&#8221;18px&#8221; header_3_line_height=&#8221;1.5em&#8221; max_width=&#8221;820px&#8221; module_alignment=&#8221;left&#8221; custom_margin=&#8221;12px||24px||false|false&#8221; custom_margin_phone=&#8221;-10px||27px||false|false&#8221; custom_padding=&#8221;||0px|||&#8221; link_option_url_new_window=&#8221;on&#8221; text_font_size_tablet=&#8221;18px&#8221; text_font_size_phone=&#8221;15px&#8221; text_font_size_last_edited=&#8221;on|phone&#8221; text_line_height_phone=&#8221;1.5em&#8221; header_3_font_size_tablet=&#8221;18px&#8221; header_3_font_size_phone=&#8221;18px&#8221; header_3_font_size_last_edited=&#8221;on|desktop&#8221; header_3_line_height_tablet=&#8221;1.5em&#8221; header_3_line_height_phone=&#8221;1.4em&#8221; header_3_line_height_last_edited=&#8221;on|desktop&#8221; locked=&#8221;off&#8221; global_colors_info=&#8221;{}&#8221; theme_builder_area=&#8221;post_content&#8221;]<\/p>\n<p>Ulrika Myhr<br \/>+46 (0)73-526 48 88<br \/>ulrika@learntomove.se<\/p>\n<p>[\/et_pb_text][et_pb_button button_url=&#8221;@ET-DC@eyJkeW5hbWljIjp0cnVlLCJjb250ZW50IjoicG9zdF9saW5rX3VybF9wYWdlIiwic2V0dGluZ3MiOnsicG9zdF9pZCI6IjgwMjg2In19@&#8221; button_text=&#8221;Tillbaka till utbildning&#8221; button_alignment=&#8221;left&#8221; button_alignment_tablet=&#8221;left&#8221; button_alignment_phone=&#8221;center&#8221; button_alignment_last_edited=&#8221;on|phone&#8221; _builder_version=&#8221;4.25.0&#8243; _dynamic_attributes=&#8221;button_url&#8221; _module_preset=&#8221;default&#8221; custom_button=&#8221;on&#8221; button_text_size=&#8221;16px&#8221; button_text_color=&#8221;#00B094&#8243; button_bg_color=&#8221;RGBA(255,255,255,0)&#8221; button_border_width=&#8221;0px&#8221; button_border_color=&#8221;RGBA(255,255,255,0)&#8221; button_border_radius=&#8221;100px&#8221; button_letter_spacing=&#8221;0px&#8221; button_font=&#8221;Mulish|700|||||||&#8221; button_icon=&#8221;&#x23;||divi||400&#8243; button_icon_color=&#8221;#00B094&#8243; button_icon_placement=&#8221;left&#8221; button_on_hover=&#8221;off&#8221; custom_margin=&#8221;80px||-8px|-35px|false|false&#8221; custom_margin_tablet=&#8221;-4px||-8px|-35px|false|false&#8221; custom_margin_phone=&#8221;46px||-8px|0px|false|false&#8221; custom_margin_last_edited=&#8221;on|phone&#8221; custom_padding=&#8221;|||0px|false|false&#8221; locked=&#8221;off&#8221; global_colors_info=&#8221;{}&#8221; button_text_color__hover_enabled=&#8221;on|desktop&#8221; button_text_color__hover=&#8221;#21cdc0&#8243; button_icon_color__hover_enabled=&#8221;on|hover&#8221; button_icon_color__hover=&#8221;#21cdc0&#8243; theme_builder_area=&#8221;post_content&#8221;][\/et_pb_button][\/et_pb_column][\/et_pb_row][\/et_pb_section]<\/p>\n","protected":false},"excerpt":{"rendered":"<p>UtbildningKursbeskrivningPlats: Stockholm Tidsperiod: Heldag 8.30-16, datum planeras Kostnad: 2 999 kr + moms M\u00e5lgrupp: Fysioterapeuter, arbetsterapeuter, f\u00f6r\u00e4ldrar och annan intresserad personal Kursledare: Ulrika Myhr, leg.fysioterapeut, barnspecialistDenna utbildning \u00e4r fokuserad p\u00e5 behandling. Den tar upp n\u00f6dv\u00e4ndigheten av en plan f\u00f6r att l\u00e4ra barnet den normala r\u00f6relseutvecklingen som sker under f\u00f6rsta \u00e5ret n\u00e4r man g\u00e5r fr\u00e5n b\u00f6jd [&hellip;]<\/p>\n","protected":false},"author":1,"featured_media":0,"parent":80286,"menu_order":0,"comment_status":"closed","ping_status":"closed","template":"","meta":{"_et_pb_use_builder":"on","_et_pb_old_content":"","_et_gb_content_width":"","footnotes":""},"class_list":["post-83070","page","type-page","status-publish","hentry"],"jetpack_sharing_enabled":true,"_links":{"self":[{"href":"https:\/\/www.learntomove.se\/sv\/wp-json\/wp\/v2\/pages\/83070","targetHints":{"allow":["GET"]}}],"collection":[{"href":"https:\/\/www.learntomove.se\/sv\/wp-json\/wp\/v2\/pages"}],"about":[{"href":"https:\/\/www.learntomove.se\/sv\/wp-json\/wp\/v2\/types\/page"}],"author":[{"embeddable":true,"href":"https:\/\/www.learntomove.se\/sv\/wp-json\/wp\/v2\/users\/1"}],"replies":[{"embeddable":true,"href":"https:\/\/www.learntomove.se\/sv\/wp-json\/wp\/v2\/comments?post=83070"}],"version-history":[{"count":4,"href":"https:\/\/www.learntomove.se\/sv\/wp-json\/wp\/v2\/pages\/83070\/revisions"}],"predecessor-version":[{"id":83113,"href":"https:\/\/www.learntomove.se\/sv\/wp-json\/wp\/v2\/pages\/83070\/revisions\/83113"}],"up":[{"embeddable":true,"href":"https:\/\/www.learntomove.se\/sv\/wp-json\/wp\/v2\/pages\/80286"}],"wp:attachment":[{"href":"https:\/\/www.learntomove.se\/sv\/wp-json\/wp\/v2\/media?parent=83070"}],"curies":[{"name":"wp","href":"https:\/\/api.w.org\/{rel}","templated":true}]}}