{"id":83063,"date":"2025-08-31T17:08:32","date_gmt":"2025-08-31T17:08:32","guid":{"rendered":"https:\/\/www.learntomove.se\/?page_id=83063"},"modified":"2025-08-31T19:49:17","modified_gmt":"2025-08-31T19:49:17","slug":"motorisk-utveckling","status":"publish","type":"page","link":"https:\/\/www.learntomove.se\/sv\/utbildning\/motorisk-utveckling\/","title":{"rendered":"Motorisk utveckling och behandling av barn \u2013 grundkurs"},"content":{"rendered":"<p>[et_pb_section fb_built=&#8221;1&#8243; custom_padding_last_edited=&#8221;on|phone&#8221; admin_label=&#8221;Header&#8221; _builder_version=&#8221;4.22.0&#8243; _module_preset=&#8221;default&#8221; background_color=&#8221;#00B094&#8243; background_enable_image=&#8221;off&#8221; background_position=&#8221;top_center&#8221; height=&#8221;385px&#8221; height_tablet=&#8221;385px&#8221; height_phone=&#8221;210px&#8221; height_last_edited=&#8221;on|phone&#8221; custom_margin=&#8221;||-1px||false|false&#8221; custom_margin_tablet=&#8221;||-1px||false|false&#8221; custom_margin_phone=&#8221;||-1px||false|false&#8221; custom_margin_last_edited=&#8221;on|phone&#8221; custom_padding=&#8221;26px||||false|false&#8221; custom_padding_tablet=&#8221;106px||22vw||false|false&#8221; custom_padding_phone=&#8221;48px||||false|false&#8221; bottom_divider_style=&#8221;wave&#8221; bottom_divider_color=&#8221;#FFFFFF&#8221; bottom_divider_height=&#8221;6vw&#8221; bottom_divider_flip=&#8221;horizontal&#8221; bottom_divider_height_tablet=&#8221;6vw&#8221; bottom_divider_height_phone=&#8221;6vw&#8221; bottom_divider_height_last_edited=&#8221;on|phone&#8221; locked=&#8221;off&#8221; collapsed=&#8221;on&#8221; global_colors_info=&#8221;{}&#8221;][et_pb_row use_custom_gutter=&#8221;on&#8221; make_equal=&#8221;on&#8221; _builder_version=&#8221;4.21.0&#8243; _module_preset=&#8221;default&#8221; z_index=&#8221;10&#8243; width=&#8221;90%&#8221; max_width=&#8221;1200px&#8221; module_alignment=&#8221;center&#8221; custom_padding=&#8221;0px||3px||false|false&#8221; global_colors_info=&#8221;{}&#8221;][et_pb_column type=&#8221;4_4&#8243; _builder_version=&#8221;4.17.1&#8243; _module_preset=&#8221;default&#8221; global_colors_info=&#8221;{}&#8221;][et_pb_text _builder_version=&#8221;4.25.0&#8243; _module_preset=&#8221;default&#8221; text_font=&#8221;Caveat Brush||||||||&#8221; text_text_color=&#8221;#FFFFFF&#8221; text_font_size=&#8221;40px&#8221; link_font=&#8221;Mulish||||||||&#8221; link_text_align=&#8221;center&#8221; link_text_color=&#8221;#FFFFFF&#8221; header_text_align=&#8221;center&#8221; text_orientation=&#8221;center&#8221; module_alignment=&#8221;center&#8221; text_font_size_tablet=&#8221;32px&#8221; text_font_size_phone=&#8221;26px&#8221; text_font_size_last_edited=&#8221;on|tablet&#8221; global_colors_info=&#8221;{}&#8221;]<\/p>\n<p>Utbildning<\/p>\n<p>[\/et_pb_text][et_pb_text _builder_version=&#8221;4.25.0&#8243; _dynamic_attributes=&#8221;content&#8221; _module_preset=&#8221;default&#8221; header_font=&#8221;Mulish|800|||||||&#8221; header_text_align=&#8221;center&#8221; header_text_color=&#8221;#FFFFFF&#8221; header_font_size=&#8221;48px&#8221; header_line_height=&#8221;1.1em&#8221; max_width=&#8221;1200px&#8221; module_alignment=&#8221;center&#8221; custom_margin=&#8221;||30px||false|false&#8221; custom_margin_tablet=&#8221;-10px||-4px||false|false&#8221; header_font_size_tablet=&#8221;40px&#8221; header_font_size_phone=&#8221;24px&#8221; header_font_size_last_edited=&#8221;on|desktop&#8221; global_colors_info=&#8221;{}&#8221;]@ET-DC@eyJkeW5hbWljIjp0cnVlLCJjb250ZW50IjoicG9zdF90aXRsZSIsInNldHRpbmdzIjp7ImJlZm9yZSI6IjxoMT4iLCJhZnRlciI6IjwvaDE+In19@[\/et_pb_text][\/et_pb_column][\/et_pb_row][\/et_pb_section][et_pb_section fb_built=&#8221;1&#8243; admin_label=&#8221;Header&#8221; _builder_version=&#8221;4.25.0&#8243; _module_preset=&#8221;default&#8221; background_enable_color=&#8221;off&#8221; background_image=&#8221;https:\/\/www.learntomove.se\/wp-content\/uploads\/2023\/05\/saas-landing-16-yr-2.png&#8221; background_size=&#8221;initial&#8221; background_position=&#8221;bottom_center&#8221; custom_margin=&#8221;||125px|||&#8221; custom_margin_tablet=&#8221;||40px|||&#8221; custom_margin_phone=&#8221;||70px||false|false&#8221; custom_margin_last_edited=&#8221;on|phone&#8221; global_colors_info=&#8221;{}&#8221;][et_pb_row use_custom_gutter=&#8221;on&#8221; gutter_width=&#8221;2&#8243; _builder_version=&#8221;4.25.0&#8243; _module_preset=&#8221;default&#8221; max_width=&#8221;820px&#8221; custom_padding=&#8221;3px||50px|||&#8221; global_colors_info=&#8221;{}&#8221;][et_pb_column type=&#8221;4_4&#8243; _builder_version=&#8221;4.16&#8243; _module_preset=&#8221;default&#8221; global_colors_info=&#8221;{}&#8221;][et_pb_image src=&#8221;https:\/\/www.learntomove.se\/wp-content\/uploads\/2023\/08\/Depositphotos_84307428_xl-2015.jpg&#8221; title_text=&#8221;Small toddler playing in a tunnel tube&#8221; _builder_version=&#8221;4.25.0&#8243; _module_preset=&#8221;default&#8221; max_width=&#8221;80%&#8221; max_width_tablet=&#8221;50%&#8221; max_width_phone=&#8221;100%&#8221; max_width_last_edited=&#8221;on|phone&#8221; custom_margin=&#8221;||50px|||&#8221; hover_enabled=&#8221;0&#8243; border_radii=&#8221;on|20px|20px|20px|20px&#8221; global_colors_info=&#8221;{}&#8221; sticky_enabled=&#8221;0&#8243;][\/et_pb_image][et_pb_text _builder_version=&#8221;4.25.0&#8243; _module_preset=&#8221;df96b77a-cd4f-44a8-a771-2d6347592b53&#8243; header_2_font=&#8221;Mulish|800|||||||&#8221; header_2_text_align=&#8221;left&#8221; header_2_text_color=&#8221;#322567&#8243; header_2_font_size=&#8221;30px&#8221; header_2_line_height=&#8221;1.2em&#8221; custom_margin=&#8221;-2px||||false|false&#8221; header_2_font_size_tablet=&#8221;40px&#8221; header_2_font_size_phone=&#8221;30px&#8221; header_2_font_size_last_edited=&#8221;on|phone&#8221; locked=&#8221;off&#8221; global_colors_info=&#8221;{}&#8221;]<\/p>\n<h2>Kursbeskrivning<\/h2>\n<p>[\/et_pb_text][et_pb_text _builder_version=&#8221;4.25.0&#8243; _module_preset=&#8221;5ff55506-da7d-4dd7-b409-9d62c7203201&#8243; text_text_color=&#8221;#7b88a8&#8243; text_line_height=&#8221;1.6em&#8221; header_3_text_color=&#8221;#7b88a8&#8243; header_3_font_size=&#8221;18px&#8221; header_3_line_height=&#8221;1.5em&#8221; max_width=&#8221;820px&#8221; module_alignment=&#8221;left&#8221; custom_margin=&#8221;12px||24px||false|false&#8221; custom_margin_phone=&#8221;-10px||27px||false|false&#8221; custom_padding=&#8221;||0px|||&#8221; text_font_size_tablet=&#8221;18px&#8221; text_font_size_phone=&#8221;15px&#8221; text_font_size_last_edited=&#8221;on|phone&#8221; text_line_height_phone=&#8221;1.5em&#8221; header_3_font_size_tablet=&#8221;18px&#8221; header_3_font_size_phone=&#8221;18px&#8221; header_3_font_size_last_edited=&#8221;on|desktop&#8221; header_3_line_height_tablet=&#8221;1.5em&#8221; header_3_line_height_phone=&#8221;1.4em&#8221; header_3_line_height_last_edited=&#8221;on|desktop&#8221; locked=&#8221;off&#8221; global_colors_info=&#8221;{}&#8221;]<\/p>\n<h3>Plats: H\u00e4lsans Hus, Fj\u00e4llgatan 23b Stockholm<\/h3>\n<h3>Antal dagar: Tv\u00e5 heldagar \u2013 n\u00e4sta kurs 4-5:e maj 2026<\/h3>\n<h3>Kostnad: 5 900 kr + moms<\/h3>\n<h3>M\u00e5lgrupp: Fysioterapeuter, arbetsterapeuter och andra som arbetar med barnmotorik<\/h3>\n<h3>Kursledare: Ulrika Myhr, leg.fysioterapeut, barnspecialist<\/h3>\n<p>[\/et_pb_text][et_pb_text _builder_version=&#8221;4.25.0&#8243; _module_preset=&#8221;5ff55506-da7d-4dd7-b409-9d62c7203201&#8243; text_text_color=&#8221;#7b88a8&#8243; text_line_height=&#8221;1.6em&#8221; header_3_text_color=&#8221;#7b88a8&#8243; header_3_font_size=&#8221;18px&#8221; header_3_line_height=&#8221;1.5em&#8221; max_width=&#8221;820px&#8221; module_alignment=&#8221;left&#8221; custom_margin=&#8221;12px||24px||false|false&#8221; custom_margin_phone=&#8221;-10px||27px||false|false&#8221; custom_padding=&#8221;||0px|||&#8221; text_font_size_tablet=&#8221;18px&#8221; text_font_size_phone=&#8221;15px&#8221; text_font_size_last_edited=&#8221;on|phone&#8221; text_line_height_phone=&#8221;1.5em&#8221; header_3_font_size_tablet=&#8221;18px&#8221; header_3_font_size_phone=&#8221;18px&#8221; header_3_font_size_last_edited=&#8221;on|desktop&#8221; header_3_line_height_tablet=&#8221;1.5em&#8221; header_3_line_height_phone=&#8221;1.4em&#8221; header_3_line_height_last_edited=&#8221;on|desktop&#8221; locked=&#8221;off&#8221; global_colors_info=&#8221;{}&#8221;]<\/p>\n<p>Kursen i motorisk utveckling och behandling av barn ger dig n\u00f6dv\u00e4ndiga grunder om du arbetar med barn. Du l\u00e4r dig vad motorisk utveckling \u00e4r, hur den skiljer sig fr\u00e5n idrott eller annan fysisk aktivitet, och ocks\u00e5 vilka faktorer som p\u00e5verkar den. Du l\u00e4r dig grunder i r\u00f6relseanalys, f\u00f6rst\u00e5else f\u00f6r hur styrka, balans och koordination utvecklas efter speciella logiska regler. I utveckling ing\u00e5r ocks\u00e5 uppm\u00e4rksamhet p\u00e5 sinnena vilket vi ocks\u00e5 kartl\u00e4gger och t\u00e4nker till om. Dessa grunder \u00e4r viktiga f\u00f6r alla som arbetar med barn och ungdomar oavsett i vilken verksamhet det sker: \u00f6ppen v\u00e5rd, sluten v\u00e5rd, skola, bup, habilitering eller annat. Du f\u00e5r praktiskt till\u00e4mpbara kunskaper som g\u00f6r att du kan l\u00e4ra barn n\u00e4sta steg i utvecklingen samt ett motoriskt-neurologiskt status f\u00f6r bed\u00f6mning av sm\u00e5 barn. DCD-avsnittet \u00e4r flyttat till separat kurs.<\/p>\n<p>[\/et_pb_text][et_pb_text quote_border_color=&#8221;#00B094&#8243; _builder_version=&#8221;4.25.0&#8243; _module_preset=&#8221;5ff55506-da7d-4dd7-b409-9d62c7203201&#8243; text_text_color=&#8221;#7b88a8&#8243; text_line_height=&#8221;1.6em&#8221; quote_font=&#8221;||on||||||&#8221; header_3_text_color=&#8221;#7b88a8&#8243; header_3_font_size=&#8221;18px&#8221; header_3_line_height=&#8221;1.5em&#8221; max_width=&#8221;820px&#8221; module_alignment=&#8221;left&#8221; custom_margin=&#8221;12px||24px||false|false&#8221; custom_margin_phone=&#8221;-10px||27px||false|false&#8221; custom_padding=&#8221;||0px|||&#8221; hover_enabled=&#8221;0&#8243; text_font_size_tablet=&#8221;18px&#8221; text_font_size_phone=&#8221;15px&#8221; text_font_size_last_edited=&#8221;on|phone&#8221; text_line_height_phone=&#8221;1.5em&#8221; header_3_font_size_tablet=&#8221;18px&#8221; header_3_font_size_phone=&#8221;18px&#8221; header_3_font_size_last_edited=&#8221;on|desktop&#8221; header_3_line_height_tablet=&#8221;1.5em&#8221; header_3_line_height_phone=&#8221;1.4em&#8221; header_3_line_height_last_edited=&#8221;on|desktop&#8221; locked=&#8221;off&#8221; global_colors_info=&#8221;{}&#8221; sticky_enabled=&#8221;0&#8243;]<\/p>\n<blockquote>\n<p>\u201cDu \u00e4r en stor inspirationsk\u00e4lla! Och g\u00f6r mig stolt att vara sjukgymnast\u201d &#8211; Tidigare kursdeltagare<\/p>\n<\/blockquote>\n<p>[\/et_pb_text][et_pb_text quote_border_color=&#8221;#00B094&#8243; _builder_version=&#8221;4.25.0&#8243; _module_preset=&#8221;5ff55506-da7d-4dd7-b409-9d62c7203201&#8243; text_text_color=&#8221;#7b88a8&#8243; text_line_height=&#8221;1.6em&#8221; quote_font=&#8221;||on||||||&#8221; header_3_text_color=&#8221;#7b88a8&#8243; header_3_font_size=&#8221;18px&#8221; header_3_line_height=&#8221;1.5em&#8221; max_width=&#8221;820px&#8221; module_alignment=&#8221;left&#8221; custom_margin=&#8221;12px||24px||false|false&#8221; custom_margin_phone=&#8221;-10px||27px||false|false&#8221; custom_padding=&#8221;||0px|||&#8221; hover_enabled=&#8221;0&#8243; text_font_size_tablet=&#8221;18px&#8221; text_font_size_phone=&#8221;15px&#8221; text_font_size_last_edited=&#8221;on|phone&#8221; text_line_height_phone=&#8221;1.5em&#8221; header_3_font_size_tablet=&#8221;18px&#8221; header_3_font_size_phone=&#8221;18px&#8221; header_3_font_size_last_edited=&#8221;on|desktop&#8221; header_3_line_height_tablet=&#8221;1.5em&#8221; header_3_line_height_phone=&#8221;1.4em&#8221; header_3_line_height_last_edited=&#8221;on|desktop&#8221; locked=&#8221;off&#8221; global_colors_info=&#8221;{}&#8221; sticky_enabled=&#8221;0&#8243;]<\/p>\n<blockquote>\n<p>\u201cHelt fantastiskt kurs, v\u00e4ldigt motiverande och tydligt i undervisningen\u201d &#8211; Tidigare kursdeltagare<\/p>\n<\/blockquote>\n<p>[\/et_pb_text][et_pb_text quote_border_color=&#8221;#00B094&#8243; _builder_version=&#8221;4.25.0&#8243; _module_preset=&#8221;5ff55506-da7d-4dd7-b409-9d62c7203201&#8243; text_text_color=&#8221;#7b88a8&#8243; text_line_height=&#8221;1.6em&#8221; quote_font=&#8221;||on||||||&#8221; header_3_text_color=&#8221;#7b88a8&#8243; header_3_font_size=&#8221;18px&#8221; header_3_line_height=&#8221;1.5em&#8221; max_width=&#8221;820px&#8221; module_alignment=&#8221;left&#8221; custom_margin=&#8221;12px||24px||false|false&#8221; custom_margin_phone=&#8221;-10px||27px||false|false&#8221; custom_padding=&#8221;||0px|||&#8221; hover_enabled=&#8221;0&#8243; text_font_size_tablet=&#8221;18px&#8221; text_font_size_phone=&#8221;15px&#8221; text_font_size_last_edited=&#8221;on|phone&#8221; text_line_height_phone=&#8221;1.5em&#8221; header_3_font_size_tablet=&#8221;18px&#8221; header_3_font_size_phone=&#8221;18px&#8221; header_3_font_size_last_edited=&#8221;on|desktop&#8221; header_3_line_height_tablet=&#8221;1.5em&#8221; header_3_line_height_phone=&#8221;1.4em&#8221; header_3_line_height_last_edited=&#8221;on|desktop&#8221; locked=&#8221;off&#8221; global_colors_info=&#8221;{}&#8221; sticky_enabled=&#8221;0&#8243;]<\/p>\n<blockquote>\n<p>\u201cAllt var bra \u2013 s\u00e5 inspirerad, vill hem och jobba!\u201d &#8211; Tidigare kursdeltagare<\/p>\n<\/blockquote>\n<p>[\/et_pb_text][et_pb_text quote_border_color=&#8221;#00B094&#8243; _builder_version=&#8221;4.25.0&#8243; _module_preset=&#8221;5ff55506-da7d-4dd7-b409-9d62c7203201&#8243; text_text_color=&#8221;#7b88a8&#8243; text_line_height=&#8221;1.6em&#8221; quote_font=&#8221;||on||||||&#8221; header_3_text_color=&#8221;#7b88a8&#8243; header_3_font_size=&#8221;18px&#8221; header_3_line_height=&#8221;1.5em&#8221; max_width=&#8221;820px&#8221; module_alignment=&#8221;left&#8221; custom_margin=&#8221;12px||24px||false|false&#8221; custom_margin_phone=&#8221;-10px||27px||false|false&#8221; custom_padding=&#8221;||0px|||&#8221; hover_enabled=&#8221;0&#8243; text_font_size_tablet=&#8221;18px&#8221; text_font_size_phone=&#8221;15px&#8221; text_font_size_last_edited=&#8221;on|phone&#8221; text_line_height_phone=&#8221;1.5em&#8221; header_3_font_size_tablet=&#8221;18px&#8221; header_3_font_size_phone=&#8221;18px&#8221; header_3_font_size_last_edited=&#8221;on|desktop&#8221; header_3_line_height_tablet=&#8221;1.5em&#8221; header_3_line_height_phone=&#8221;1.4em&#8221; header_3_line_height_last_edited=&#8221;on|desktop&#8221; locked=&#8221;off&#8221; global_colors_info=&#8221;{}&#8221; sticky_enabled=&#8221;0&#8243;]<\/p>\n<blockquote>\n<p>\u201dJ\u00e4ttebra kurs! S\u00e5 otroligt kunnig, engagerad och inspirerande kursledare.\u201d &#8211; Tidigare kursdeltagare<\/p>\n<\/blockquote>\n<p>[\/et_pb_text][et_pb_text _builder_version=&#8221;4.25.0&#8243; _module_preset=&#8221;5ff55506-da7d-4dd7-b409-9d62c7203201&#8243; text_text_color=&#8221;#7b88a8&#8243; text_line_height=&#8221;1.6em&#8221; header_3_text_color=&#8221;#7b88a8&#8243; header_3_font_size=&#8221;18px&#8221; header_3_line_height=&#8221;1.5em&#8221; max_width=&#8221;820px&#8221; module_alignment=&#8221;left&#8221; custom_margin=&#8221;12px||24px||false|false&#8221; custom_margin_phone=&#8221;-10px||27px||false|false&#8221; custom_padding=&#8221;||0px|||&#8221; link_option_url_new_window=&#8221;on&#8221; hover_enabled=&#8221;0&#8243; text_font_size_tablet=&#8221;18px&#8221; text_font_size_phone=&#8221;15px&#8221; text_font_size_last_edited=&#8221;on|phone&#8221; text_line_height_phone=&#8221;1.5em&#8221; header_3_font_size_tablet=&#8221;18px&#8221; header_3_font_size_phone=&#8221;18px&#8221; header_3_font_size_last_edited=&#8221;on|desktop&#8221; header_3_line_height_tablet=&#8221;1.5em&#8221; header_3_line_height_phone=&#8221;1.4em&#8221; header_3_line_height_last_edited=&#8221;on|desktop&#8221; locked=&#8221;off&#8221; global_colors_info=&#8221;{}&#8221; sticky_enabled=&#8221;0&#8243;]<\/p>\n<p>H\u00e4r kan du se <strong><a href=\"https:\/\/www.learntomove.se\/wp-content\/uploads\/2025\/08\/Inbjudan-2026.pdf\" target=\"_blank\" rel=\"noopener\">inbjudan &amp; program<\/a><\/strong>.<\/p>\n<p>[\/et_pb_text][et_pb_button button_url=&#8221;@ET-DC@eyJkeW5hbWljIjp0cnVlLCJjb250ZW50IjoicG9zdF9saW5rX3VybF9wYWdlIiwic2V0dGluZ3MiOnsicG9zdF9pZCI6IjgxMzI5In19@&#8221; button_text=&#8221;Anm\u00e4lan till kurs&#8221; button_alignment=&#8221;left&#8221; _builder_version=&#8221;4.25.0&#8243; _dynamic_attributes=&#8221;button_url&#8221; _module_preset=&#8221;default&#8221; custom_button=&#8221;on&#8221; button_text_size=&#8221;16px&#8221; button_text_color=&#8221;#FFFFFF&#8221; button_bg_color=&#8221;#00B094&#8243; button_border_width=&#8221;2px&#8221; button_border_color=&#8221;RGBA(255,255,255,0)&#8221; button_border_radius=&#8221;55px&#8221; button_font=&#8221;Mulish|700|||||||&#8221; button_icon=&#8221;&#x35;||divi||400&#8243; custom_margin=&#8221;0px||4px||false|false&#8221; custom_margin_tablet=&#8221;0px||4px||false|false&#8221; custom_margin_phone=&#8221;0px||46px||false|false&#8221; custom_margin_last_edited=&#8221;on|phone&#8221; custom_padding=&#8221;15px|35px|15px|35px|false|false&#8221; custom_padding_tablet=&#8221;15px|35px|15px|35px|false|false&#8221; custom_padding_phone=&#8221;15px|35px|15px|35px|false|false&#8221; custom_padding_last_edited=&#8221;on|phone&#8221; hover_enabled=&#8221;0&#8243; locked=&#8221;off&#8221; global_colors_info=&#8221;{}&#8221; button_bg_color__hover_enabled=&#8221;on|desktop&#8221; button_bg_color__hover=&#8221;#FFFFFF&#8221; button_bg_enable_color__hover=&#8221;on&#8221; button_text_color__hover_enabled=&#8221;on|hover&#8221; button_text_color__hover=&#8221;#00B094&#8243; button_letter_spacing__hover_enabled=&#8221;on|hover&#8221; button_letter_spacing__hover=&#8221;0px&#8221; button_border_color__hover_enabled=&#8221;on|hover&#8221; button_border_color__hover=&#8221;#00B094&#8243; sticky_enabled=&#8221;0&#8243;][\/et_pb_button][et_pb_text _builder_version=&#8221;4.25.0&#8243; _module_preset=&#8221;df96b77a-cd4f-44a8-a771-2d6347592b53&#8243; header_text_color=&#8221;#000000&#8243; header_2_font=&#8221;Mulish|800|||||||&#8221; header_2_font_size=&#8221;21px&#8221; header_2_line_height=&#8221;1.2em&#8221; header_3_font=&#8221;Mulish|800|||||||&#8221; header_3_text_align=&#8221;left&#8221; header_3_text_color=&#8221;gcid-3c17f7e0-a71e-4120-8add-deaafa41b380&#8243; header_3_font_size=&#8221;23px&#8221; custom_margin=&#8221;45px||6px||false|false&#8221; custom_margin_phone=&#8221;-10px||10px||false|false&#8221; custom_padding=&#8221;0px||0px||false|false&#8221; header_2_font_size_tablet=&#8221;25px&#8221; header_2_font_size_phone=&#8221;25px&#8221; header_2_font_size_last_edited=&#8221;on|phone&#8221; locked=&#8221;off&#8221; global_colors_info=&#8221;{%22gcid-3c17f7e0-a71e-4120-8add-deaafa41b380%22:%91%22header_3_text_color%22,%22header_3_text_color%22%93}&#8221;]<\/p>\n<h2>Fr\u00e5gor?<\/h2>\n<p>[\/et_pb_text][et_pb_text _builder_version=&#8221;4.25.0&#8243; _module_preset=&#8221;5ff55506-da7d-4dd7-b409-9d62c7203201&#8243; text_text_color=&#8221;#7b88a8&#8243; text_line_height=&#8221;1.6em&#8221; header_3_text_color=&#8221;#7b88a8&#8243; header_3_font_size=&#8221;18px&#8221; header_3_line_height=&#8221;1.5em&#8221; max_width=&#8221;820px&#8221; module_alignment=&#8221;left&#8221; custom_margin=&#8221;12px||24px||false|false&#8221; custom_margin_phone=&#8221;-10px||27px||false|false&#8221; custom_padding=&#8221;||0px|||&#8221; link_option_url_new_window=&#8221;on&#8221; text_font_size_tablet=&#8221;18px&#8221; text_font_size_phone=&#8221;15px&#8221; text_font_size_last_edited=&#8221;on|phone&#8221; text_line_height_phone=&#8221;1.5em&#8221; header_3_font_size_tablet=&#8221;18px&#8221; header_3_font_size_phone=&#8221;18px&#8221; header_3_font_size_last_edited=&#8221;on|desktop&#8221; header_3_line_height_tablet=&#8221;1.5em&#8221; header_3_line_height_phone=&#8221;1.4em&#8221; header_3_line_height_last_edited=&#8221;on|desktop&#8221; locked=&#8221;off&#8221; global_colors_info=&#8221;{}&#8221;]<\/p>\n<p>Ulrika Myhr<br \/>+46 (0)73-526 48 88<br \/>ulrika@learntomove.se<\/p>\n<p>[\/et_pb_text][et_pb_button button_url=&#8221;@ET-DC@eyJkeW5hbWljIjp0cnVlLCJjb250ZW50IjoicG9zdF9saW5rX3VybF9wYWdlIiwic2V0dGluZ3MiOnsicG9zdF9pZCI6IjgwMjg2In19@&#8221; button_text=&#8221;Tillbaka till utbildning&#8221; button_alignment=&#8221;left&#8221; button_alignment_tablet=&#8221;left&#8221; button_alignment_phone=&#8221;center&#8221; button_alignment_last_edited=&#8221;on|phone&#8221; _builder_version=&#8221;4.25.0&#8243; _dynamic_attributes=&#8221;button_url&#8221; _module_preset=&#8221;default&#8221; custom_button=&#8221;on&#8221; button_text_size=&#8221;16px&#8221; button_text_color=&#8221;#00B094&#8243; button_bg_color=&#8221;RGBA(255,255,255,0)&#8221; button_border_width=&#8221;0px&#8221; button_border_color=&#8221;RGBA(255,255,255,0)&#8221; button_border_radius=&#8221;100px&#8221; button_letter_spacing=&#8221;0px&#8221; button_font=&#8221;Mulish|700|||||||&#8221; button_icon=&#8221;&#x23;||divi||400&#8243; button_icon_color=&#8221;#00B094&#8243; button_icon_placement=&#8221;left&#8221; button_on_hover=&#8221;off&#8221; custom_margin=&#8221;80px||-8px|-35px|false|false&#8221; custom_margin_tablet=&#8221;-4px||-8px|-35px|false|false&#8221; custom_margin_phone=&#8221;46px||-8px|0px|false|false&#8221; custom_margin_last_edited=&#8221;on|phone&#8221; custom_padding=&#8221;|||0px|false|false&#8221; locked=&#8221;off&#8221; global_colors_info=&#8221;{}&#8221; button_text_color__hover_enabled=&#8221;on|desktop&#8221; button_text_color__hover=&#8221;#21cdc0&#8243; button_icon_color__hover_enabled=&#8221;on|hover&#8221; button_icon_color__hover=&#8221;#21cdc0&#8243;][\/et_pb_button][\/et_pb_column][\/et_pb_row][\/et_pb_section]<\/p>\n","protected":false},"excerpt":{"rendered":"<p>UtbildningKursbeskrivningPlats: H\u00e4lsans Hus, Fj\u00e4llgatan 23b Stockholm Antal dagar: Tv\u00e5 heldagar \u2013 n\u00e4sta kurs 4-5:e maj 2026 Kostnad: 5 900 kr + moms M\u00e5lgrupp: Fysioterapeuter, arbetsterapeuter och andra som arbetar med barnmotorik Kursledare: Ulrika Myhr, leg.fysioterapeut, barnspecialistKursen i motorisk utveckling och behandling av barn ger dig n\u00f6dv\u00e4ndiga grunder om du arbetar med barn. Du l\u00e4r dig [&hellip;]<\/p>\n","protected":false},"author":1,"featured_media":0,"parent":80286,"menu_order":0,"comment_status":"closed","ping_status":"closed","template":"","meta":{"_et_pb_use_builder":"on","_et_pb_old_content":"","_et_gb_content_width":"","footnotes":""},"class_list":["post-83063","page","type-page","status-publish","hentry"],"jetpack_sharing_enabled":true,"_links":{"self":[{"href":"https:\/\/www.learntomove.se\/sv\/wp-json\/wp\/v2\/pages\/83063","targetHints":{"allow":["GET"]}}],"collection":[{"href":"https:\/\/www.learntomove.se\/sv\/wp-json\/wp\/v2\/pages"}],"about":[{"href":"https:\/\/www.learntomove.se\/sv\/wp-json\/wp\/v2\/types\/page"}],"author":[{"embeddable":true,"href":"https:\/\/www.learntomove.se\/sv\/wp-json\/wp\/v2\/users\/1"}],"replies":[{"embeddable":true,"href":"https:\/\/www.learntomove.se\/sv\/wp-json\/wp\/v2\/comments?post=83063"}],"version-history":[{"count":5,"href":"https:\/\/www.learntomove.se\/sv\/wp-json\/wp\/v2\/pages\/83063\/revisions"}],"predecessor-version":[{"id":83114,"href":"https:\/\/www.learntomove.se\/sv\/wp-json\/wp\/v2\/pages\/83063\/revisions\/83114"}],"up":[{"embeddable":true,"href":"https:\/\/www.learntomove.se\/sv\/wp-json\/wp\/v2\/pages\/80286"}],"wp:attachment":[{"href":"https:\/\/www.learntomove.se\/sv\/wp-json\/wp\/v2\/media?parent=83063"}],"curies":[{"name":"wp","href":"https:\/\/api.w.org\/{rel}","templated":true}]}}