{"id":81643,"date":"2023-10-21T13:54:02","date_gmt":"2023-10-21T13:54:02","guid":{"rendered":"https:\/\/www.learntomove.se\/?page_id=81643"},"modified":"2023-10-21T13:54:31","modified_gmt":"2023-10-21T13:54:31","slug":"kopvillkor","status":"publish","type":"page","link":"https:\/\/www.learntomove.se\/sv\/kopvillkor\/","title":{"rendered":"K\u00f6pvillkor"},"content":{"rendered":"<p>[et_pb_section fb_built=&#8221;1&#8243; custom_padding_last_edited=&#8221;on|phone&#8221; admin_label=&#8221;Header&#8221; _builder_version=&#8221;4.22.0&#8243; _module_preset=&#8221;default&#8221; background_color=&#8221;#00B094&#8243; background_enable_image=&#8221;off&#8221; background_position=&#8221;top_center&#8221; module_alignment=&#8221;center&#8221; height_tablet=&#8221;390px&#8221; height_phone=&#8221;auto&#8221; height_last_edited=&#8221;on|tablet&#8221; custom_margin=&#8221;-20px||-1px||false|false&#8221; custom_margin_tablet=&#8221;||-1px||false|false&#8221; custom_margin_phone=&#8221;||||false|false&#8221; custom_margin_last_edited=&#8221;on|phone&#8221; custom_padding=&#8221;80px||130px||false|false&#8221; custom_padding_tablet=&#8221;100px||||false|false&#8221; custom_padding_phone=&#8221;||22vw||false|false&#8221; top_divider_height_tablet=&#8221;&#8221; top_divider_height_phone=&#8221;&#8221; top_divider_height_last_edited=&#8221;on|phone&#8221; bottom_divider_style=&#8221;wave&#8221; bottom_divider_color=&#8221;#FFFFFF&#8221; bottom_divider_height=&#8221;6vw&#8221; bottom_divider_repeat=&#8221;1x&#8221; bottom_divider_flip=&#8221;horizontal&#8221; bottom_divider_height_tablet=&#8221;6vw&#8221; bottom_divider_height_phone=&#8221;18vw&#8221; bottom_divider_height_last_edited=&#8221;on|phone&#8221; locked=&#8221;off&#8221; collapsed=&#8221;on&#8221; global_colors_info=&#8221;{}&#8221; theme_builder_area=&#8221;post_content&#8221;][et_pb_row use_custom_gutter=&#8221;on&#8221; make_equal=&#8221;on&#8221; _builder_version=&#8221;4.21.0&#8243; _module_preset=&#8221;default&#8221; z_index=&#8221;10&#8243; width=&#8221;90%&#8221; max_width=&#8221;1200px&#8221; module_alignment=&#8221;center&#8221; custom_padding=&#8221;0px||3px||false|false&#8221; global_colors_info=&#8221;{}&#8221; theme_builder_area=&#8221;post_content&#8221;][et_pb_column type=&#8221;4_4&#8243; _builder_version=&#8221;4.17.1&#8243; _module_preset=&#8221;default&#8221; global_colors_info=&#8221;{}&#8221; theme_builder_area=&#8221;post_content&#8221;][et_pb_text _builder_version=&#8221;4.22.0&#8243; _module_preset=&#8221;default&#8221; text_font=&#8221;Caveat Brush||||||||&#8221; text_text_color=&#8221;#FFFFFF&#8221; text_font_size=&#8221;40px&#8221; link_font=&#8221;Mulish||||||||&#8221; link_text_align=&#8221;center&#8221; link_text_color=&#8221;#FFFFFF&#8221; header_text_align=&#8221;center&#8221; text_orientation=&#8221;center&#8221; module_alignment=&#8221;center&#8221; custom_margin=&#8221;32px||-12px||false|false&#8221; hover_enabled=&#8221;0&#8243; text_font_size_tablet=&#8221;36px&#8221; text_font_size_phone=&#8221;28px&#8221; text_font_size_last_edited=&#8221;on|tablet&#8221; locked=&#8221;off&#8221; global_colors_info=&#8221;{}&#8221; theme_builder_area=&#8221;post_content&#8221; sticky_enabled=&#8221;0&#8243;]<\/p>\n<p>Learn to Move AB<\/p>\n<p>[\/et_pb_text][et_pb_text _builder_version=&#8221;4.22.0&#8243; _module_preset=&#8221;default&#8221; header_3_font=&#8221;Mulish|800|||||||&#8221; header_3_text_align=&#8221;center&#8221; header_3_text_color=&#8221;#FFFFFF&#8221; header_3_font_size=&#8221;40px&#8221; header_3_line_height=&#8221;1.2em&#8221; max_width=&#8221;800px&#8221; module_alignment=&#8221;center&#8221; custom_margin=&#8221;15px||15px||false|false&#8221; custom_margin_phone=&#8221;15px||15px||false|false&#8221; header_3_font_size_tablet=&#8221;&#8221; header_3_font_size_phone=&#8221;30px&#8221; header_3_font_size_last_edited=&#8221;on|phone&#8221; locked=&#8221;off&#8221; global_colors_info=&#8221;{}&#8221; theme_builder_area=&#8221;post_content&#8221;]<\/p>\n<h3>K\u00f6pvillkor<\/h3>\n<p>[\/et_pb_text][\/et_pb_column][\/et_pb_row][\/et_pb_section][et_pb_section fb_built=&#8221;1&#8243; admin_label=&#8221;Services&#8221; _builder_version=&#8221;4.21.0&#8243; background_image=&#8221;https:\/\/www.learntomove.se\/wp-content\/uploads\/2023\/05\/saas-landing-16-yr-2.png&#8221; background_size=&#8221;contain&#8221; background_position=&#8221;bottom_center&#8221; custom_padding=&#8221;2px|||||&#8221; locked=&#8221;off&#8221; global_colors_info=&#8221;{}&#8221; theme_builder_area=&#8221;post_content&#8221;][et_pb_row use_custom_gutter=&#8221;on&#8221; gutter_width=&#8221;2&#8243; _builder_version=&#8221;4.22.0&#8243; _module_preset=&#8221;default&#8221; width=&#8221;90%&#8221; max_width=&#8221;1200px&#8221; custom_padding=&#8221;60px||3px|||&#8221; locked=&#8221;off&#8221; global_colors_info=&#8221;{}&#8221; theme_builder_area=&#8221;post_content&#8221; custom_margin=&#8221;|auto|188px|auto||&#8221;][et_pb_column type=&#8221;4_4&#8243; _builder_version=&#8221;4.22.0&#8243; _module_preset=&#8221;default&#8221; global_colors_info=&#8221;{}&#8221; theme_builder_area=&#8221;post_content&#8221;][et_pb_text _builder_version=&#8221;4.22.0&#8243; text_text_color=&#8221;#7b88a8&#8243; text_font_size=&#8221;18px&#8221; text_line_height=&#8221;1.5em&#8221; module_alignment=&#8221;center&#8221; custom_margin=&#8221;||40px||false|false&#8221; custom_padding=&#8221;||0px|||&#8221; animation_direction=&#8221;top&#8221; hover_enabled=&#8221;0&#8243; text_font_size_tablet=&#8221;18px&#8221; text_font_size_phone=&#8221;16px&#8221; text_font_size_last_edited=&#8221;on|phone&#8221; module_alignment_tablet=&#8221;center&#8221; module_alignment_phone=&#8221;center&#8221; module_alignment_last_edited=&#8221;on|phone&#8221; locked=&#8221;off&#8221; global_colors_info=&#8221;{}&#8221; theme_builder_area=&#8221;post_content&#8221; max_width=&#8221;900px&#8221; sticky_enabled=&#8221;0&#8243;]<\/p>\n<p style=\"text-align: left;\">Nedan finner du v\u00e5ra k\u00f6pvillkor som reglerar ditt k\u00f6p av varor och tj\u00e4nster fr\u00e5n v\u00e5r webbutik. Vi ber dig v\u00e4nligen att noggrant l\u00e4sa igenom och f\u00f6rst\u00e5 dessa villkor innan du genomf\u00f6r ditt k\u00f6p. Genom att g\u00f6ra en best\u00e4llning hos oss godk\u00e4nner du och accepterar dessa k\u00f6pvillkor.<\/p>\n<p>[\/et_pb_text][et_pb_text _builder_version=&#8221;4.22.0&#8243; _module_preset=&#8221;df96b77a-cd4f-44a8-a771-2d6347592b53&#8243; header_text_color=&#8221;#000000&#8243; header_2_font=&#8221;Mulish|800|||||||&#8221; header_3_font=&#8221;Mulish|800|||||||&#8221; header_3_text_align=&#8221;left&#8221; header_3_text_color=&#8221;gcid-3c17f7e0-a71e-4120-8add-deaafa41b380&#8243; header_3_font_size=&#8221;23px&#8221; custom_margin=&#8221;0px||29px||false|false&#8221; custom_padding=&#8221;0px||0px||false|false&#8221; hover_enabled=&#8221;0&#8243; locked=&#8221;off&#8221; global_colors_info=&#8221;{%22gcid-3c17f7e0-a71e-4120-8add-deaafa41b380%22:%91%22header_3_text_color%22%93}&#8221; theme_builder_area=&#8221;post_content&#8221; max_width=&#8221;900px&#8221; module_alignment=&#8221;center&#8221; sticky_enabled=&#8221;0&#8243;]<\/p>\n<h2>1. Best\u00e4llning och avtal<\/h2>\n<p>[\/et_pb_text][et_pb_text _builder_version=&#8221;4.22.0&#8243; _module_preset=&#8221;5ff55506-da7d-4dd7-b409-9d62c7203201&#8243; text_text_color=&#8221;#7b88a8&#8243; text_line_height=&#8221;1.6em&#8221; module_alignment=&#8221;center&#8221; custom_margin=&#8221;-18px||17px||false|false&#8221; hover_enabled=&#8221;0&#8243; locked=&#8221;off&#8221; global_colors_info=&#8221;{}&#8221; theme_builder_area=&#8221;post_content&#8221; max_width=&#8221;900px&#8221; sticky_enabled=&#8221;0&#8243;]<\/p>\n<p>1.1 Genom att placera en best\u00e4llning via v\u00e5r webbutik, anses du ha ing\u00e5tt ett avtal med Learn to Move AB f\u00f6r k\u00f6p av de varor och tj\u00e4nster du har valt. Ett avtal \u00e4r bindande f\u00f6r b\u00e5de dig och Learn to Move AB.<\/p>\n<p>1.2 Learn to Move AB f\u00f6rbeh\u00e5ller sig r\u00e4tten att neka eller avbryta en best\u00e4llning om det f\u00f6religger misstanke om bedr\u00e4geri, ogiltiga uppgifter eller andra orsaker som g\u00f6r det ol\u00e4mpligt att slutf\u00f6ra k\u00f6pet.<\/p>\n<p>[\/et_pb_text][et_pb_text _builder_version=&#8221;4.22.0&#8243; _module_preset=&#8221;df96b77a-cd4f-44a8-a771-2d6347592b53&#8243; header_text_color=&#8221;#000000&#8243; header_2_font=&#8221;Mulish|800|||||||&#8221; header_3_font=&#8221;Mulish|800|||||||&#8221; header_3_text_align=&#8221;left&#8221; header_3_text_color=&#8221;gcid-3c17f7e0-a71e-4120-8add-deaafa41b380&#8243; header_3_font_size=&#8221;23px&#8221; custom_margin=&#8221;0px||29px||false|false&#8221; custom_padding=&#8221;0px||0px||false|false&#8221; hover_enabled=&#8221;0&#8243; locked=&#8221;off&#8221; global_colors_info=&#8221;{%22gcid-3c17f7e0-a71e-4120-8add-deaafa41b380%22:%91%22header_3_text_color%22%93}&#8221; theme_builder_area=&#8221;post_content&#8221; max_width=&#8221;900px&#8221; module_alignment=&#8221;center&#8221; sticky_enabled=&#8221;0&#8243;]<\/p>\n<h2>2. Priser och betalning<\/h2>\n<p>[\/et_pb_text][et_pb_text _builder_version=&#8221;4.22.0&#8243; _module_preset=&#8221;5ff55506-da7d-4dd7-b409-9d62c7203201&#8243; text_text_color=&#8221;#7b88a8&#8243; text_line_height=&#8221;1.6em&#8221; module_alignment=&#8221;center&#8221; custom_margin=&#8221;-18px||17px||false|false&#8221; hover_enabled=&#8221;0&#8243; locked=&#8221;off&#8221; global_colors_info=&#8221;{}&#8221; theme_builder_area=&#8221;post_content&#8221; max_width=&#8221;900px&#8221; sticky_enabled=&#8221;0&#8243;]<\/p>\n<p>2.1 Priser f\u00f6r v\u00e5ra varor och tj\u00e4nster anges i svenska kronor (SEK) inklusive moms om inte annat anges tydligt. Fraktkostnader tillkommer och anges vid kassan.<\/p>\n<p>2.2 Betalning kan g\u00f6ras med de betalningsmetoder som anges p\u00e5 v\u00e5r webbutik. Vi samarbetar med s\u00e4kra och p\u00e5litliga betalningsleverant\u00f6rer f\u00f6r att s\u00e4kerst\u00e4lla trygga transaktioner.<\/p>\n<p>[\/et_pb_text][et_pb_text _builder_version=&#8221;4.22.0&#8243; _module_preset=&#8221;df96b77a-cd4f-44a8-a771-2d6347592b53&#8243; header_text_color=&#8221;#000000&#8243; header_2_font=&#8221;Mulish|800|||||||&#8221; header_3_font=&#8221;Mulish|800|||||||&#8221; header_3_text_align=&#8221;left&#8221; header_3_text_color=&#8221;gcid-3c17f7e0-a71e-4120-8add-deaafa41b380&#8243; header_3_font_size=&#8221;23px&#8221; custom_margin=&#8221;0px||29px||false|false&#8221; custom_padding=&#8221;0px||0px||false|false&#8221; hover_enabled=&#8221;0&#8243; locked=&#8221;off&#8221; global_colors_info=&#8221;{%22gcid-3c17f7e0-a71e-4120-8add-deaafa41b380%22:%91%22header_3_text_color%22%93}&#8221; theme_builder_area=&#8221;post_content&#8221; max_width=&#8221;900px&#8221; module_alignment=&#8221;center&#8221; sticky_enabled=&#8221;0&#8243;]<\/p>\n<h2>3. Leverans<\/h2>\n<p>[\/et_pb_text][et_pb_text _builder_version=&#8221;4.22.0&#8243; _module_preset=&#8221;5ff55506-da7d-4dd7-b409-9d62c7203201&#8243; text_text_color=&#8221;#7b88a8&#8243; text_line_height=&#8221;1.6em&#8221; module_alignment=&#8221;center&#8221; custom_margin=&#8221;-18px||17px||false|false&#8221; hover_enabled=&#8221;0&#8243; locked=&#8221;off&#8221; global_colors_info=&#8221;{}&#8221; theme_builder_area=&#8221;post_content&#8221; max_width=&#8221;900px&#8221; sticky_enabled=&#8221;0&#8243;]<\/p>\n<p>3.1 Vi str\u00e4var efter att leverera dina best\u00e4llda varor och tj\u00e4nster s\u00e5 snabbt som m\u00f6jligt, men leveranstider kan variera beroende p\u00e5 din plats och produktens tillg\u00e4nglighet. Leveranstider anges vid best\u00e4llningen.<\/p>\n<p>3.2 Du ansvarar f\u00f6r att ge korrekta leveransuppgifter. Learn to Move AB ansvarar inte f\u00f6r felaktig leverans p\u00e5 grund av felaktiga eller ofullst\u00e4ndiga uppgifter som du har angett.<\/p>\n<p>[\/et_pb_text][et_pb_text _builder_version=&#8221;4.22.0&#8243; _module_preset=&#8221;df96b77a-cd4f-44a8-a771-2d6347592b53&#8243; header_text_color=&#8221;#000000&#8243; header_2_font=&#8221;Mulish|800|||||||&#8221; header_3_font=&#8221;Mulish|800|||||||&#8221; header_3_text_align=&#8221;left&#8221; header_3_text_color=&#8221;gcid-3c17f7e0-a71e-4120-8add-deaafa41b380&#8243; header_3_font_size=&#8221;23px&#8221; custom_margin=&#8221;0px||29px||false|false&#8221; custom_padding=&#8221;0px||0px||false|false&#8221; hover_enabled=&#8221;0&#8243; locked=&#8221;off&#8221; global_colors_info=&#8221;{%22gcid-3c17f7e0-a71e-4120-8add-deaafa41b380%22:%91%22header_3_text_color%22%93}&#8221; theme_builder_area=&#8221;post_content&#8221; max_width=&#8221;900px&#8221; module_alignment=&#8221;center&#8221; sticky_enabled=&#8221;0&#8243;]<\/p>\n<h2>4. \u00c5ngerr\u00e4tt och returer<\/h2>\n<p>[\/et_pb_text][et_pb_text _builder_version=&#8221;4.22.0&#8243; _module_preset=&#8221;5ff55506-da7d-4dd7-b409-9d62c7203201&#8243; text_text_color=&#8221;#7b88a8&#8243; text_line_height=&#8221;1.6em&#8221; module_alignment=&#8221;center&#8221; custom_margin=&#8221;-18px||17px||false|false&#8221; hover_enabled=&#8221;0&#8243; locked=&#8221;off&#8221; global_colors_info=&#8221;{}&#8221; theme_builder_area=&#8221;post_content&#8221; max_width=&#8221;900px&#8221; sticky_enabled=&#8221;0&#8243;]<\/p>\n<p>4.1 Du har r\u00e4tt att \u00e5ngra ditt k\u00f6p inom 14 dagar fr\u00e5n det att du mottagit varan. F\u00f6r att ut\u00f6va din \u00e5ngerr\u00e4tt, kontakta v\u00e5r kundtj\u00e4nst.<\/p>\n<p>4.2 Observera att \u00e5ngerr\u00e4tten inte g\u00e4ller f\u00f6r onlinekurser. \u00c5ngerfristen g\u00e4ller endast f\u00f6r fysiska varor som kan returneras i ursprungligt skick.<\/p>\n<p>[\/et_pb_text][et_pb_text _builder_version=&#8221;4.22.0&#8243; _module_preset=&#8221;df96b77a-cd4f-44a8-a771-2d6347592b53&#8243; header_text_color=&#8221;#000000&#8243; header_2_font=&#8221;Mulish|800|||||||&#8221; header_3_font=&#8221;Mulish|800|||||||&#8221; header_3_text_align=&#8221;left&#8221; header_3_text_color=&#8221;gcid-3c17f7e0-a71e-4120-8add-deaafa41b380&#8243; header_3_font_size=&#8221;23px&#8221; custom_margin=&#8221;0px||29px||false|false&#8221; custom_padding=&#8221;0px||0px||false|false&#8221; hover_enabled=&#8221;0&#8243; locked=&#8221;off&#8221; global_colors_info=&#8221;{%22gcid-3c17f7e0-a71e-4120-8add-deaafa41b380%22:%91%22header_3_text_color%22%93}&#8221; theme_builder_area=&#8221;post_content&#8221; max_width=&#8221;900px&#8221; module_alignment=&#8221;center&#8221; sticky_enabled=&#8221;0&#8243;]<\/p>\n<h2>5. Garanti<\/h2>\n<p>[\/et_pb_text][et_pb_text _builder_version=&#8221;4.22.0&#8243; _module_preset=&#8221;5ff55506-da7d-4dd7-b409-9d62c7203201&#8243; text_text_color=&#8221;#7b88a8&#8243; text_line_height=&#8221;1.6em&#8221; module_alignment=&#8221;center&#8221; custom_margin=&#8221;-18px||17px||false|false&#8221; hover_enabled=&#8221;0&#8243; locked=&#8221;off&#8221; global_colors_info=&#8221;{}&#8221; theme_builder_area=&#8221;post_content&#8221; max_width=&#8221;900px&#8221; sticky_enabled=&#8221;0&#8243;]<\/p>\n<p>5.1 V\u00e5ra produkter omfattas av en garanti enligt g\u00e4llande lagstiftning. Om en vara \u00e4r felaktig eller inte uppfyller f\u00f6rv\u00e4ntningarna, v\u00e4nligen kontakta v\u00e5r kundtj\u00e4nst f\u00f6r ytterligare assistans.<\/p>\n<p>[\/et_pb_text][et_pb_text _builder_version=&#8221;4.22.0&#8243; _module_preset=&#8221;df96b77a-cd4f-44a8-a771-2d6347592b53&#8243; header_text_color=&#8221;#000000&#8243; header_2_font=&#8221;Mulish|800|||||||&#8221; header_3_font=&#8221;Mulish|800|||||||&#8221; header_3_text_align=&#8221;left&#8221; header_3_text_color=&#8221;gcid-3c17f7e0-a71e-4120-8add-deaafa41b380&#8243; header_3_font_size=&#8221;23px&#8221; custom_margin=&#8221;0px||29px||false|false&#8221; custom_padding=&#8221;0px||0px||false|false&#8221; hover_enabled=&#8221;0&#8243; locked=&#8221;off&#8221; global_colors_info=&#8221;{%22gcid-3c17f7e0-a71e-4120-8add-deaafa41b380%22:%91%22header_3_text_color%22%93}&#8221; theme_builder_area=&#8221;post_content&#8221; max_width=&#8221;900px&#8221; module_alignment=&#8221;center&#8221; sticky_enabled=&#8221;0&#8243;]<\/p>\n<h2>6. Personuppgifter<\/h2>\n<p>[\/et_pb_text][et_pb_text _builder_version=&#8221;4.22.0&#8243; _module_preset=&#8221;5ff55506-da7d-4dd7-b409-9d62c7203201&#8243; text_text_color=&#8221;#7b88a8&#8243; text_line_height=&#8221;1.6em&#8221; module_alignment=&#8221;center&#8221; custom_margin=&#8221;-18px||17px||false|false&#8221; hover_enabled=&#8221;0&#8243; locked=&#8221;off&#8221; global_colors_info=&#8221;{}&#8221; theme_builder_area=&#8221;post_content&#8221; max_width=&#8221;900px&#8221; sticky_enabled=&#8221;0&#8243;]<\/p>\n<p>6.1 Genom att g\u00f6ra en best\u00e4llning hos oss samtycker du till att vi behandlar dina personuppgifter enligt v\u00e5r integritetspolicy. Vi skyddar dina personuppgifter enligt g\u00e4llande lagstiftning.<\/p>\n<p>[\/et_pb_text][et_pb_text _builder_version=&#8221;4.22.0&#8243; _module_preset=&#8221;df96b77a-cd4f-44a8-a771-2d6347592b53&#8243; header_text_color=&#8221;#000000&#8243; header_2_font=&#8221;Mulish|800|||||||&#8221; header_3_font=&#8221;Mulish|800|||||||&#8221; header_3_text_align=&#8221;left&#8221; header_3_text_color=&#8221;gcid-3c17f7e0-a71e-4120-8add-deaafa41b380&#8243; header_3_font_size=&#8221;23px&#8221; custom_margin=&#8221;0px||29px||false|false&#8221; custom_padding=&#8221;0px||0px||false|false&#8221; hover_enabled=&#8221;0&#8243; locked=&#8221;off&#8221; global_colors_info=&#8221;{%22gcid-3c17f7e0-a71e-4120-8add-deaafa41b380%22:%91%22header_3_text_color%22%93}&#8221; theme_builder_area=&#8221;post_content&#8221; max_width=&#8221;900px&#8221; module_alignment=&#8221;center&#8221; sticky_enabled=&#8221;0&#8243;]<\/p>\n<h2>7. Force Majeure<\/h2>\n<p>[\/et_pb_text][et_pb_text _builder_version=&#8221;4.22.0&#8243; _module_preset=&#8221;5ff55506-da7d-4dd7-b409-9d62c7203201&#8243; text_text_color=&#8221;#7b88a8&#8243; text_line_height=&#8221;1.6em&#8221; module_alignment=&#8221;center&#8221; custom_margin=&#8221;-18px||17px||false|false&#8221; hover_enabled=&#8221;0&#8243; locked=&#8221;off&#8221; global_colors_info=&#8221;{}&#8221; theme_builder_area=&#8221;post_content&#8221; max_width=&#8221;900px&#8221; sticky_enabled=&#8221;0&#8243;]<\/p>\n<p>7.1 Learn to Move AB \u00e4r inte ansvarigt f\u00f6r f\u00f6rseningar eller fel som uppst\u00e5r till f\u00f6ljd av omst\u00e4ndigheter utanf\u00f6r v\u00e5r kontroll, inklusive men inte begr\u00e4nsat till krig, naturkatastrofer, strejker eller transporter.<\/p>\n<p>[\/et_pb_text][et_pb_text _builder_version=&#8221;4.22.0&#8243; _module_preset=&#8221;df96b77a-cd4f-44a8-a771-2d6347592b53&#8243; header_text_color=&#8221;#000000&#8243; header_2_font=&#8221;Mulish|800|||||||&#8221; header_3_font=&#8221;Mulish|800|||||||&#8221; header_3_text_align=&#8221;left&#8221; header_3_text_color=&#8221;gcid-3c17f7e0-a71e-4120-8add-deaafa41b380&#8243; header_3_font_size=&#8221;23px&#8221; custom_margin=&#8221;0px||29px||false|false&#8221; custom_padding=&#8221;0px||0px||false|false&#8221; hover_enabled=&#8221;0&#8243; locked=&#8221;off&#8221; global_colors_info=&#8221;{%22gcid-3c17f7e0-a71e-4120-8add-deaafa41b380%22:%91%22header_3_text_color%22%93}&#8221; theme_builder_area=&#8221;post_content&#8221; max_width=&#8221;900px&#8221; module_alignment=&#8221;center&#8221; sticky_enabled=&#8221;0&#8243;]<\/p>\n<h2>8. \u00c4ndringar i k\u00f6pvillkoren<\/h2>\n<p>[\/et_pb_text][et_pb_text _builder_version=&#8221;4.22.0&#8243; _module_preset=&#8221;5ff55506-da7d-4dd7-b409-9d62c7203201&#8243; text_text_color=&#8221;#7b88a8&#8243; text_line_height=&#8221;1.6em&#8221; module_alignment=&#8221;center&#8221; custom_margin=&#8221;-18px||17px||false|false&#8221; hover_enabled=&#8221;0&#8243; locked=&#8221;off&#8221; global_colors_info=&#8221;{}&#8221; theme_builder_area=&#8221;post_content&#8221; max_width=&#8221;900px&#8221; sticky_enabled=&#8221;0&#8243;]<\/p>\n<p>8.1 Learn to Move AB f\u00f6rbeh\u00e5ller sig r\u00e4tten att \u00e4ndra dessa k\u00f6pvillkor. Eventuella \u00e4ndringar kommer att publiceras p\u00e5 v\u00e5r webbplats och g\u00e4ller fr\u00e5n och med publiceringsdatum.<\/p>\n<p>Vi tackar f\u00f6r att du har valt att handla hos Learn to Move AB. Vid eventuella fr\u00e5gor eller funderingar, v\u00e4nligen kontakta v\u00e5r kundtj\u00e4nst. Vi \u00e4r h\u00e4r f\u00f6r att hj\u00e4lpa dig med ditt k\u00f6p och besvara eventuella fr\u00e5gor du m\u00e5tte ha.<\/p>\n<p><strong>Learn to Move AB<\/strong><br \/>Sollentunav\u00e4gen 138<br \/>191 48 Sollentuna\u00a0<br \/>Sweden<\/p>\n<p><a href=\"mailto:hello@learntomove.se\">hello@learntomove.se<\/a><br \/>+46 73-526 48 88\u00a0<\/p>\n<p>&nbsp;<\/p>\n<p>[\/et_pb_text][\/et_pb_column][\/et_pb_row][\/et_pb_section][et_pb_section fb_built=&#8221;1&#8243; custom_padding_last_edited=&#8221;on|tablet&#8221; _builder_version=&#8221;4.22.0&#8243; _module_preset=&#8221;default&#8221; background_enable_image=&#8221;off&#8221; background_size=&#8221;contain&#8221; background_position=&#8221;bottom_center&#8221; custom_margin=&#8221;0px||0px||false|false&#8221; custom_padding=&#8221;3px||32px||false|false&#8221; custom_padding_tablet=&#8221;60px||50px||false|false&#8221; custom_padding_phone=&#8221;90px||||false|false&#8221; locked=&#8221;off&#8221; global_colors_info=&#8221;{}&#8221; theme_builder_area=&#8221;post_content&#8221;][\/et_pb_section]<\/p>\n","protected":false},"excerpt":{"rendered":"<p>Learn to Move ABK\u00f6pvillkorNedan finner du v\u00e5ra k\u00f6pvillkor som reglerar ditt k\u00f6p av varor och tj\u00e4nster fr\u00e5n v\u00e5r webbutik. Vi ber dig v\u00e4nligen att noggrant l\u00e4sa igenom och f\u00f6rst\u00e5 dessa villkor innan du genomf\u00f6r ditt k\u00f6p. Genom att g\u00f6ra en best\u00e4llning hos oss godk\u00e4nner du och accepterar dessa k\u00f6pvillkor.1. Best\u00e4llning och avtal1.1 Genom att placera [&hellip;]<\/p>\n","protected":false},"author":1,"featured_media":0,"parent":0,"menu_order":0,"comment_status":"closed","ping_status":"closed","template":"","meta":{"_et_pb_use_builder":"on","_et_pb_old_content":"","_et_gb_content_width":"","footnotes":""},"class_list":["post-81643","page","type-page","status-publish","hentry"],"jetpack_sharing_enabled":true,"_links":{"self":[{"href":"https:\/\/www.learntomove.se\/sv\/wp-json\/wp\/v2\/pages\/81643","targetHints":{"allow":["GET"]}}],"collection":[{"href":"https:\/\/www.learntomove.se\/sv\/wp-json\/wp\/v2\/pages"}],"about":[{"href":"https:\/\/www.learntomove.se\/sv\/wp-json\/wp\/v2\/types\/page"}],"author":[{"embeddable":true,"href":"https:\/\/www.learntomove.se\/sv\/wp-json\/wp\/v2\/users\/1"}],"replies":[{"embeddable":true,"href":"https:\/\/www.learntomove.se\/sv\/wp-json\/wp\/v2\/comments?post=81643"}],"version-history":[{"count":3,"href":"https:\/\/www.learntomove.se\/sv\/wp-json\/wp\/v2\/pages\/81643\/revisions"}],"predecessor-version":[{"id":81648,"href":"https:\/\/www.learntomove.se\/sv\/wp-json\/wp\/v2\/pages\/81643\/revisions\/81648"}],"wp:attachment":[{"href":"https:\/\/www.learntomove.se\/sv\/wp-json\/wp\/v2\/media?parent=81643"}],"curies":[{"name":"wp","href":"https:\/\/api.w.org\/{rel}","templated":true}]}}