{"id":81593,"date":"2023-10-20T00:12:06","date_gmt":"2023-10-20T00:12:06","guid":{"rendered":"https:\/\/www.learntomove.se\/?page_id=81593"},"modified":"2025-11-04T19:21:14","modified_gmt":"2025-11-04T19:21:14","slug":"learn-to-walk","status":"publish","type":"page","link":"https:\/\/www.learntomove.se\/sv\/learn-to-walk\/","title":{"rendered":"Learn to Walk"},"content":{"rendered":"<p>[et_pb_section fb_built=&#8221;1&#8243; _builder_version=&#8221;4.22.0&#8243; width=&#8221;90%&#8221; custom_margin=&#8221;80px|68px||68px|false|true&#8221; custom_margin_tablet=&#8221;80px|68px||68px|false|true&#8221; custom_margin_phone=&#8221;40px||||false|true&#8221; custom_margin_last_edited=&#8221;on|phone&#8221; custom_padding=&#8221;0px||||false|false&#8221; module_alignment_tablet=&#8221;&#8221; module_alignment_phone=&#8221;center&#8221; module_alignment_last_edited=&#8221;on|phone&#8221; global_colors_info=&#8221;{}&#8221;][et_pb_row column_structure=&#8221;1_2,1_2&#8243; _builder_version=&#8221;4.16&#8243; background_size=&#8221;initial&#8221; background_position=&#8221;top_left&#8221; background_repeat=&#8221;repeat&#8221; width=&#8221;100%&#8221; custom_padding=&#8221;0px||||false|false&#8221; global_colors_info=&#8221;{}&#8221;][et_pb_column type=&#8221;1_2&#8243; _builder_version=&#8221;4.16&#8243; custom_padding=&#8221;|||&#8221; global_colors_info=&#8221;{}&#8221; custom_padding__hover=&#8221;|||&#8221;][et_pb_gallery gallery_ids=&#8221;81606,81604,81602,81598,81600&#8243; fullwidth=&#8221;on&#8221; _builder_version=&#8221;4.22.0&#8243; _module_preset=&#8221;default&#8221; global_colors_info=&#8221;{}&#8221;][\/et_pb_gallery][\/et_pb_column][et_pb_column type=&#8221;1_2&#8243; _builder_version=&#8221;4.16&#8243; custom_padding=&#8221;|||&#8221; global_colors_info=&#8221;{}&#8221; custom_padding__hover=&#8221;|||&#8221;][et_pb_text _builder_version=&#8221;4.22.0&#8243; _module_preset=&#8221;df96b77a-cd4f-44a8-a771-2d6347592b53&#8243; header_2_font=&#8221;Mulish|800|||||||&#8221; header_2_text_align=&#8221;left&#8221; header_2_text_color=&#8221;#322567&#8243; header_2_font_size=&#8221;30px&#8221; header_2_letter_spacing=&#8221;-1px&#8221; header_2_line_height=&#8221;1.2em&#8221; custom_margin=&#8221;-2px||||false|false&#8221; header_2_font_size_tablet=&#8221;40px&#8221; header_2_font_size_phone=&#8221;30px&#8221; header_2_font_size_last_edited=&#8221;on|phone&#8221; locked=&#8221;off&#8221; global_colors_info=&#8221;{}&#8221;]<\/p>\n<h2>LEARN TO WALK \u2013 g\u00e5nghj\u00e4lpmedel som l\u00e4r brukaren balans<\/h2>\n<p>[\/et_pb_text][et_pb_blurb title=&#8221;MDR Dokument Learn to Walk&#8221; url=&#8221;https:\/\/www.learntomove.se\/wp-content\/uploads\/2024\/12\/13011201.pdf&#8221; url_new_window=&#8221;on&#8221; use_icon=&#8221;on&#8221; font_icon=&#8221;&#x52;||divi||400&#8243; icon_color=&#8221;#00B094&#8243; icon_placement=&#8221;left&#8221; content_max_width=&#8221;100%&#8221; image_icon_width_tablet=&#8221;&#8221; image_icon_width_phone=&#8221;33px&#8221; image_icon_width_last_edited=&#8221;on|phone&#8221; _builder_version=&#8221;4.25.0&#8243; _module_preset=&#8221;a947262d-0701-4077-825d-1385639c524f&#8221; header_font=&#8221;Mulish||||||||&#8221; header_text_color=&#8221;#00B094&#8243; header_font_size=&#8221;26px&#8221; header_line_height=&#8221;1.2em&#8221; body_font=&#8221;DM Sans||||||||&#8221; body_text_color=&#8221;#6b8483&#8243; body_font_size=&#8221;16px&#8221; body_line_height=&#8221;1.6em&#8221; image_icon_custom_margin=&#8221;0px||||false|false&#8221; image_icon_custom_margin_tablet=&#8221;0px||||false|false&#8221; image_icon_custom_margin_phone=&#8221;-5px||||false|false&#8221; image_icon_custom_margin_last_edited=&#8221;on|phone&#8221; custom_margin_tablet=&#8221;&#8221; custom_margin_phone=&#8221;-11px||||false|false&#8221; custom_margin_last_edited=&#8221;on|phone&#8221; custom_padding=&#8221;0px||||false|false&#8221; custom_padding_tablet=&#8221;0px||||false|false&#8221; custom_padding_phone=&#8221;0px||||false|false&#8221; custom_padding_last_edited=&#8221;on|phone&#8221; animation=&#8221;off&#8221; link_option_url_new_window=&#8221;on&#8221; header_font_size_tablet=&#8221;26px&#8221; header_font_size_phone=&#8221;19px&#8221; header_font_size_last_edited=&#8221;on|phone&#8221; locked=&#8221;off&#8221; global_colors_info=&#8221;{}&#8221;][\/et_pb_blurb][et_pb_text _builder_version=&#8221;4.22.0&#8243; _module_preset=&#8221;5ff55506-da7d-4dd7-b409-9d62c7203201&#8243; text_text_color=&#8221;#7b88a8&#8243; text_font_size=&#8221;14px&#8221; text_line_height=&#8221;1.7em&#8221; module_alignment=&#8221;left&#8221; custom_margin=&#8221;12px||30px||false|false&#8221; custom_margin_phone=&#8221;-10px||-16px||false|false&#8221; custom_padding=&#8221;||0px|||&#8221; text_font_size_tablet=&#8221;18px&#8221; text_font_size_phone=&#8221;16px&#8221; text_font_size_last_edited=&#8221;on|phone&#8221; text_line_height_phone=&#8221;1.5em&#8221; locked=&#8221;off&#8221; global_colors_info=&#8221;{}&#8221;]<\/p>\n<p>Learn to Walk anv\u00e4nds som f\u00f6rsta g\u00e5nghj\u00e4lpmedel eller av brukare med stabilt g\u00e5ng hj\u00e4lpmedel som vill f\u00e5 m\u00f6jlighet l\u00e4ra sig balans f\u00f6r att vinna sj\u00e4lvst\u00e4ndig g\u00e5ngf\u00f6rm\u00e5ga.<\/p>\n<p>Normal h\u00e5llning och belastning i uppr\u00e4tt l\u00e4ge samt st\u00f6d runt h\u00f6ften i st\u00e4llet f\u00f6r handst\u00f6d, skapar f\u00f6ruts\u00e4ttning f\u00f6r ett normalt g\u00e5ngm\u00f6nster och inl\u00e4rning av balansreaktioner.<\/p>\n<p>I Learn to Walk \u00e4r brukaren fastsatt i midjan. H\u00e4nderna \u00e4r fria, vilket \u00e4r en f\u00f6ruts\u00e4ttning f\u00f6r att tr\u00e4na balans. Balansen utmanas stegvis genom att \u00e4ndra p\u00e5 inst\u00e4llningar i Learn to Walk. Brukaren tr\u00e4nar f\u00f6rst i st\u00e5ende d\u00e4r balansen utmanas i alla riktningar. N\u00e4sta steg \u00e4r tr\u00e4ning g\u00e5endes fram\u00e5t och efter det i succesivt \u00f6kat antal r\u00f6relseriktningar. Brukaren kan i varje position r\u00f6ra sig utanf\u00f6r sin st\u00f6dyta och f\u00e5r m\u00f6jlighet att \u00e5terta balans. I Learn to Walk kan brukaren ramla kontrollerat. Att ramla p\u00e5 ett s\u00e4kert s\u00e4tt g\u00f6r att brukaren f\u00e5r erfarenhet och kan d\u00e5 hitta strategier f\u00f6r att bli snabbare och undvika fall. P\u00e5 s\u00e5 s\u00e4tt l\u00e4r man sig balans. Genom att placera stopp i sidostolpar kan man best\u00e4mma hur stor fallh\u00f6jd som ska st\u00e4llas in, fr\u00e5n liten till att ramla till sittande position. F\u00f6r ink\u00f6p och prisuppgifter kontakta <a href=\"mailto:mikael@learntomove.se\">Mikael@learntomove.se<\/a><\/p>\n<p>[\/et_pb_text][\/et_pb_column][\/et_pb_row][et_pb_row _builder_version=&#8221;4.22.0&#8243; _module_preset=&#8221;default&#8221; width_tablet=&#8221;&#8221; width_phone=&#8221;100%&#8221; width_last_edited=&#8221;on|phone&#8221; global_colors_info=&#8221;{}&#8221;][et_pb_column type=&#8221;4_4&#8243; _builder_version=&#8221;4.22.0&#8243; _module_preset=&#8221;default&#8221; global_colors_info=&#8221;{}&#8221;][et_pb_tabs active_tab_text_color=&#8221;#322567&#8243; _builder_version=&#8221;4.22.0&#8243; _module_preset=&#8221;default&#8221; tab_text_color=&#8221;#322567&#8243; global_colors_info=&#8221;{}&#8221;][et_pb_tab title=&#8221;Dokument&#8221; _builder_version=&#8221;4.22.0&#8243; _module_preset=&#8221;default&#8221; body_link_font=&#8221;||||||||&#8221; body_link_text_color=&#8221;#00B094&#8243; global_colors_info=&#8221;{}&#8221;]<\/p>\n<p>Nedan finns viktiga dokument och l\u00e4nkar r\u00f6rande Learn to Walk listade.<\/p>\n<h3><a href=\"https:\/\/www.learntomove.se\/wp-content\/uploads\/2025\/11\/learntowalk-produktblad-v2-print.pdf\" target=\"_blank\" rel=\"noopener\" title=\"Learn to Walk Produktblad\">Produktblad<\/a><\/h3>\n<h3><a href=\"https:\/\/www.learntomove.se\/wp-content\/uploads\/2025\/11\/learntowalk-anvandarmanual-v3-digital.pdf\" target=\"_blank\" rel=\"noopener\">Anv\u00e4ndarmanual<\/a><\/h3>\n<h3><a href=\"\/bestallningsformular-ltw\" target=\"_blank\" rel=\"noopener\">Best\u00e4llningsformul\u00e4r<\/a><\/h3>\n<p>[\/et_pb_tab][et_pb_tab title=&#8221;Mer information&#8221; _builder_version=&#8221;4.22.0&#8243; _module_preset=&#8221;default&#8221; global_colors_info=&#8221;{}&#8221;]<\/p>\n<h5>L\u00e4rst\u00f6d<\/h5>\n<p>F\u00f6r att komma ig\u00e5ng med tr\u00e4ning i Learn to Walk finns webbst\u00f6d med instruktionsfilmer. Dessa filmer kan man f\u00e5 tillg\u00e5ng till vid best\u00e4llning av Learn to Walk.<\/p>\n<h5>Best\u00e4llning och prisuppgifter<\/h5>\n<p>Kontaktperson: <a href=\"mailto:mikael@learntomove.se\">Mikael@learntomove.se<\/a><\/p>\n<p>[\/et_pb_tab][\/et_pb_tabs][\/et_pb_column][\/et_pb_row][\/et_pb_section]<\/p>\n","protected":false},"excerpt":{"rendered":"<p>LEARN TO WALK \u2013 g\u00e5nghj\u00e4lpmedel som l\u00e4r brukaren balansLearn to Walk anv\u00e4nds som f\u00f6rsta g\u00e5nghj\u00e4lpmedel eller av brukare med stabilt g\u00e5ng hj\u00e4lpmedel som vill f\u00e5 m\u00f6jlighet l\u00e4ra sig balans f\u00f6r att vinna sj\u00e4lvst\u00e4ndig g\u00e5ngf\u00f6rm\u00e5ga. Normal h\u00e5llning och belastning i uppr\u00e4tt l\u00e4ge samt st\u00f6d runt h\u00f6ften i st\u00e4llet f\u00f6r handst\u00f6d, skapar f\u00f6ruts\u00e4ttning f\u00f6r ett normalt g\u00e5ngm\u00f6nster [&hellip;]<\/p>\n","protected":false},"author":1,"featured_media":0,"parent":0,"menu_order":0,"comment_status":"closed","ping_status":"closed","template":"","meta":{"_et_pb_use_builder":"on","_et_pb_old_content":"","_et_gb_content_width":"","footnotes":""},"class_list":["post-81593","page","type-page","status-publish","hentry"],"jetpack_sharing_enabled":true,"_links":{"self":[{"href":"https:\/\/www.learntomove.se\/sv\/wp-json\/wp\/v2\/pages\/81593","targetHints":{"allow":["GET"]}}],"collection":[{"href":"https:\/\/www.learntomove.se\/sv\/wp-json\/wp\/v2\/pages"}],"about":[{"href":"https:\/\/www.learntomove.se\/sv\/wp-json\/wp\/v2\/types\/page"}],"author":[{"embeddable":true,"href":"https:\/\/www.learntomove.se\/sv\/wp-json\/wp\/v2\/users\/1"}],"replies":[{"embeddable":true,"href":"https:\/\/www.learntomove.se\/sv\/wp-json\/wp\/v2\/comments?post=81593"}],"version-history":[{"count":25,"href":"https:\/\/www.learntomove.se\/sv\/wp-json\/wp\/v2\/pages\/81593\/revisions"}],"predecessor-version":[{"id":83185,"href":"https:\/\/www.learntomove.se\/sv\/wp-json\/wp\/v2\/pages\/81593\/revisions\/83185"}],"wp:attachment":[{"href":"https:\/\/www.learntomove.se\/sv\/wp-json\/wp\/v2\/media?parent=81593"}],"curies":[{"name":"wp","href":"https:\/\/api.w.org\/{rel}","templated":true}]}}