{"id":80305,"date":"2023-08-17T17:53:17","date_gmt":"2023-08-17T17:53:17","guid":{"rendered":"https:\/\/www.learntomove.se\/?page_id=80305"},"modified":"2023-09-28T06:17:15","modified_gmt":"2023-09-28T06:17:15","slug":"radgivning","status":"publish","type":"page","link":"https:\/\/www.learntomove.se\/sv\/radgivning\/","title":{"rendered":"R\u00e5dgivning"},"content":{"rendered":"<p>[et_pb_section fb_built=&#8221;1&#8243; custom_padding_last_edited=&#8221;on|phone&#8221; _builder_version=&#8221;4.22.0&#8243; _module_preset=&#8221;default&#8221; background_image=&#8221;https:\/\/www.learntomove.se\/wp-content\/uploads\/2023\/09\/children-playing-2021-09-24-01-22-38-utc-scaled-e1695366092950.jpg&#8221; min_height_tablet=&#8221;800px&#8221; min_height_phone=&#8221;700px&#8221; min_height_last_edited=&#8221;off|desktop&#8221; custom_margin=&#8221;0px||0px||false|false&#8221; custom_padding=&#8221;400px||0px||false|false&#8221; custom_padding_tablet=&#8221;&#8221; custom_padding_phone=&#8221;300px||0px||false|false&#8221; locked=&#8221;off&#8221; global_colors_info=&#8221;{}&#8221;][et_pb_row use_custom_gutter=&#8221;on&#8221; gutter_width=&#8221;2&#8243; custom_padding_last_edited=&#8221;on|phone&#8221; _builder_version=&#8221;4.22.0&#8243; _module_preset=&#8221;default&#8221; background_color=&#8221;#322567&#8243; positioning=&#8221;absolute&#8221; position_origin_a=&#8221;bottom_left&#8221; position_origin_r=&#8221;bottom_left&#8221; horizontal_offset=&#8221;236px&#8221; position_origin_a_tablet=&#8221;bottom_center&#8221; position_origin_a_phone=&#8221;bottom_center&#8221; position_origin_a_last_edited=&#8221;on|tablet&#8221; position_origin_f_tablet=&#8221;&#8221; position_origin_f_phone=&#8221;&#8221; position_origin_f_last_edited=&#8221;on|tablet&#8221; position_origin_r_tablet=&#8221;&#8221; position_origin_r_phone=&#8221;&#8221; position_origin_r_last_edited=&#8221;on|tablet&#8221; width=&#8221;90%&#8221; max_width=&#8221;435px&#8221; max_width_tablet=&#8221;575px&#8221; max_width_phone=&#8221;100%&#8221; max_width_last_edited=&#8221;on|phone&#8221; custom_margin=&#8221;||||false|false&#8221; custom_padding=&#8221;28px||28px|50px|false|false&#8221; custom_padding_tablet=&#8221;54px|105px|43px|70px|false|false&#8221; custom_padding_phone=&#8221;45px|20px|30px|20px|false|false&#8221; animation_style=&#8221;fade&#8221; animation_direction=&#8221;bottom&#8221; animation_duration=&#8221;900ms&#8221; animation_speed_curve=&#8221;ease&#8221; positioning_tablet=&#8221;absolute&#8221; positioning_phone=&#8221;absolute&#8221; positioning_last_edited=&#8221;on|tablet&#8221; border_radii=&#8221;off||100px||&#8221; global_colors_info=&#8221;{}&#8221;][et_pb_column type=&#8221;4_4&#8243; _builder_version=&#8221;4.21.0&#8243; _module_preset=&#8221;default&#8221; global_colors_info=&#8221;{}&#8221;][et_pb_text _builder_version=&#8221;4.22.0&#8243; _module_preset=&#8221;default&#8221; header_font=&#8221;Mulish|800|||||||&#8221; header_text_align=&#8221;left&#8221; header_text_color=&#8221;#FFFFFF&#8221; header_font_size=&#8221;50px&#8221; header_line_height=&#8221;1.2em&#8221; max_width=&#8221;548px&#8221; max_width_tablet=&#8221;490px&#8221; max_width_phone=&#8221;285px&#8221; max_width_last_edited=&#8221;on|phone&#8221; custom_margin=&#8221;0px||||false|false&#8221; custom_padding=&#8221;0px||0px||false|false&#8221; header_font_size_tablet=&#8221;62px&#8221; header_font_size_phone=&#8221;35px&#8221; header_font_size_last_edited=&#8221;on|phone&#8221; global_colors_info=&#8221;{}&#8221;]<\/p>\n<h1>R\u00e5dgivning<\/h1>\n<p>[\/et_pb_text][\/et_pb_column][\/et_pb_row][\/et_pb_section][et_pb_section fb_built=&#8221;1&#8243; admin_label=&#8221;Header&#8221; _builder_version=&#8221;4.22.0&#8243; _module_preset=&#8221;default&#8221; background_enable_color=&#8221;off&#8221; custom_margin=&#8221;||40px|||&#8221; custom_margin_tablet=&#8221;||40px|||&#8221; custom_margin_phone=&#8221;||70px||false|false&#8221; custom_margin_last_edited=&#8221;on|phone&#8221; global_colors_info=&#8221;{}&#8221;][et_pb_row column_structure=&#8221;1_2,1_2&#8243; use_custom_gutter=&#8221;on&#8221; gutter_width=&#8221;2&#8243; _builder_version=&#8221;4.21.0&#8243; _module_preset=&#8221;default&#8221; width=&#8221;90%&#8221; max_width=&#8221;1200px&#8221; custom_padding=&#8221;||50px|||&#8221; global_colors_info=&#8221;{}&#8221;][et_pb_column type=&#8221;1_2&#8243; _builder_version=&#8221;4.16&#8243; _module_preset=&#8221;default&#8221; global_colors_info=&#8221;{}&#8221;][et_pb_text _builder_version=&#8221;4.22.0&#8243; _module_preset=&#8221;default&#8221; header_3_font=&#8221;Caveat Brush||||||||&#8221; header_3_text_align=&#8221;left&#8221; header_3_text_color=&#8221;#FAA74A&#8221; header_3_font_size=&#8221;35px&#8221; custom_margin=&#8221;0px||7px||false|false&#8221; custom_padding=&#8221;0px||0px||false|false&#8221; header_3_font_size_tablet=&#8221;35px&#8221; header_3_font_size_phone=&#8221;30px&#8221; header_3_font_size_last_edited=&#8221;on|phone&#8221; locked=&#8221;off&#8221; global_colors_info=&#8221;{}&#8221;]<\/p>\n<h3>Fr\u00e5n nyf\u00f6dd till ton\u00e5ring<\/h3>\n<p>[\/et_pb_text][et_pb_text _builder_version=&#8221;4.16&#8243; _module_preset=&#8221;df96b77a-cd4f-44a8-a771-2d6347592b53&#8243; header_2_font=&#8221;Mulish|800|||||||&#8221; header_2_text_align=&#8221;left&#8221; header_2_text_color=&#8221;#322567&#8243; header_2_font_size=&#8221;40px&#8221; header_2_letter_spacing=&#8221;-1px&#8221; header_2_line_height=&#8221;1.2em&#8221; custom_margin=&#8221;-2px||||false|false&#8221; header_2_font_size_tablet=&#8221;40px&#8221; header_2_font_size_phone=&#8221;30px&#8221; header_2_font_size_last_edited=&#8221;on|phone&#8221; locked=&#8221;off&#8221; global_colors_info=&#8221;{}&#8221;]<\/p>\n<h2>Att skapa milj\u00f6er som m\u00f6ter olika barns behov<\/h2>\n<p>[\/et_pb_text][et_pb_text _builder_version=&#8221;4.22.0&#8243; _module_preset=&#8221;5ff55506-da7d-4dd7-b409-9d62c7203201&#8243; text_text_color=&#8221;#7b88a8&#8243; text_line_height=&#8221;1.6em&#8221; header_3_text_color=&#8221;#7b88a8&#8243; header_3_font_size=&#8221;18px&#8221; header_3_line_height=&#8221;1.5em&#8221; module_alignment=&#8221;left&#8221; custom_margin=&#8221;12px||24px||false|false&#8221; custom_margin_phone=&#8221;-10px||27px||false|false&#8221; custom_padding=&#8221;||0px|||&#8221; text_font_size_tablet=&#8221;18px&#8221; text_font_size_phone=&#8221;15px&#8221; text_font_size_last_edited=&#8221;on|phone&#8221; text_line_height_phone=&#8221;1.5em&#8221; header_3_font_size_tablet=&#8221;18px&#8221; header_3_font_size_phone=&#8221;18px&#8221; header_3_font_size_last_edited=&#8221;on|desktop&#8221; header_3_line_height_tablet=&#8221;1.5em&#8221; header_3_line_height_phone=&#8221;1.4em&#8221; header_3_line_height_last_edited=&#8221;on|desktop&#8221; locked=&#8221;off&#8221; global_colors_info=&#8221;{}&#8221;]<\/p>\n<h3>Det \u00e4r viktigt att kunna f\u00f6rklara varf\u00f6r en produkt \u00e4r utformad som den \u00e4r och f\u00f6r vilka syften. Learn to Move kan hj\u00e4lpa dig f\u00f6rst\u00e5 hur en produkt p\u00e5verkar barns utveckling och hur dess utformning hj\u00e4lper eller stj\u00e4lper det v\u00e4xande barnet.<\/h3>\n<p>I utformandet av barns inom- och utomhusmilj\u00f6er beh\u00f6ver h\u00e4nsyn tas till barnets motoriska \u00e5lder, och skapa en milj\u00f6 som ger f\u00f6ruts\u00e4ttningar f\u00f6r barnen att l\u00f6sa uppgifter som stimulerar till \u201dpositiv risktagning\u201d. Barnet f\u00e5r d\u00e5 testa sina gr\u00e4nser, har m\u00f6jlighet att misslyckas och att probleml\u00f6sa p\u00e5 nytt \u2013 l\u00e4rande och lekgl\u00e4dje frodas. Learn to Move har kunskap om hur du kan skapa milj\u00f6er som m\u00f6ter olika barns behov vid olika \u00e5ldrar.<\/p>\n<p>Learn to Move har anlitats av flera internationellt baserade f\u00f6retag b\u00e5de i Sverige och i Europa som till exempel Permobil, Bugga boo, Kinnarps och Babybj\u00f6rn. Nya produkter som Learn to Walk h\u00f6jer f\u00f6rv\u00e4ntningar p\u00e5 vad barn med neuromuskul\u00e4ra funktionsvariationer kan l\u00e4ra sig. Redan tidigt har Learn to Move varit med i framtagning av de f\u00f6rsta sitt- och st\u00e5skalen och idag \u00e4r ett huvudsyfte att utveckla produkter f\u00f6r att underl\u00e4tta motorisk utveckling av barn med funktionsvariationer.<\/p>\n<p>[\/et_pb_text][et_pb_blurb title=&#8221;LTM har anlitats av flera internationella f\u00f6retag&#8221; use_icon=&#8221;on&#8221; font_icon=&#8221;&#x4e;||divi||400&#8243; icon_color=&#8221;#00B094&#8243; icon_placement=&#8221;left&#8221; content_max_width=&#8221;100%&#8221; _builder_version=&#8221;4.22.0&#8243; _module_preset=&#8221;a947262d-0701-4077-825d-1385639c524f&#8221; header_font=&#8221;Mulish|800|||||||&#8221; header_font_size=&#8221;21px&#8221; header_line_height=&#8221;1.2em&#8221; body_font=&#8221;DM Sans||||||||&#8221; body_text_color=&#8221;#6b8483&#8243; body_font_size=&#8221;16px&#8221; body_line_height=&#8221;1.6em&#8221; image_icon_custom_margin=&#8221;-4px||||false|false&#8221; min_height=&#8221;29.2px&#8221; custom_margin=&#8221;11px|||||&#8221; custom_margin_tablet=&#8221;11px|||||&#8221; custom_margin_phone=&#8221;||10px||false|false&#8221; custom_margin_last_edited=&#8221;on|phone&#8221; custom_padding=&#8221;0px||||false|false&#8221; animation=&#8221;off&#8221; locked=&#8221;off&#8221; global_colors_info=&#8221;{}&#8221;][\/et_pb_blurb][et_pb_blurb title=&#8221;40+ \u00e5rs erfarenhet&#8221; use_icon=&#8221;on&#8221; font_icon=&#8221;&#x4e;||divi||400&#8243; icon_color=&#8221;#00B094&#8243; icon_placement=&#8221;left&#8221; content_max_width=&#8221;100%&#8221; _builder_version=&#8221;4.22.0&#8243; _module_preset=&#8221;a947262d-0701-4077-825d-1385639c524f&#8221; header_font=&#8221;Mulish|800|||||||&#8221; header_font_size=&#8221;21px&#8221; header_line_height=&#8221;1.2em&#8221; body_font=&#8221;DM Sans||||||||&#8221; body_text_color=&#8221;#6b8483&#8243; body_font_size=&#8221;16px&#8221; body_line_height=&#8221;1.6em&#8221; image_icon_custom_margin=&#8221;-4px||||false|false&#8221; custom_padding=&#8221;0px||||false|false&#8221; animation=&#8221;off&#8221; locked=&#8221;off&#8221; global_colors_info=&#8221;{}&#8221;][\/et_pb_blurb][\/et_pb_column][et_pb_column type=&#8221;1_2&#8243; _builder_version=&#8221;4.16&#8243; _module_preset=&#8221;default&#8221; global_colors_info=&#8221;{}&#8221;][et_pb_image src=&#8221;https:\/\/www.learntomove.se\/wp-content\/uploads\/2023\/08\/ltm-web-bild-radgivning.jpg&#8221; title_text=&#8221;ltm-web-bild-radgivning&#8221; _builder_version=&#8221;4.22.0&#8243; _module_preset=&#8221;default&#8221; locked=&#8221;off&#8221; global_colors_info=&#8221;{}&#8221;][\/et_pb_image][\/et_pb_column][\/et_pb_row][et_pb_row column_structure=&#8221;1_3,1_3,1_3&#8243; use_custom_gutter=&#8221;on&#8221; gutter_width=&#8221;2&#8243; custom_padding_last_edited=&#8221;on|phone&#8221; _builder_version=&#8221;4.22.0&#8243; _module_preset=&#8221;default&#8221; background_enable_color=&#8221;off&#8221; width=&#8221;90%&#8221; max_width=&#8221;1200px&#8221; overflow-x=&#8221;visible&#8221; overflow-y=&#8221;visible&#8221; custom_margin_tablet=&#8221;&#8221; custom_margin_phone=&#8221;15px||||false|false&#8221; custom_margin_last_edited=&#8221;on|phone&#8221; custom_padding=&#8221;40px||||false|false&#8221; custom_padding_tablet=&#8221;40px|30px|40px|30px|true|true&#8221; custom_padding_phone=&#8221;0px|0px|0px|0px|true|true&#8221; border_radii=&#8221;on|20px|20px|20px|20px&#8221; locked=&#8221;off&#8221; global_colors_info=&#8221;{}&#8221;][et_pb_column type=&#8221;1_3&#8243; _builder_version=&#8221;4.16&#8243; _module_preset=&#8221;default&#8221; global_colors_info=&#8221;{}&#8221;][et_pb_text _builder_version=&#8221;4.22.0&#8243; _module_preset=&#8221;df96b77a-cd4f-44a8-a771-2d6347592b53&#8243; header_text_color=&#8221;#000000&#8243; header_2_font=&#8221;Mulish|800|||||||&#8221; header_2_font_size=&#8221;25px&#8221; header_2_line_height=&#8221;1.2em&#8221; header_3_font=&#8221;Mulish|800|||||||&#8221; header_3_text_align=&#8221;left&#8221; header_3_text_color=&#8221;gcid-3c17f7e0-a71e-4120-8add-deaafa41b380&#8243; header_3_font_size=&#8221;23px&#8221; custom_margin=&#8221;0px||29px||false|false&#8221; custom_margin_phone=&#8221;-10px||10px||false|false&#8221; custom_padding=&#8221;0px||0px||false|false&#8221; header_2_font_size_tablet=&#8221;25px&#8221; header_2_font_size_phone=&#8221;25px&#8221; header_2_font_size_last_edited=&#8221;on|phone&#8221; locked=&#8221;off&#8221; global_colors_info=&#8221;{%22gcid-3c17f7e0-a71e-4120-8add-deaafa41b380%22:%91%22header_3_text_color%22,%22header_3_text_color%22%93}&#8221;]<\/p>\n<h2>Produktutveckling<\/h2>\n<p>[\/et_pb_text][et_pb_text quote_border_color=&#8221;#00B094&#8243; _builder_version=&#8221;4.22.0&#8243; _module_preset=&#8221;5ff55506-da7d-4dd7-b409-9d62c7203201&#8243; text_text_color=&#8221;#7b88a8&#8243; text_line_height=&#8221;1.6em&#8221; quote_font=&#8221;||on||||||&#8221; header_5_line_height=&#8221;1.4em&#8221; module_alignment=&#8221;left&#8221; custom_margin=&#8221;-18px||17px||false|false&#8221; text_line_height_tablet=&#8221;1.6em&#8221; text_line_height_phone=&#8221;1.5em&#8221; text_line_height_last_edited=&#8221;on|phone&#8221; locked=&#8221;off&#8221; global_colors_info=&#8221;{}&#8221;]<\/p>\n<h5>Kunskaper om det v\u00e4xande barnet och behovet av att kunna v\u00e4xla mellan att vara aktiv och att vila beh\u00f6vs inom all produktutveckling.<\/h5>\n<p>En produkt kan stimulera utveckling eller i vissa fall h\u00e4mma utveckling. Trender mot passivisering och \u201driskminimering\u201d inneb\u00e4r ofta en \u00f6kad risk f\u00f6r barnets h\u00e4lsa d\u00e5 tankes\u00e4ttet leder till minskad fysisk aktivitet. Du kan med Learn to Moves hj\u00e4lp f\u00f6rst\u00e5 skillnader inom en normalpopulation och vad du beh\u00f6ver t\u00e4nka p\u00e5 f\u00f6r att skolm\u00f6bler, barnm\u00f6bler, barnvagnar och alla produkter d\u00e4r ergonomi eller kunskap om barns utveckling beh\u00f6vs g\u00f6r att du f\u00e5r en genomt\u00e4nkt produkt redan i planeringsstadiet. Det sparar dej pengar, skapar gl\u00e4dje och trygghet genom hela processen tills dess att produkten g\u00e5r till anv\u00e4ndaren.<\/p>\n<p>[\/et_pb_text][\/et_pb_column][et_pb_column type=&#8221;1_3&#8243; _builder_version=&#8221;4.16&#8243; _module_preset=&#8221;default&#8221; global_colors_info=&#8221;{}&#8221;][et_pb_text _builder_version=&#8221;4.22.0&#8243; _module_preset=&#8221;df96b77a-cd4f-44a8-a771-2d6347592b53&#8243; header_text_color=&#8221;#000000&#8243; header_2_font=&#8221;Mulish|800|||||||&#8221; header_2_font_size=&#8221;25px&#8221; header_2_line_height=&#8221;1.2em&#8221; header_3_font=&#8221;Mulish|800|||||||&#8221; header_3_text_align=&#8221;left&#8221; header_3_text_color=&#8221;gcid-3c17f7e0-a71e-4120-8add-deaafa41b380&#8243; header_3_font_size=&#8221;23px&#8221; custom_margin=&#8221;0px||29px||false|false&#8221; custom_margin_phone=&#8221;-10px||10px||false|false&#8221; custom_padding=&#8221;0px||0px||false|false&#8221; header_2_font_size_tablet=&#8221;25px&#8221; header_2_font_size_phone=&#8221;25px&#8221; header_2_font_size_last_edited=&#8221;on|phone&#8221; locked=&#8221;off&#8221; global_colors_info=&#8221;{%22gcid-3c17f7e0-a71e-4120-8add-deaafa41b380%22:%91%22header_3_text_color%22,%22header_3_text_color%22,%22header_3_text_color%22%93}&#8221;]<\/p>\n<h2>Barns milj\u00f6er inom- och utomhus<\/h2>\n<p>[\/et_pb_text][et_pb_text quote_border_color=&#8221;#00B094&#8243; _builder_version=&#8221;4.22.0&#8243; _module_preset=&#8221;5ff55506-da7d-4dd7-b409-9d62c7203201&#8243; text_text_color=&#8221;#7b88a8&#8243; text_line_height=&#8221;1.6em&#8221; quote_font=&#8221;||on||||||&#8221; header_5_line_height=&#8221;1.4em&#8221; module_alignment=&#8221;left&#8221; custom_margin=&#8221;-18px||17px||false|false&#8221; locked=&#8221;off&#8221; global_colors_info=&#8221;{}&#8221;]<\/p>\n<h5>I utformandet av barns milj\u00f6er ska man ta h\u00e4nsyn till barnets motoriska \u00e5lder, och skapa en milj\u00f6 som ger f\u00f6ruts\u00e4ttningar f\u00f6r barnen att l\u00f6sa uppgifter som stimulerar till \u201dpositiv risktagning\u201d.<\/h5>\n<p>Barnet f\u00e5r testa sina gr\u00e4nser, har m\u00f6jlighet att misslyckas och att probleml\u00f6sa p\u00e5 nytt \u2013 l\u00e4rande och lekgl\u00e4dje frodas. Dagens utmaning \u00e4r att skapa uppgifter d\u00e4r styrka, balans och koordination utvecklas f\u00f6r barn i olika \u00e5ldrar. Barn r\u00f6r sig f\u00f6r lite idag och bristande motorisk utveckling leder till f\u00f6rs\u00e4mrad utveckling p\u00e5 fler omr\u00e5den. Learn to Move har kunskap om hur du kan skapa milj\u00f6er som m\u00f6ter barns behov i olika \u00e5ldrar.<\/p>\n<p>[\/et_pb_text][\/et_pb_column][et_pb_column type=&#8221;1_3&#8243; _builder_version=&#8221;4.16&#8243; _module_preset=&#8221;default&#8221; global_colors_info=&#8221;{}&#8221;][et_pb_text _builder_version=&#8221;4.22.0&#8243; _module_preset=&#8221;df96b77a-cd4f-44a8-a771-2d6347592b53&#8243; header_text_color=&#8221;#000000&#8243; header_2_font=&#8221;Mulish|800|||||||&#8221; header_2_font_size=&#8221;25px&#8221; header_2_line_height=&#8221;1.2em&#8221; header_3_font=&#8221;Mulish|800|||||||&#8221; header_3_text_align=&#8221;left&#8221; header_3_text_color=&#8221;gcid-3c17f7e0-a71e-4120-8add-deaafa41b380&#8243; header_3_font_size=&#8221;23px&#8221; custom_margin=&#8221;0px||29px||false|false&#8221; custom_margin_phone=&#8221;-10px||10px||false|false&#8221; custom_padding=&#8221;0px||0px||false|false&#8221; header_2_font_size_tablet=&#8221;25px&#8221; header_2_font_size_phone=&#8221;25px&#8221; header_2_font_size_last_edited=&#8221;on|phone&#8221; locked=&#8221;off&#8221; global_colors_info=&#8221;{%22gcid-3c17f7e0-a71e-4120-8add-deaafa41b380%22:%91%22header_3_text_color%22,%22header_3_text_color%22,%22header_3_text_color%22%93}&#8221;]<\/p>\n<h2>Produkter till barn med funktionsutmaningar<\/h2>\n<p>[\/et_pb_text][et_pb_text quote_border_color=&#8221;#00B094&#8243; _builder_version=&#8221;4.22.0&#8243; _module_preset=&#8221;5ff55506-da7d-4dd7-b409-9d62c7203201&#8243; text_text_color=&#8221;#7b88a8&#8243; text_line_height=&#8221;1.6em&#8221; quote_font=&#8221;||on||||||&#8221; header_5_line_height=&#8221;1.4em&#8221; module_alignment=&#8221;left&#8221; custom_margin=&#8221;-18px||17px||false|false&#8221; locked=&#8221;off&#8221; global_colors_info=&#8221;{}&#8221;]<\/p>\n<h5>Detta \u00e4r ett stort intresseomr\u00e5de d\u00e4r Learn to Move aktivt letar efter samarbetspartners s\u00e5v\u00e4l inom forskning som f\u00f6retag.<\/h5>\n<p>H\u00e4r beh\u00f6vs ett helt nytt s\u00e4tt att t\u00e4nka, d\u00e4r vi har f\u00f6rv\u00e4ntningar p\u00e5 utveckling och d\u00e4r vi sammankopplar teknik och fysioterapi. Att hitta s\u00e4tt att l\u00e4ra hj\u00e4rnan att vinna kontroll \u00f6ver kroppen kr\u00e4ver att man f\u00f6rst\u00e5r vad som \u00e4r problemet och har ett tydligt m\u00e5l av vad man str\u00e4var efter \u2013 detaljerna \u00e4r viktiga. Med detaljerade kunskaper om normal utveckling som \u201dfacit\u201d kan man med kreativitet och kunskap om motorisk inl\u00e4rning utveckla produkter som visar att vi tror p\u00e5 barns m\u00f6jlighet att utvecklas.<\/p>\n<p>[\/et_pb_text][\/et_pb_column][\/et_pb_row][\/et_pb_section][et_pb_section fb_built=&#8221;1&#8243; admin_label=&#8221;Hours&#8221; _builder_version=&#8221;4.21.0&#8243; _module_preset=&#8221;default&#8221; background_enable_color=&#8221;off&#8221; background_image=&#8221;https:\/\/www.learntomove.se\/wp-content\/uploads\/2023\/03\/pattern-banner01.png&#8221; custom_margin=&#8221;-42px|||||&#8221; locked=&#8221;off&#8221; global_colors_info=&#8221;{}&#8221;][et_pb_row use_custom_gutter=&#8221;on&#8221; _builder_version=&#8221;4.21.0&#8243; _module_preset=&#8221;default&#8221; width=&#8221;90%&#8221; max_width=&#8221;1200px&#8221; module_alignment=&#8221;center&#8221; global_colors_info=&#8221;{}&#8221;][et_pb_column type=&#8221;4_4&#8243; _builder_version=&#8221;4.21.0&#8243; _module_preset=&#8221;default&#8221; global_colors_info=&#8221;{}&#8221;][et_pb_text _builder_version=&#8221;4.22.0&#8243; _module_preset=&#8221;default&#8221; header_3_font=&#8221;Caveat Brush||||||||&#8221; header_3_text_align=&#8221;center&#8221; header_3_text_color=&#8221;#322567&#8243; header_3_font_size=&#8221;35px&#8221; max_width=&#8221;600px&#8221; module_alignment=&#8221;center&#8221; custom_margin=&#8221;-6px||-8px||false|false&#8221; custom_margin_phone=&#8221;-10px||-4px||false|false&#8221; header_3_font_size_tablet=&#8221;35px&#8221; header_3_font_size_phone=&#8221;30px&#8221; header_3_font_size_last_edited=&#8221;on|phone&#8221; locked=&#8221;off&#8221; global_colors_info=&#8221;{}&#8221;]<\/p>\n<h3>Att inspirera och inspireras<\/h3>\n<p>[\/et_pb_text][et_pb_text _builder_version=&#8221;4.22.0&#8243; _module_preset=&#8221;default&#8221; header_3_font=&#8221;Mulish|800|||||||&#8221; header_3_text_align=&#8221;center&#8221; header_3_text_color=&#8221;#322567&#8243; header_3_font_size=&#8221;40px&#8221; header_3_line_height=&#8221;1.2em&#8221; max_width=&#8221;1200px&#8221; module_alignment=&#8221;center&#8221; custom_margin=&#8221;15px||15px||false|false&#8221; custom_margin_phone=&#8221;15px||15px||false|false&#8221; hover_enabled=&#8221;0&#8243; header_3_font_size_tablet=&#8221;&#8221; header_3_font_size_phone=&#8221;30px&#8221; header_3_font_size_last_edited=&#8221;on|phone&#8221; locked=&#8221;off&#8221; global_colors_info=&#8221;{}&#8221; sticky_enabled=&#8221;0&#8243;]<\/p>\n<h3>Beh\u00f6ver du r\u00e5dgivning eller innovationshj\u00e4lp?<\/h3>\n<p>[\/et_pb_text][et_pb_button button_url=&#8221;@ET-DC@eyJkeW5hbWljIjp0cnVlLCJjb250ZW50IjoicG9zdF9saW5rX3VybF9wYWdlIiwic2V0dGluZ3MiOnsicG9zdF9pZCI6IjEwMiJ9fQ==@&#8221; button_text=&#8221;Kontakta oss&#8221; button_alignment=&#8221;center&#8221; _builder_version=&#8221;4.22.0&#8243; _dynamic_attributes=&#8221;button_url&#8221; _module_preset=&#8221;default&#8221; custom_button=&#8221;on&#8221; button_text_size=&#8221;16px&#8221; button_text_color=&#8221;#FFFFFF&#8221; button_bg_color=&#8221;#00B094&#8243; button_border_width=&#8221;0px&#8221; button_border_color=&#8221;RGBA(255,255,255,0)&#8221; button_border_radius=&#8221;55px&#8221; button_font=&#8221;Mulish|700|||||||&#8221; button_icon=&#8221;&#x35;||divi||400&#8243; custom_margin=&#8221;0px||0px||false|false&#8221; custom_padding=&#8221;14px|48px|15px|48px|false|false&#8221; hover_enabled=&#8221;0&#8243; locked=&#8221;off&#8221; global_colors_info=&#8221;{}&#8221; button_text_color__hover_enabled=&#8221;on|desktop&#8221; button_text_color__hover=&#8221;#00B094&#8243; button_bg_color__hover_enabled=&#8221;on|hover&#8221; button_bg_color__hover=&#8221;#FFFFFF&#8221; button_bg_enable_color__hover=&#8221;on&#8221; button_border_color__hover_enabled=&#8221;on|desktop&#8221; button_border_color__hover=&#8221;#21CDC0&#8243; button_letter_spacing__hover_enabled=&#8221;on|hover&#8221; button_letter_spacing__hover=&#8221;0px&#8221; sticky_enabled=&#8221;0&#8243;][\/et_pb_button][\/et_pb_column][\/et_pb_row][\/et_pb_section]<\/p>\n","protected":false},"excerpt":{"rendered":"<p>R\u00e5dgivningFr\u00e5n nyf\u00f6dd till ton\u00e5ringAtt skapa milj\u00f6er som m\u00f6ter olika barns behovDet \u00e4r viktigt att kunna f\u00f6rklara varf\u00f6r en produkt \u00e4r utformad som den \u00e4r och f\u00f6r vilka syften. Learn to Move kan hj\u00e4lpa dig f\u00f6rst\u00e5 hur en produkt p\u00e5verkar barns utveckling och hur dess utformning hj\u00e4lper eller stj\u00e4lper det v\u00e4xande barnet. I utformandet av barns [&hellip;]<\/p>\n","protected":false},"author":1,"featured_media":0,"parent":0,"menu_order":0,"comment_status":"closed","ping_status":"closed","template":"","meta":{"_et_pb_use_builder":"on","_et_pb_old_content":"","_et_gb_content_width":"","footnotes":""},"class_list":["post-80305","page","type-page","status-publish","hentry"],"jetpack_sharing_enabled":true,"_links":{"self":[{"href":"https:\/\/www.learntomove.se\/sv\/wp-json\/wp\/v2\/pages\/80305","targetHints":{"allow":["GET"]}}],"collection":[{"href":"https:\/\/www.learntomove.se\/sv\/wp-json\/wp\/v2\/pages"}],"about":[{"href":"https:\/\/www.learntomove.se\/sv\/wp-json\/wp\/v2\/types\/page"}],"author":[{"embeddable":true,"href":"https:\/\/www.learntomove.se\/sv\/wp-json\/wp\/v2\/users\/1"}],"replies":[{"embeddable":true,"href":"https:\/\/www.learntomove.se\/sv\/wp-json\/wp\/v2\/comments?post=80305"}],"version-history":[{"count":17,"href":"https:\/\/www.learntomove.se\/sv\/wp-json\/wp\/v2\/pages\/80305\/revisions"}],"predecessor-version":[{"id":81381,"href":"https:\/\/www.learntomove.se\/sv\/wp-json\/wp\/v2\/pages\/80305\/revisions\/81381"}],"wp:attachment":[{"href":"https:\/\/www.learntomove.se\/sv\/wp-json\/wp\/v2\/media?parent=80305"}],"curies":[{"name":"wp","href":"https:\/\/api.w.org\/{rel}","templated":true}]}}