{"id":79584,"date":"2024-05-29T09:32:07","date_gmt":"2024-05-29T09:32:07","guid":{"rendered":"https:\/\/www.learntomove.se\/student-registration\/"},"modified":"2025-08-24T11:24:23","modified_gmt":"2025-08-24T11:24:23","slug":"student-registration","status":"publish","type":"page","link":"https:\/\/www.learntomove.se\/sv\/student-registration\/","title":{"rendered":"Student Registration Page"},"content":{"rendered":"\n \n\t<div class=\"tutor-disabled-wrapper\">\n\t<div class=\"tutor-disabled-content-wrapper\">\n\t\t\t\t\t<div>\n\t\t\t\t<center>\n\t\t\t\t\t<img decoding=\"async\" src=\"https:\/\/www.learntomove.se\/wp-content\/plugins\/tutor\/assets\/images\/construction.png\" alt=\"disabled\">\n\t\t\t\t<\/center>\n\t\t\t<\/div>\n\t\t\n\t\t<div>\n\t\t\t\t\t\t\t<h3>\n\t\t\t\t\tOj! \u00c5tkomst nekad\t\t\t\t<\/h3>\n\t\t\t\n\t\t\t\t\t\t\t<p>\n\t\t\t\t\tDu har inte tillg\u00e5ng till detta omr\u00e5de av applikationen. Kontakta din systemadministrat\u00f6r.\t\t\t\t<\/p>\n\t\t\t\t\t<\/div>\n\n\t\t<div>\n\t\t\t\t\t\t\t<a href=\"https:\/\/www.learntomove.se\/sv\/\" class=\"tutor-btn\">\n\t\t\t\t\tG\u00e5 till hem\t\t\t\t<\/a>\n\t\t\t\t\t<\/div>\n\t<\/div>\n<\/div>\n","protected":false},"excerpt":{"rendered":"","protected":false},"author":4,"featured_media":0,"parent":0,"menu_order":0,"comment_status":"closed","ping_status":"closed","template":"","meta":{"_et_pb_use_builder":"on","_et_pb_old_content":"","_et_gb_content_width":"1320","footnotes":""},"class_list":["post-79584","page","type-page","status-publish","hentry"],"jetpack_sharing_enabled":true,"_links":{"self":[{"href":"https:\/\/www.learntomove.se\/sv\/wp-json\/wp\/v2\/pages\/79584","targetHints":{"allow":["GET"]}}],"collection":[{"href":"https:\/\/www.learntomove.se\/sv\/wp-json\/wp\/v2\/pages"}],"about":[{"href":"https:\/\/www.learntomove.se\/sv\/wp-json\/wp\/v2\/types\/page"}],"author":[{"embeddable":true,"href":"https:\/\/www.learntomove.se\/sv\/wp-json\/wp\/v2\/users\/4"}],"replies":[{"embeddable":true,"href":"https:\/\/www.learntomove.se\/sv\/wp-json\/wp\/v2\/comments?post=79584"}],"version-history":[{"count":3,"href":"https:\/\/www.learntomove.se\/sv\/wp-json\/wp\/v2\/pages\/79584\/revisions"}],"predecessor-version":[{"id":83054,"href":"https:\/\/www.learntomove.se\/sv\/wp-json\/wp\/v2\/pages\/79584\/revisions\/83054"}],"wp:attachment":[{"href":"https:\/\/www.learntomove.se\/sv\/wp-json\/wp\/v2\/media?parent=79584"}],"curies":[{"name":"wp","href":"https:\/\/api.w.org\/{rel}","templated":true}]}}