{"id":102,"date":"2023-03-03T07:23:06","date_gmt":"2023-03-03T07:23:06","guid":{"rendered":"https:\/\/www.learntomove.se\/?page_id=102"},"modified":"2026-04-14T05:21:05","modified_gmt":"2026-04-14T05:21:05","slug":"kontakt","status":"publish","type":"page","link":"https:\/\/www.learntomove.se\/sv\/kontakt\/","title":{"rendered":"Kontakt"},"content":{"rendered":"<p>[et_pb_section fb_built=&#8221;1&#8243; admin_label=&#8221;Header&#8221; _builder_version=&#8221;4.21.0&#8243; _module_preset=&#8221;default&#8221; background_enable_color=&#8221;off&#8221; custom_margin=&#8221;||-55px|||&#8221; global_colors_info=&#8221;{}&#8221;][et_pb_row column_structure=&#8221;1_2,1_2&#8243; use_custom_gutter=&#8221;on&#8221; gutter_width=&#8221;2&#8243; _builder_version=&#8221;4.21.0&#8243; _module_preset=&#8221;default&#8221; width=&#8221;90%&#8221; max_width=&#8221;1200px&#8221; custom_margin=&#8221;|auto|14px|auto|false|false&#8221; custom_margin_tablet=&#8221;||28px||false|false&#8221; custom_margin_phone=&#8221;||13px||false|false&#8221; custom_margin_last_edited=&#8221;on|phone&#8221; global_colors_info=&#8221;{}&#8221;][et_pb_column type=&#8221;1_2&#8243; _builder_version=&#8221;4.16&#8243; _module_preset=&#8221;default&#8221; global_colors_info=&#8221;{}&#8221;][et_pb_text _builder_version=&#8221;4.22.0&#8243; _module_preset=&#8221;default&#8221; header_3_font=&#8221;Caveat Brush||||||||&#8221; header_3_text_align=&#8221;left&#8221; header_3_text_color=&#8221;#FAA74A&#8221; header_3_font_size=&#8221;35px&#8221; custom_margin=&#8221;0px||7px||false|false&#8221; custom_padding=&#8221;0px||0px||false|false&#8221; locked=&#8221;off&#8221; global_colors_info=&#8221;{}&#8221;]<\/p>\n<h3>Kontakt<\/h3>\n<p>[\/et_pb_text][et_pb_text _builder_version=&#8221;4.20.0&#8243; _module_preset=&#8221;default&#8221; header_font=&#8221;Mulish|800|||||||&#8221; header_text_align=&#8221;left&#8221; header_text_color=&#8221;#FFFFFF&#8221; header_font_size=&#8221;50px&#8221; header_line_height=&#8221;1.2em&#8221; max_width=&#8221;800px&#8221; max_width_tablet=&#8221;490px&#8221; max_width_phone=&#8221;285px&#8221; max_width_last_edited=&#8221;on|phone&#8221; custom_margin=&#8221;0px||23px||false|false&#8221; custom_margin_tablet=&#8221;0px||35px||false|false&#8221; custom_margin_phone=&#8221;0px||15px||false|false&#8221; custom_padding=&#8221;0px||0px||false|false&#8221; header_font_size_tablet=&#8221;62px&#8221; header_font_size_phone=&#8221;35px&#8221; header_font_size_last_edited=&#8221;on|phone&#8221; global_colors_info=&#8221;{}&#8221;]<\/p>\n<h1><span style=\"color: #322567;\">S\u00e4g hej!<\/span><\/h1>\n<p>[\/et_pb_text][et_pb_text _builder_version=&#8221;4.22.0&#8243; _module_preset=&#8221;41d5859c-fbaa-458a-88e4-5d886857f235&#8243; text_text_color=&#8221;#322567&#8243; text_font_size=&#8221;18px&#8221; text_line_height=&#8221;1.6em&#8221; module_alignment=&#8221;left&#8221; custom_margin=&#8221;12px||17px||false|false&#8221; locked=&#8221;off&#8221; global_colors_info=&#8221;{}&#8221;]<\/p>\n<p><span style=\"color: #7b88a8;\">Letar du efter st\u00f6d, r\u00e5dgivning eller utveckling? Oavsett om du \u00e4r privatperson, anst\u00e4lld eller f\u00f6retagare, \u00e4r Learn to Move h\u00e4r f\u00f6r att hj\u00e4lpa dig. V\u00e5rt breda utbud av tj\u00e4nster inkluderar utbildning, f\u00f6rel\u00e4sningar, konsultationer och hj\u00e4lpmedel.\u00a0<\/span><\/p>\n<p><span style=\"color: #7b88a8;\">H\u00e4r kan du l\u00e4sa<\/span> <a href=\"\/om-ltm\">mer om Learn to Move<\/a>.<\/p>\n<p>[\/et_pb_text][et_pb_social_media_follow icon_color=&#8221;#ffffff&#8221; _builder_version=&#8221;4.20.0&#8243; custom_margin=&#8221;24px||||false|false&#8221; border_radii=&#8221;on|1000px|1000px|1000px|1000px&#8221; locked=&#8221;off&#8221; global_colors_info=&#8221;{}&#8221; icon_color__hover_enabled=&#8221;on|desktop&#8221; icon_color__hover=&#8221;#e2e2e2&#8243;][et_pb_social_media_follow_network social_network=&#8221;facebook&#8221; _builder_version=&#8221;4.20.0&#8243; background_color=&#8221;gcid-3c17f7e0-a71e-4120-8add-deaafa41b380&#8243; background_enable_color=&#8221;on&#8221; custom_padding=&#8221;0px|0px|0px|0px|true|true&#8221; global_colors_info=&#8221;{%22gcid-3c17f7e0-a71e-4120-8add-deaafa41b380%22:%91%22background_color%22%93}&#8221; follow_button=&#8221;off&#8221; url_new_window=&#8221;on&#8221;]facebook[\/et_pb_social_media_follow_network][et_pb_social_media_follow_network social_network=&#8221;instagram&#8221; _builder_version=&#8221;4.20.0&#8243; _module_preset=&#8221;default&#8221; background_color=&#8221;gcid-3c17f7e0-a71e-4120-8add-deaafa41b380&#8243; background_enable_color=&#8221;on&#8221; global_colors_info=&#8221;{%22gcid-3c17f7e0-a71e-4120-8add-deaafa41b380%22:%91%22background_color%22%93}&#8221; follow_button=&#8221;off&#8221; url_new_window=&#8221;on&#8221;]instagram[\/et_pb_social_media_follow_network][et_pb_social_media_follow_network social_network=&#8221;youtube&#8221; _builder_version=&#8221;4.20.0&#8243; _module_preset=&#8221;default&#8221; background_color=&#8221;gcid-3c17f7e0-a71e-4120-8add-deaafa41b380&#8243; background_enable_color=&#8221;on&#8221; global_colors_info=&#8221;{%22gcid-3c17f7e0-a71e-4120-8add-deaafa41b380%22:%91%22background_color%22%93}&#8221; follow_button=&#8221;off&#8221; url_new_window=&#8221;on&#8221;]youtube[\/et_pb_social_media_follow_network][\/et_pb_social_media_follow][\/et_pb_column][et_pb_column type=&#8221;1_2&#8243; _builder_version=&#8221;4.21.0&#8243; _module_preset=&#8221;default&#8221; background_color=&#8221;#FFFFFF&#8221; custom_padding=&#8221;40px|30px|40px|30px|true|true&#8221; custom_padding_tablet=&#8221;&#8221; custom_padding_phone=&#8221;|20px||20px|true|true&#8221; custom_padding_last_edited=&#8221;on|phone&#8221; border_radii=&#8221;on|10px|10px|10px|10px&#8221; box_shadow_style=&#8221;preset1&#8243; box_shadow_color=&#8221;rgba(3,86,92,0.1)&#8221; global_colors_info=&#8221;{}&#8221;][et_pb_contact_form captcha=&#8221;off&#8221; email=&#8221;ulrika@learntomove.se&#8221; custom_message=&#8221;Namn||et_pb_line_break_holder||%%namn%%||et_pb_line_break_holder||||et_pb_line_break_holder||Email||et_pb_line_break_holder||%%email%%||et_pb_line_break_holder||||et_pb_line_break_holder||Meddelande||et_pb_line_break_holder||%%meddelande%%||et_pb_line_break_holder||||et_pb_line_break_holder||Sidans namn||et_pb_line_break_holder||%%page_name%%||et_pb_line_break_holder||||et_pb_line_break_holder||Sidans-URL||et_pb_line_break_holder||%%page_url%%&#8221; submit_button_text=&#8221;Skicka&#8221; _builder_version=&#8221;4.27.6&#8243; _module_preset=&#8221;a0e56ac0-56d1-4c55-8d40-c456da01a596&#8243; form_field_background_color=&#8221;#eff1f6&#8243; form_field_text_color=&#8221;#322567&#8243; form_field_focus_background_color=&#8221;#FFFFFF&#8221; form_field_focus_text_color=&#8221;#322567&#8243; form_field_font=&#8221;Mulish||||||||&#8221; custom_button=&#8221;on&#8221; button_text_size=&#8221;16px&#8221; button_text_color=&#8221;#FFFFFF&#8221; button_bg_color=&#8221;#00B094&#8243; button_border_width=&#8221;2px&#8221; button_border_color=&#8221;RGBA(255,255,255,0)&#8221; button_border_radius=&#8221;55px&#8221; button_font=&#8221;Mulish|700|||||||&#8221; button_icon=&#8221;&#x35;||divi||400&#8243; button_custom_margin=&#8221;26px||||false|false&#8221; button_custom_padding=&#8221;8px|50px|8px|50px|true|true&#8221; hover_enabled=&#8221;0&#8243; border_radii=&#8221;on|12px|12px|12px|12px&#8221; locked=&#8221;off&#8221; global_colors_info=&#8221;{}&#8221; button_text_color__hover=&#8221;#00B094&#8243; button_text_color__hover_enabled=&#8221;on|desktop&#8221; button_bg_color__hover=&#8221;#FFFFFF&#8221; button_bg_color__hover_enabled=&#8221;on|desktop&#8221; button_letter_spacing__hover=&#8221;0px&#8221; button_letter_spacing__hover_enabled=&#8221;on|hover&#8221; button_border_color__hover_enabled=&#8221;on|hover&#8221; button_border_color__hover=&#8221;#00B094&#8243; sticky_enabled=&#8221;0&#8243;][et_pb_contact_field field_id=&#8221;Namn&#8221; field_title=&#8221;Namn&#8221; fullwidth_field=&#8221;on&#8221; _builder_version=&#8221;4.21.0&#8243; _module_preset=&#8221;default&#8221; global_colors_info=&#8221;{}&#8221; button_text_size__hover_enabled=&#8221;off&#8221; button_one_text_size__hover_enabled=&#8221;off&#8221; button_two_text_size__hover_enabled=&#8221;off&#8221; button_text_color__hover_enabled=&#8221;off&#8221; button_one_text_color__hover_enabled=&#8221;off&#8221; button_two_text_color__hover_enabled=&#8221;off&#8221; button_border_width__hover_enabled=&#8221;off&#8221; button_one_border_width__hover_enabled=&#8221;off&#8221; button_two_border_width__hover_enabled=&#8221;off&#8221; button_border_color__hover_enabled=&#8221;off&#8221; button_one_border_color__hover_enabled=&#8221;off&#8221; button_two_border_color__hover_enabled=&#8221;off&#8221; button_border_radius__hover_enabled=&#8221;off&#8221; button_one_border_radius__hover_enabled=&#8221;off&#8221; button_two_border_radius__hover_enabled=&#8221;off&#8221; button_letter_spacing__hover_enabled=&#8221;off&#8221; button_one_letter_spacing__hover_enabled=&#8221;off&#8221; button_two_letter_spacing__hover_enabled=&#8221;off&#8221; button_bg_color__hover_enabled=&#8221;off&#8221; button_one_bg_color__hover_enabled=&#8221;off&#8221; button_two_bg_color__hover_enabled=&#8221;off&#8221;][\/et_pb_contact_field][et_pb_contact_field field_id=&#8221;Email&#8221; field_title=&#8221;Email&#8221; field_type=&#8221;email&#8221; fullwidth_field=&#8221;on&#8221; _builder_version=&#8221;4.22.0&#8243; _module_preset=&#8221;default&#8221; global_colors_info=&#8221;{}&#8221; button_text_size__hover_enabled=&#8221;off&#8221; button_one_text_size__hover_enabled=&#8221;off&#8221; button_two_text_size__hover_enabled=&#8221;off&#8221; button_text_color__hover_enabled=&#8221;off&#8221; button_one_text_color__hover_enabled=&#8221;off&#8221; button_two_text_color__hover_enabled=&#8221;off&#8221; button_border_width__hover_enabled=&#8221;off&#8221; button_one_border_width__hover_enabled=&#8221;off&#8221; button_two_border_width__hover_enabled=&#8221;off&#8221; button_border_color__hover_enabled=&#8221;off&#8221; button_one_border_color__hover_enabled=&#8221;off&#8221; button_two_border_color__hover_enabled=&#8221;off&#8221; button_border_radius__hover_enabled=&#8221;off&#8221; button_one_border_radius__hover_enabled=&#8221;off&#8221; button_two_border_radius__hover_enabled=&#8221;off&#8221; button_letter_spacing__hover_enabled=&#8221;off&#8221; button_one_letter_spacing__hover_enabled=&#8221;off&#8221; button_two_letter_spacing__hover_enabled=&#8221;off&#8221; button_bg_color__hover_enabled=&#8221;off&#8221; button_one_bg_color__hover_enabled=&#8221;off&#8221; button_two_bg_color__hover_enabled=&#8221;off&#8221;][\/et_pb_contact_field][et_pb_contact_field field_id=&#8221;Meddelande&#8221; field_title=&#8221;Meddelande&#8221; field_type=&#8221;text&#8221; fullwidth_field=&#8221;on&#8221; _builder_version=&#8221;4.21.0&#8243; _module_preset=&#8221;default&#8221; global_colors_info=&#8221;{}&#8221; button_text_size__hover_enabled=&#8221;off&#8221; button_one_text_size__hover_enabled=&#8221;off&#8221; button_two_text_size__hover_enabled=&#8221;off&#8221; button_text_color__hover_enabled=&#8221;off&#8221; button_one_text_color__hover_enabled=&#8221;off&#8221; button_two_text_color__hover_enabled=&#8221;off&#8221; button_border_width__hover_enabled=&#8221;off&#8221; button_one_border_width__hover_enabled=&#8221;off&#8221; button_two_border_width__hover_enabled=&#8221;off&#8221; button_border_color__hover_enabled=&#8221;off&#8221; button_one_border_color__hover_enabled=&#8221;off&#8221; button_two_border_color__hover_enabled=&#8221;off&#8221; button_border_radius__hover_enabled=&#8221;off&#8221; button_one_border_radius__hover_enabled=&#8221;off&#8221; button_two_border_radius__hover_enabled=&#8221;off&#8221; button_letter_spacing__hover_enabled=&#8221;off&#8221; button_one_letter_spacing__hover_enabled=&#8221;off&#8221; button_two_letter_spacing__hover_enabled=&#8221;off&#8221; button_bg_color__hover_enabled=&#8221;off&#8221; button_one_bg_color__hover_enabled=&#8221;off&#8221; button_two_bg_color__hover_enabled=&#8221;off&#8221;][\/et_pb_contact_field][et_pb_contact_field field_id=&#8221;page_name&#8221; fullwidth_field=&#8221;on&#8221; _builder_version=&#8221;4.22.0&#8243; _module_preset=&#8221;default&#8221; custom_css_main_element=&#8221;display: none !important;&#8221; global_colors_info=&#8221;{}&#8221;][\/et_pb_contact_field][et_pb_contact_field field_id=&#8221;page_url&#8221; fullwidth_field=&#8221;on&#8221; _builder_version=&#8221;4.22.0&#8243; _module_preset=&#8221;default&#8221; custom_css_main_element=&#8221;display: none !important;&#8221; global_colors_info=&#8221;{}&#8221;][\/et_pb_contact_field][\/et_pb_contact_form][\/et_pb_column][\/et_pb_row][et_pb_row column_structure=&#8221;1_3,1_3,1_3&#8243; use_custom_gutter=&#8221;on&#8221; gutter_width=&#8221;2&#8243; make_equal=&#8221;on&#8221; _builder_version=&#8221;4.22.0&#8243; _module_preset=&#8221;default&#8221; width=&#8221;90%&#8221; max_width=&#8221;1200px&#8221; custom_margin=&#8221;||-100px||false|false&#8221; global_colors_info=&#8221;{}&#8221;][et_pb_column type=&#8221;1_3&#8243; _builder_version=&#8221;4.22.0&#8243; _module_preset=&#8221;default&#8221; background_color=&#8221;#e6f7f6&#8243; custom_padding=&#8221;24px|20px|24px|20px|true|true&#8221; border_radii=&#8221;on|10px|10px|10px|10px&#8221; box_shadow_style=&#8221;preset1&#8243; box_shadow_color=&#8221;rgba(3,86,92,0.11)&#8221; global_colors_info=&#8221;{}&#8221;][et_pb_blurb title=&#8221;Email&#8221; icon_placement=&#8221;left&#8221; image_icon_width=&#8221;80px&#8221; content_max_width=&#8221;100%&#8221; _builder_version=&#8221;4.22.0&#8243; _module_preset=&#8221;79535ac0-1492-4af9-aede-063513b7358b&#8221; header_font=&#8221;Mulish|800|||||||&#8221; header_text_color=&#8221;#322567&#8243; header_font_size=&#8221;22px&#8221; header_line_height=&#8221;1.2em&#8221; body_font=&#8221;Mulish||||||||&#8221; body_text_color=&#8221;#322567&#8243; body_font_size=&#8221;18px&#8221; body_link_text_color=&#8221;#0F393B&#8221; animation=&#8221;off&#8221; image_max_width=&#8221;80px&#8221; global_colors_info=&#8221;{}&#8221;]<\/p>\n<p>hello@learntomove.se<\/p>\n<p>[\/et_pb_blurb][\/et_pb_column][et_pb_column type=&#8221;1_3&#8243; _builder_version=&#8221;4.21.0&#8243; _module_preset=&#8221;default&#8221; background_color=&#8221;#FFFFFF&#8221; custom_padding=&#8221;24px|20px|24px|20px|true|true&#8221; border_radii=&#8221;on|10px|10px|10px|10px&#8221; box_shadow_style=&#8221;preset1&#8243; box_shadow_color=&#8221;rgba(3,86,92,0.11)&#8221; global_colors_info=&#8221;{}&#8221;][et_pb_blurb title=&#8221;Telefon&#8221; icon_placement=&#8221;left&#8221; image_icon_width=&#8221;80px&#8221; content_max_width=&#8221;100%&#8221; _builder_version=&#8221;4.22.0&#8243; _module_preset=&#8221;79535ac0-1492-4af9-aede-063513b7358b&#8221; header_font=&#8221;Mulish|800|||||||&#8221; header_text_color=&#8221;#322567&#8243; header_font_size=&#8221;22px&#8221; header_line_height=&#8221;1.2em&#8221; body_font=&#8221;Mulish||||||||&#8221; body_text_color=&#8221;#322567&#8243; body_font_size=&#8221;18px&#8221; body_link_text_color=&#8221;#0F393B&#8221; animation=&#8221;off&#8221; image_max_width=&#8221;80px&#8221; locked=&#8221;off&#8221; global_colors_info=&#8221;{}&#8221;]<\/p>\n<p>+46 73-526 48 88<\/p>\n<p>[\/et_pb_blurb][\/et_pb_column][et_pb_column type=&#8221;1_3&#8243; _builder_version=&#8221;4.22.0&#8243; _module_preset=&#8221;default&#8221; background_color=&#8221;#fff5e7&#8243; custom_padding=&#8221;24px|20px|24px|20px|true|true&#8221; border_radii=&#8221;on|10px|10px|10px|10px&#8221; box_shadow_style=&#8221;preset1&#8243; box_shadow_color=&#8221;rgba(3,86,92,0.11)&#8221; global_colors_info=&#8221;{}&#8221;][et_pb_blurb title=&#8221;Adress&#8221; icon_placement=&#8221;left&#8221; image_icon_width=&#8221;80px&#8221; content_max_width=&#8221;100%&#8221; _builder_version=&#8221;4.22.0&#8243; _module_preset=&#8221;79535ac0-1492-4af9-aede-063513b7358b&#8221; header_font=&#8221;Mulish|800|||||||&#8221; header_text_color=&#8221;#322567&#8243; header_font_size=&#8221;22px&#8221; header_line_height=&#8221;1.2em&#8221; body_font=&#8221;Mulish||||||||&#8221; body_text_color=&#8221;#322567&#8243; body_font_size=&#8221;18px&#8221; body_link_text_color=&#8221;#0F393B&#8221; animation=&#8221;off&#8221; image_max_width=&#8221;80px&#8221; locked=&#8221;off&#8221; global_colors_info=&#8221;{}&#8221;]<\/p>\n<p>Pokalv\u00e4gen 5<br \/>117 40 Stockholm, Sweden<\/p>\n<p>[\/et_pb_blurb][\/et_pb_column][\/et_pb_row][\/et_pb_section][et_pb_section fb_built=&#8221;1&#8243; admin_label=&#8221;Hours&#8221; _builder_version=&#8221;4.21.0&#8243; _module_preset=&#8221;default&#8221; background_enable_color=&#8221;off&#8221; background_image=&#8221;https:\/\/www.learntomove.se\/wp-content\/uploads\/2023\/03\/pattern-banner01.png&#8221; custom_margin=&#8221;1px|||||&#8221; locked=&#8221;off&#8221; global_colors_info=&#8221;{}&#8221;][et_pb_row use_custom_gutter=&#8221;on&#8221; _builder_version=&#8221;4.21.0&#8243; _module_preset=&#8221;default&#8221; width=&#8221;90%&#8221; max_width=&#8221;1200px&#8221; module_alignment=&#8221;center&#8221; custom_padding=&#8221;89px|||||&#8221; global_colors_info=&#8221;{}&#8221;][et_pb_column type=&#8221;4_4&#8243; _builder_version=&#8221;4.21.0&#8243; _module_preset=&#8221;default&#8221; global_colors_info=&#8221;{}&#8221;][et_pb_text _builder_version=&#8221;4.22.0&#8243; _module_preset=&#8221;default&#8221; header_3_font=&#8221;Caveat Brush||||||||&#8221; header_3_text_align=&#8221;center&#8221; header_3_text_color=&#8221;#322567&#8243; header_3_font_size=&#8221;35px&#8221; max_width=&#8221;600px&#8221; module_alignment=&#8221;center&#8221; custom_margin=&#8221;-6px||-8px||false|false&#8221; custom_margin_phone=&#8221;-10px||-4px||false|false&#8221; header_3_font_size_tablet=&#8221;35px&#8221; header_3_font_size_phone=&#8221;30px&#8221; header_3_font_size_last_edited=&#8221;on|phone&#8221; locked=&#8221;off&#8221; global_colors_info=&#8221;{}&#8221;]<\/p>\n<h3>Har du funderingar g\u00e4llande webbshopen?<\/h3>\n<p>[\/et_pb_text][et_pb_text _builder_version=&#8221;4.22.0&#8243; _module_preset=&#8221;default&#8221; header_3_font=&#8221;Mulish|800|||||||&#8221; header_3_text_align=&#8221;center&#8221; header_3_text_color=&#8221;#322567&#8243; header_3_font_size=&#8221;40px&#8221; header_3_line_height=&#8221;1.2em&#8221; max_width=&#8221;1200px&#8221; module_alignment=&#8221;center&#8221; custom_margin=&#8221;15px||15px||false|false&#8221; custom_margin_tablet=&#8221;15px||15px||false|false&#8221; custom_margin_phone=&#8221;15px||15px||false|false&#8221; custom_margin_last_edited=&#8221;on|desktop&#8221; custom_padding=&#8221;||||false|false&#8221; header_3_font_size_tablet=&#8221;&#8221; header_3_font_size_phone=&#8221;30px&#8221; header_3_font_size_last_edited=&#8221;on|phone&#8221; locked=&#8221;off&#8221; global_colors_info=&#8221;{}&#8221;]<\/p>\n<h3>H\u00e4r kan du l\u00e4sa v\u00e5ra <a href=\"\/kopvillkor\"><span style=\"color: #00b094;\">k\u00f6pvillkor<\/span><\/a>.<\/h3>\n<p>[\/et_pb_text][\/et_pb_column][\/et_pb_row][\/et_pb_section]<\/p>\n","protected":false},"excerpt":{"rendered":"<p>KontaktS\u00e4g hej!Letar du efter st\u00f6d, r\u00e5dgivning eller utveckling? Oavsett om du \u00e4r privatperson, anst\u00e4lld eller f\u00f6retagare, \u00e4r Learn to Move h\u00e4r f\u00f6r att hj\u00e4lpa dig. V\u00e5rt breda utbud av tj\u00e4nster inkluderar utbildning, f\u00f6rel\u00e4sningar, konsultationer och hj\u00e4lpmedel.\u00a0 H\u00e4r kan du l\u00e4sa mer om Learn to Move.hello@learntomove.se+46 73-526 48 88Pokalv\u00e4gen 5117 40 Stockholm, SwedenHar du funderingar g\u00e4llande [&hellip;]<\/p>\n","protected":false},"author":1,"featured_media":0,"parent":0,"menu_order":0,"comment_status":"closed","ping_status":"closed","template":"","meta":{"_et_pb_use_builder":"on","_et_pb_old_content":"","_et_gb_content_width":"","footnotes":""},"class_list":["post-102","page","type-page","status-publish","hentry"],"jetpack_sharing_enabled":true,"_links":{"self":[{"href":"https:\/\/www.learntomove.se\/sv\/wp-json\/wp\/v2\/pages\/102","targetHints":{"allow":["GET"]}}],"collection":[{"href":"https:\/\/www.learntomove.se\/sv\/wp-json\/wp\/v2\/pages"}],"about":[{"href":"https:\/\/www.learntomove.se\/sv\/wp-json\/wp\/v2\/types\/page"}],"author":[{"embeddable":true,"href":"https:\/\/www.learntomove.se\/sv\/wp-json\/wp\/v2\/users\/1"}],"replies":[{"embeddable":true,"href":"https:\/\/www.learntomove.se\/sv\/wp-json\/wp\/v2\/comments?post=102"}],"version-history":[{"count":19,"href":"https:\/\/www.learntomove.se\/sv\/wp-json\/wp\/v2\/pages\/102\/revisions"}],"predecessor-version":[{"id":83399,"href":"https:\/\/www.learntomove.se\/sv\/wp-json\/wp\/v2\/pages\/102\/revisions\/83399"}],"wp:attachment":[{"href":"https:\/\/www.learntomove.se\/sv\/wp-json\/wp\/v2\/media?parent=102"}],"curies":[{"name":"wp","href":"https:\/\/api.w.org\/{rel}","templated":true}]}}