{"id":83221,"date":"2025-08-31T18:46:14","date_gmt":"2025-08-31T18:46:14","guid":{"rendered":"https:\/\/www.learntomove.se\/utbildning\/motorisk-utveckling-for-barnhalsovarden\/"},"modified":"2025-11-26T10:53:01","modified_gmt":"2025-11-26T10:53:01","slug":"motorisk-utveckling-for-barnhalsovarden","status":"publish","type":"page","link":"https:\/\/www.learntomove.se\/en\/utbildning\/motorisk-utveckling-for-barnhalsovarden\/","title":{"rendered":"Motor Development for Child healthcare (digital)"},"content":{"rendered":"<p>[et_pb_section fb_built=&#8221;1&#8243; custom_padding_last_edited=&#8221;on|phone&#8221; admin_label=&#8221;Header&#8221; _builder_version=&#8221;4.22.0&#8243; _module_preset=&#8221;default&#8221; background_color=&#8221;#00B094&#8243; background_enable_image=&#8221;off&#8221; background_position=&#8221;top_center&#8221; height=&#8221;385px&#8221; height_tablet=&#8221;385px&#8221; height_phone=&#8221;210px&#8221; height_last_edited=&#8221;on|phone&#8221; custom_margin=&#8221;||-1px||false|false&#8221; custom_margin_tablet=&#8221;||-1px||false|false&#8221; custom_margin_phone=&#8221;||-1px||false|false&#8221; custom_margin_last_edited=&#8221;on|phone&#8221; custom_padding=&#8221;26px||||false|false&#8221; custom_padding_tablet=&#8221;106px||22vw||false|false&#8221; custom_padding_phone=&#8221;48px||||false|false&#8221; bottom_divider_style=&#8221;wave&#8221; bottom_divider_color=&#8221;#FFFFFF&#8221; bottom_divider_height=&#8221;6vw&#8221; bottom_divider_flip=&#8221;horizontal&#8221; bottom_divider_height_tablet=&#8221;6vw&#8221; bottom_divider_height_phone=&#8221;6vw&#8221; bottom_divider_height_last_edited=&#8221;on|phone&#8221; locked=&#8221;off&#8221; collapsed=&#8221;on&#8221; global_colors_info=&#8221;{}&#8221;][et_pb_row use_custom_gutter=&#8221;on&#8221; make_equal=&#8221;on&#8221; _builder_version=&#8221;4.21.0&#8243; _module_preset=&#8221;default&#8221; z_index=&#8221;10&#8243; width=&#8221;90%&#8221; max_width=&#8221;1200px&#8221; module_alignment=&#8221;center&#8221; custom_padding=&#8221;0px||3px||false|false&#8221; global_colors_info=&#8221;{}&#8221;][et_pb_column type=&#8221;4_4&#8243; _builder_version=&#8221;4.17.1&#8243; _module_preset=&#8221;default&#8221; global_colors_info=&#8221;{}&#8221;][et_pb_text _builder_version=&#8221;4.25.0&#8243; _module_preset=&#8221;default&#8221; text_font=&#8221;Caveat Brush||||||||&#8221; text_text_color=&#8221;#FFFFFF&#8221; text_font_size=&#8221;40px&#8221; link_font=&#8221;Mulish||||||||&#8221; link_text_align=&#8221;center&#8221; link_text_color=&#8221;#FFFFFF&#8221; header_text_align=&#8221;center&#8221; text_orientation=&#8221;center&#8221; module_alignment=&#8221;center&#8221; text_font_size_tablet=&#8221;32px&#8221; text_font_size_phone=&#8221;26px&#8221; text_font_size_last_edited=&#8221;on|tablet&#8221; global_colors_info=&#8221;{}&#8221;]<\/p>\n<p>Lectures<\/p>\n<p>[\/et_pb_text][et_pb_text _builder_version=&#8221;4.25.0&#8243; _dynamic_attributes=&#8221;content&#8221; _module_preset=&#8221;default&#8221; header_font=&#8221;Mulish|800|||||||&#8221; header_text_align=&#8221;center&#8221; header_text_color=&#8221;#FFFFFF&#8221; header_font_size=&#8221;48px&#8221; header_line_height=&#8221;1.1em&#8221; max_width=&#8221;1200px&#8221; module_alignment=&#8221;center&#8221; custom_margin=&#8221;||30px||false|false&#8221; custom_margin_tablet=&#8221;-10px||-4px||false|false&#8221; header_font_size_tablet=&#8221;40px&#8221; header_font_size_phone=&#8221;24px&#8221; header_font_size_last_edited=&#8221;on|desktop&#8221; global_colors_info=&#8221;{}&#8221;]@ET-DC@eyJkeW5hbWljIjp0cnVlLCJjb250ZW50IjoicG9zdF90aXRsZSIsInNldHRpbmdzIjp7ImJlZm9yZSI6IjxoMT4iLCJhZnRlciI6IjwvaDE+IiwiZW5hYmxlX2h0bWwiOiJvZmYifX0=@[\/et_pb_text][\/et_pb_column][\/et_pb_row][\/et_pb_section][et_pb_section fb_built=&#8221;1&#8243; admin_label=&#8221;Header&#8221; _builder_version=&#8221;4.25.0&#8243; _module_preset=&#8221;default&#8221; background_enable_color=&#8221;off&#8221; background_image=&#8221;https:\/\/www.learntomove.se\/wp-content\/uploads\/2023\/05\/saas-landing-16-yr-2.png&#8221; background_size=&#8221;initial&#8221; background_position=&#8221;bottom_center&#8221; custom_margin=&#8221;||125px|||&#8221; custom_margin_tablet=&#8221;||40px|||&#8221; custom_margin_phone=&#8221;||70px||false|false&#8221; custom_margin_last_edited=&#8221;on|phone&#8221; global_colors_info=&#8221;{}&#8221;][et_pb_row use_custom_gutter=&#8221;on&#8221; gutter_width=&#8221;2&#8243; _builder_version=&#8221;4.25.0&#8243; _module_preset=&#8221;default&#8221; max_width=&#8221;820px&#8221; custom_padding=&#8221;3px||50px|||&#8221; global_colors_info=&#8221;{}&#8221;][et_pb_column type=&#8221;4_4&#8243; _builder_version=&#8221;4.16&#8243; _module_preset=&#8221;default&#8221; global_colors_info=&#8221;{}&#8221;][et_pb_image src=&#8221;https:\/\/www.learntomove.se\/wp-content\/uploads\/2025\/08\/bhv-kurs-digital.jpg&#8221; title_text=&#8221;bhv-kurs-digital&#8221; _builder_version=&#8221;4.25.0&#8243; _module_preset=&#8221;default&#8221; max_width=&#8221;80%&#8221; max_width_tablet=&#8221;50%&#8221; max_width_phone=&#8221;100%&#8221; max_width_last_edited=&#8221;on|phone&#8221; custom_margin=&#8221;||50px|||&#8221; border_radii=&#8221;on|20px|20px|20px|20px&#8221; global_colors_info=&#8221;{}&#8221;][\/et_pb_image][et_pb_text _builder_version=&#8221;4.25.0&#8243; _module_preset=&#8221;df96b77a-cd4f-44a8-a771-2d6347592b53&#8243; header_2_font=&#8221;Mulish|800|||||||&#8221; header_2_text_align=&#8221;left&#8221; header_2_text_color=&#8221;#322567&#8243; header_2_font_size=&#8221;30px&#8221; header_2_line_height=&#8221;1.2em&#8221; custom_margin=&#8221;-2px||||false|false&#8221; header_2_font_size_tablet=&#8221;40px&#8221; header_2_font_size_phone=&#8221;30px&#8221; header_2_font_size_last_edited=&#8221;on|phone&#8221; locked=&#8221;off&#8221; global_colors_info=&#8221;{}&#8221;]<\/p>\n<h2>Course description.<\/h2>\n<p>[\/et_pb_text][et_pb_text _builder_version=&#8221;4.25.0&#8243; _module_preset=&#8221;5ff55506-da7d-4dd7-b409-9d62c7203201&#8243; text_text_color=&#8221;#7b88a8&#8243; text_line_height=&#8221;1.6em&#8221; header_3_text_color=&#8221;#7b88a8&#8243; header_3_font_size=&#8221;18px&#8221; header_3_line_height=&#8221;1.5em&#8221; max_width=&#8221;820px&#8221; module_alignment=&#8221;left&#8221; custom_margin=&#8221;12px||24px||false|false&#8221; custom_margin_phone=&#8221;-10px||27px||false|false&#8221; custom_padding=&#8221;||0px|||&#8221; text_font_size_tablet=&#8221;18px&#8221; text_font_size_phone=&#8221;15px&#8221; text_font_size_last_edited=&#8221;on|phone&#8221; text_line_height_phone=&#8221;1.5em&#8221; header_3_font_size_tablet=&#8221;18px&#8221; header_3_font_size_phone=&#8221;18px&#8221; header_3_font_size_last_edited=&#8221;on|desktop&#8221; header_3_line_height_tablet=&#8221;1.5em&#8221; header_3_line_height_phone=&#8221;1.4em&#8221; header_3_line_height_last_edited=&#8221;on|desktop&#8221; locked=&#8221;off&#8221; global_colors_info=&#8221;{}&#8221;]<\/p>\n<h3>Location: Digital education<\/h3>\n<h3>Number of days: 1 day, November 24:th 2025 or February 6:th 2026<\/h3>\n<h3>Cost: 2400 SEK + VAT<\/h3>\n<h3>Target group: Pediatricians, wellbaby nurses others working in pediatric healthcare<\/h3>\n<h3>Course instructor: Ulrika Myhr, registered physical therapist, pediatric specialist.<\/h3>\n<p>[\/et_pb_text][et_pb_text _builder_version=&#8221;4.25.0&#8243; _module_preset=&#8221;5ff55506-da7d-4dd7-b409-9d62c7203201&#8243; text_text_color=&#8221;#7b88a8&#8243; text_line_height=&#8221;1.6em&#8221; header_3_text_color=&#8221;#7b88a8&#8243; header_3_font_size=&#8221;18px&#8221; header_3_line_height=&#8221;1.5em&#8221; max_width=&#8221;820px&#8221; module_alignment=&#8221;left&#8221; custom_margin=&#8221;12px||24px||false|false&#8221; custom_margin_phone=&#8221;-10px||27px||false|false&#8221; custom_padding=&#8221;||0px|||&#8221; text_font_size_tablet=&#8221;18px&#8221; text_font_size_phone=&#8221;15px&#8221; text_font_size_last_edited=&#8221;on|phone&#8221; text_line_height_phone=&#8221;1.5em&#8221; header_3_font_size_tablet=&#8221;18px&#8221; header_3_font_size_phone=&#8221;18px&#8221; header_3_font_size_last_edited=&#8221;on|desktop&#8221; header_3_line_height_tablet=&#8221;1.5em&#8221; header_3_line_height_phone=&#8221;1.4em&#8221; header_3_line_height_last_edited=&#8221;on|desktop&#8221; locked=&#8221;off&#8221; global_colors_info=&#8221;{}&#8221;]<\/p>\n<p>Sj\u00e4lvklart! H\u00e4r \u00e4r en naturlig och korrekt \u00f6vers\u00e4ttning till engelska:<br \/>We address new findings in motor development and how motor skills influence attention and cognition. You will learn how factors in the child\u2019s body, the tasks to be performed, and the design of the environment interact in the child\u2019s development, and also how products can either support or hinder that development.  Today, inactivity is present from the newborn period, and understanding and preventing its consequences are important. The training provides you with tools to support parents in raising active children with a strong physical self-esteem.<\/p>\n<p>[\/et_pb_text][et_pb_text _builder_version=&#8221;4.25.0&#8243; _module_preset=&#8221;df96b77a-cd4f-44a8-a771-2d6347592b53&#8243; header_text_color=&#8221;#000000&#8243; header_2_font=&#8221;Mulish|800|||||||&#8221; header_2_font_size=&#8221;21px&#8221; header_2_line_height=&#8221;1.2em&#8221; header_3_font=&#8221;Mulish|800|||||||&#8221; header_3_text_align=&#8221;left&#8221; header_3_text_color=&#8221;gcid-3c17f7e0-a71e-4120-8add-deaafa41b380&#8243; header_3_font_size=&#8221;23px&#8221; custom_margin=&#8221;0px||6px||false|false&#8221; custom_margin_phone=&#8221;-10px||10px||false|false&#8221; custom_padding=&#8221;0px||0px||false|false&#8221; header_2_font_size_tablet=&#8221;25px&#8221; header_2_font_size_phone=&#8221;25px&#8221; header_2_font_size_last_edited=&#8221;on|phone&#8221; locked=&#8221;off&#8221; global_colors_info=&#8221;{%22gcid-3c17f7e0-a71e-4120-8add-deaafa41b380%22:%91%22header_3_text_color%22,%22header_3_text_color%22%93}&#8221;]<\/p>\n<h2>Program:<\/h2>\n<p>[\/et_pb_text][et_pb_text _builder_version=&#8221;4.25.0&#8243; _module_preset=&#8221;5ff55506-da7d-4dd7-b409-9d62c7203201&#8243; text_text_color=&#8221;#7b88a8&#8243; text_line_height=&#8221;1.6em&#8221; header_3_text_color=&#8221;#7b88a8&#8243; header_3_font_size=&#8221;18px&#8221; header_3_line_height=&#8221;1.5em&#8221; max_width=&#8221;820px&#8221; module_alignment=&#8221;left&#8221; custom_margin=&#8221;12px||24px||false|false&#8221; custom_margin_phone=&#8221;-10px||27px||false|false&#8221; custom_padding=&#8221;||0px|||&#8221; text_font_size_tablet=&#8221;18px&#8221; text_font_size_phone=&#8221;15px&#8221; text_font_size_last_edited=&#8221;on|phone&#8221; text_line_height_phone=&#8221;1.5em&#8221; header_3_font_size_tablet=&#8221;18px&#8221; header_3_font_size_phone=&#8221;18px&#8221; header_3_font_size_last_edited=&#8221;on|desktop&#8221; header_3_line_height_tablet=&#8221;1.5em&#8221; header_3_line_height_phone=&#8221;1.4em&#8221; header_3_line_height_last_edited=&#8221;on|desktop&#8221; locked=&#8221;off&#8221; global_colors_info=&#8221;{}&#8221;]<\/p>\n<ul>\n<li>Introduction to Motor Development \u2013 automatic or not? Trends and new challenges during the first year of life.<\/li>\n<li>Asymmetrical head shapes and preferred side, causes, interventions, and long-term effects.<\/li>\n<li>Children&#8217;s products, baby walkers, strollers, Bumbo seats \u2013 do they help or hinder?<\/li>\n<li>Lunch<\/li>\n<li>How to support children with delayed and clumsy motor development \u2013 physical self-esteem and its impact on participation in play and activities<\/li>\n<li>Foot and leg positions, toe walkers.<\/li>\n<li>The environment&#8217;s impact on children&#8217;s development.<\/li>\n<\/ul>\n<p>[\/et_pb_text][et_pb_text _builder_version=&#8221;4.25.0&#8243; _module_preset=&#8221;5ff55506-da7d-4dd7-b409-9d62c7203201&#8243; text_text_color=&#8221;#7b88a8&#8243; text_line_height=&#8221;1.6em&#8221; header_3_text_color=&#8221;#7b88a8&#8243; header_3_font_size=&#8221;18px&#8221; header_3_line_height=&#8221;1.5em&#8221; max_width=&#8221;820px&#8221; module_alignment=&#8221;left&#8221; custom_margin=&#8221;12px||24px||false|false&#8221; custom_margin_phone=&#8221;-10px||27px||false|false&#8221; custom_padding=&#8221;||0px|||&#8221; link_option_url_new_window=&#8221;on&#8221; text_font_size_tablet=&#8221;18px&#8221; text_font_size_phone=&#8221;15px&#8221; text_font_size_last_edited=&#8221;on|phone&#8221; text_line_height_phone=&#8221;1.5em&#8221; header_3_font_size_tablet=&#8221;18px&#8221; header_3_font_size_phone=&#8221;18px&#8221; header_3_font_size_last_edited=&#8221;on|desktop&#8221; header_3_line_height_tablet=&#8221;1.5em&#8221; header_3_line_height_phone=&#8221;1.4em&#8221; header_3_line_height_last_edited=&#8221;on|desktop&#8221; locked=&#8221;off&#8221; global_colors_info=&#8221;{}&#8221;]<\/p>\n<p>Here you can see <strong><a href=\"https:\/\/www.learntomove.se\/wp-content\/uploads\/2025\/08\/Inbjudan-BHV-digital.pdf\" target=\"_blank\" rel=\"noopener\">invitation &amp; program<\/a><\/strong>.<\/p>\n<p>[\/et_pb_text][et_pb_button button_url=&#8221;@ET-DC@eyJkeW5hbWljIjp0cnVlLCJjb250ZW50IjoicG9zdF9saW5rX3VybF9wYWdlIiwic2V0dGluZ3MiOnsicG9zdF9pZCI6IjgzMDg5IiwiZW5hYmxlX2h0bWwiOiJvZmYifX0=@&#8221; button_text=&#8221;Registration for the course.&#8221; button_alignment=&#8221;left&#8221; _builder_version=&#8221;4.25.0&#8243; _dynamic_attributes=&#8221;button_url&#8221; _module_preset=&#8221;default&#8221; custom_button=&#8221;on&#8221; button_text_size=&#8221;16px&#8221; button_text_color=&#8221;#FFFFFF&#8221; button_bg_color=&#8221;#00B094&#8243; button_border_width=&#8221;2px&#8221; button_border_color=&#8221;RGBA(255,255,255,0)&#8221; button_border_radius=&#8221;55px&#8221; button_font=&#8221;Mulish|700|||||||&#8221; button_icon=&#8221;&#x35;||divi||400&#8243; custom_margin=&#8221;0px||4px||false|false&#8221; custom_margin_tablet=&#8221;0px||4px||false|false&#8221; custom_margin_phone=&#8221;0px||46px||false|false&#8221; custom_margin_last_edited=&#8221;on|phone&#8221; custom_padding=&#8221;15px|35px|15px|35px|false|false&#8221; custom_padding_tablet=&#8221;15px|35px|15px|35px|false|false&#8221; custom_padding_phone=&#8221;15px|35px|15px|35px|false|false&#8221; custom_padding_last_edited=&#8221;on|phone&#8221; hover_enabled=&#8221;0&#8243; locked=&#8221;off&#8221; global_colors_info=&#8221;{}&#8221; button_bg_color__hover_enabled=&#8221;on|desktop&#8221; button_bg_color__hover=&#8221;#FFFFFF&#8221; button_bg_enable_color__hover=&#8221;on&#8221; button_text_color__hover_enabled=&#8221;on|hover&#8221; button_text_color__hover=&#8221;#00B094&#8243; button_letter_spacing__hover_enabled=&#8221;on|hover&#8221; button_letter_spacing__hover=&#8221;0px&#8221; button_border_color__hover_enabled=&#8221;on|hover&#8221; button_border_color__hover=&#8221;#00B094&#8243; sticky_enabled=&#8221;0&#8243;][\/et_pb_button][et_pb_text _builder_version=&#8221;4.25.0&#8243; _module_preset=&#8221;df96b77a-cd4f-44a8-a771-2d6347592b53&#8243; header_text_color=&#8221;#000000&#8243; header_2_font=&#8221;Mulish|800|||||||&#8221; header_2_font_size=&#8221;21px&#8221; header_2_line_height=&#8221;1.2em&#8221; header_3_font=&#8221;Mulish|800|||||||&#8221; header_3_text_align=&#8221;left&#8221; header_3_text_color=&#8221;gcid-3c17f7e0-a71e-4120-8add-deaafa41b380&#8243; header_3_font_size=&#8221;23px&#8221; custom_margin=&#8221;45px||6px||false|false&#8221; custom_margin_phone=&#8221;-10px||10px||false|false&#8221; custom_padding=&#8221;0px||0px||false|false&#8221; header_2_font_size_tablet=&#8221;25px&#8221; header_2_font_size_phone=&#8221;25px&#8221; header_2_font_size_last_edited=&#8221;on|phone&#8221; locked=&#8221;off&#8221; global_colors_info=&#8221;{%22gcid-3c17f7e0-a71e-4120-8add-deaafa41b380%22:%91%22header_3_text_color%22,%22header_3_text_color%22%93}&#8221;]<\/p>\n<h2>Questions?<\/h2>\n<p>[\/et_pb_text][et_pb_text _builder_version=&#8221;4.25.0&#8243; _module_preset=&#8221;5ff55506-da7d-4dd7-b409-9d62c7203201&#8243; text_text_color=&#8221;#7b88a8&#8243; text_line_height=&#8221;1.6em&#8221; header_3_text_color=&#8221;#7b88a8&#8243; header_3_font_size=&#8221;18px&#8221; header_3_line_height=&#8221;1.5em&#8221; max_width=&#8221;820px&#8221; module_alignment=&#8221;left&#8221; custom_margin=&#8221;12px||24px||false|false&#8221; custom_margin_phone=&#8221;-10px||27px||false|false&#8221; custom_padding=&#8221;||0px|||&#8221; link_option_url_new_window=&#8221;on&#8221; text_font_size_tablet=&#8221;18px&#8221; text_font_size_phone=&#8221;15px&#8221; text_font_size_last_edited=&#8221;on|phone&#8221; text_line_height_phone=&#8221;1.5em&#8221; header_3_font_size_tablet=&#8221;18px&#8221; header_3_font_size_phone=&#8221;18px&#8221; header_3_font_size_last_edited=&#8221;on|desktop&#8221; header_3_line_height_tablet=&#8221;1.5em&#8221; header_3_line_height_phone=&#8221;1.4em&#8221; header_3_line_height_last_edited=&#8221;on|desktop&#8221; locked=&#8221;off&#8221; global_colors_info=&#8221;{}&#8221;]<\/p>\n<p>Ulrika Myhr<br \/>+46 (0)73-526 48 88<br \/>ulrika@learntomove.se<\/p>\n<p>[\/et_pb_text][et_pb_button button_url=&#8221;@ET-DC@eyJkeW5hbWljIjp0cnVlLCJjb250ZW50IjoicG9zdF9saW5rX3VybF9wYWdlIiwic2V0dGluZ3MiOnsicG9zdF9pZCI6IjgwMjg2IiwiZW5hYmxlX2h0bWwiOiJvZmYifX0=@&#8221; button_text=&#8221;Back to education&#8221; button_alignment=&#8221;left&#8221; button_alignment_tablet=&#8221;left&#8221; button_alignment_phone=&#8221;center&#8221; button_alignment_last_edited=&#8221;on|phone&#8221; _builder_version=&#8221;4.25.0&#8243; _dynamic_attributes=&#8221;button_url&#8221; _module_preset=&#8221;default&#8221; custom_button=&#8221;on&#8221; button_text_size=&#8221;16px&#8221; button_text_color=&#8221;#00B094&#8243; button_bg_color=&#8221;RGBA(255,255,255,0)&#8221; button_border_width=&#8221;0px&#8221; button_border_color=&#8221;RGBA(255,255,255,0)&#8221; button_border_radius=&#8221;100px&#8221; button_letter_spacing=&#8221;0px&#8221; button_font=&#8221;Mulish|700|||||||&#8221; button_icon=&#8221;&#x23;||divi||400&#8243; button_icon_color=&#8221;#00B094&#8243; button_icon_placement=&#8221;left&#8221; button_on_hover=&#8221;off&#8221; custom_margin=&#8221;80px||-8px|-35px|false|false&#8221; custom_margin_tablet=&#8221;-4px||-8px|-35px|false|false&#8221; custom_margin_phone=&#8221;46px||-8px|0px|false|false&#8221; custom_margin_last_edited=&#8221;on|phone&#8221; custom_padding=&#8221;|||0px|false|false&#8221; locked=&#8221;off&#8221; global_colors_info=&#8221;{}&#8221; button_text_color__hover_enabled=&#8221;on|desktop&#8221; button_text_color__hover=&#8221;#21cdc0&#8243; button_icon_color__hover_enabled=&#8221;on|hover&#8221; button_icon_color__hover=&#8221;#21cdc0&#8243;][\/et_pb_button][\/et_pb_column][\/et_pb_row][\/et_pb_section]<\/p>\n","protected":false},"excerpt":{"rendered":"<p>LecturesCourse description.Location: Digital education Number of days: 1 day, November 24:th 2025 or February 6:th 2026 Cost: 2400 SEK + VAT Target group: Pediatricians, wellbaby nurses others working in pediatric healthcare Course instructor: Ulrika Myhr, registered physical therapist, pediatric specialist.Sj\u00e4lvklart! H\u00e4r \u00e4r en naturlig och korrekt \u00f6vers\u00e4ttning till engelska:We address new findings in motor development [&hellip;]<\/p>\n","protected":false},"author":1,"featured_media":0,"parent":82140,"menu_order":0,"comment_status":"closed","ping_status":"closed","template":"","meta":{"_et_pb_use_builder":"on","_et_pb_old_content":"","_et_gb_content_width":"","footnotes":""},"class_list":["post-83221","page","type-page","status-publish","hentry"],"jetpack_sharing_enabled":true,"_links":{"self":[{"href":"https:\/\/www.learntomove.se\/en\/wp-json\/wp\/v2\/pages\/83221","targetHints":{"allow":["GET"]}}],"collection":[{"href":"https:\/\/www.learntomove.se\/en\/wp-json\/wp\/v2\/pages"}],"about":[{"href":"https:\/\/www.learntomove.se\/en\/wp-json\/wp\/v2\/types\/page"}],"author":[{"embeddable":true,"href":"https:\/\/www.learntomove.se\/en\/wp-json\/wp\/v2\/users\/1"}],"replies":[{"embeddable":true,"href":"https:\/\/www.learntomove.se\/en\/wp-json\/wp\/v2\/comments?post=83221"}],"version-history":[{"count":2,"href":"https:\/\/www.learntomove.se\/en\/wp-json\/wp\/v2\/pages\/83221\/revisions"}],"predecessor-version":[{"id":83223,"href":"https:\/\/www.learntomove.se\/en\/wp-json\/wp\/v2\/pages\/83221\/revisions\/83223"}],"up":[{"embeddable":true,"href":"https:\/\/www.learntomove.se\/en\/wp-json\/wp\/v2\/pages\/82140"}],"wp:attachment":[{"href":"https:\/\/www.learntomove.se\/en\/wp-json\/wp\/v2\/media?parent=83221"}],"curies":[{"name":"wp","href":"https:\/\/api.w.org\/{rel}","templated":true}]}}